{"id":1337,"date":"2018-09-04T18:57:03","date_gmt":"2018-09-04T16:57:03","guid":{"rendered":"https:\/\/evaproves.beringserveis.eu\/llibres-unics\/"},"modified":"2020-08-23T07:16:35","modified_gmt":"2020-08-23T05:16:35","slug":"libros-unicos","status":"publish","type":"page","link":"https:\/\/evablanestaller.com\/es\/que-ofrezco\/libros-unicos\/","title":{"rendered":"Libros \u00danicos"},"content":{"rendered":"<p>[fusion_builder_container hundred_percent=\u00bbno\u00bb hundred_percent_height=\u00bbno\u00bb hundred_percent_height_scroll=\u00bbno\u00bb hundred_percent_height_center_content=\u00bbyes\u00bb equal_height_columns=\u00bbno\u00bb menu_anchor=\u00bb\u00bb hide_on_mobile=\u00bbsmall-visibility,medium-visibility,large-visibility\u00bb class=\u00bb\u00bb id=\u00bb\u00bb background_color=\u00bb\u00bb background_image=\u00bb\u00bb background_position=\u00bbcenter center\u00bb background_repeat=\u00bbno-repeat\u00bb fade=\u00bbno\u00bb background_parallax=\u00bbnone\u00bb enable_mobile=\u00bbno\u00bb parallax_speed=\u00bb0.3&#8243; video_mp4=\u00bb\u00bb video_webm=\u00bb\u00bb video_ogv=\u00bb\u00bb video_url=\u00bb\u00bb video_aspect_ratio=\u00bb16:9&#8243; video_loop=\u00bbyes\u00bb video_mute=\u00bbyes\u00bb video_preview_image=\u00bb\u00bb border_color=\u00bb\u00bb border_style=\u00bbsolid\u00bb margin_top=\u00bb\u00bb margin_bottom=\u00bb\u00bb padding_top=\u00bb\u00bb padding_right=\u00bb\u00bb padding_bottom=\u00bb\u00bb padding_left=\u00bb\u00bb type=\u00bblegacy\u00bb][fusion_builder_row][fusion_builder_column type=\u00bb1_1&#8243; layout=\u00bb1_1&#8243; spacing=\u00bb\u00bb center_content=\u00bbno\u00bb link=\u00bb\u00bb target=\u00bb_self\u00bb min_height=\u00bb\u00bb hide_on_mobile=\u00bbsmall-visibility,medium-visibility,large-visibility\u00bb class=\u00bb\u00bb id=\u00bb\u00bb background_color=\u00bb\u00bb background_image=\u00bb\u00bb background_position=\u00bbleft top\u00bb undefined=\u00bb\u00bb background_repeat=\u00bbno-repeat\u00bb hover_type=\u00bbnone\u00bb border_color=\u00bb\u00bb border_style=\u00bbsolid\u00bb border_position=\u00bball\u00bb padding_top=\u00bb\u00bb padding_right=\u00bb10%\u00bb padding_bottom=\u00bb\u00bb padding_left=\u00bb10%\u00bb margin_top=\u00bb\u00bb margin_bottom=\u00bb\u00bb animation_type=\u00bb\u00bb animation_direction=\u00bbleft\u00bb animation_speed=\u00bb0.3&#8243; animation_offset=\u00bb\u00bb last=\u00bbtrue\u00bb border_sizes_top=\u00bb0&#8243; border_sizes_bottom=\u00bb0&#8243; border_sizes_left=\u00bb0&#8243; border_sizes_right=\u00bb0&#8243; first=\u00bbtrue\u00bb type=\u00bb1_1&#8243;][fusion_title title_type=\u00bbtext\u00bb rotation_effect=\u00bbbounceIn\u00bb display_time=\u00bb1200&#8243; highlight_effect=\u00bbcircle\u00bb loop_animation=\u00bboff\u00bb highlight_width=\u00bb9&#8243; highlight_top_margin=\u00bb0&#8243; before_text=\u00bb\u00bb rotation_text=\u00bb\u00bb highlight_text=\u00bb\u00bb after_text=\u00bb\u00bb hide_on_mobile=\u00bbsmall-visibility,medium-visibility,large-visibility\u00bb sticky_display=\u00bbnormal,sticky\u00bb class=\u00bb\u00bb id=\u00bb\u00bb content_align_medium=\u00bb\u00bb content_align_small=\u00bb\u00bb content_align=\u00bbcenter\u00bb size=\u00bb1&#8243; font_size=\u00bb\u00bb animated_font_size=\u00bb\u00bb fusion_font_family_title_font=\u00bb\u00bb fusion_font_variant_title_font=\u00bb\u00bb line_height=\u00bb\u00bb letter_spacing=\u00bb\u00bb margin_top_medium=\u00bb\u00bb margin_bottom_medium=\u00bb\u00bb margin_top_small=\u00bb\u00bb margin_bottom_small=\u00bb\u00bb margin_top=\u00bb\u00bb margin_bottom=\u00bb\u00bb margin_top_mobile=\u00bb\u00bb margin_bottom_mobile=\u00bb\u00bb text_color=\u00bb\u00bb animated_text_color=\u00bb\u00bb highlight_color=\u00bb\u00bb style_type=\u00bbdefault\u00bb sep_color=\u00bb\u00bb animation_type=\u00bb\u00bb animation_direction=\u00bbleft\u00bb animation_speed=\u00bb0.3&#8243; animation_offset=\u00bb\u00bb]Libros \u00danicos[\/fusion_title][fusion_text columns=\u00bb\u00bb column_min_width=\u00bb\u00bb column_spacing=\u00bb\u00bb rule_style=\u00bbdefault\u00bb rule_size=\u00bb\u00bb rule_color=\u00bb\u00bb content_alignment_medium=\u00bb\u00bb content_alignment_small=\u00bb\u00bb content_alignment=\u00bb\u00bb hide_on_mobile=\u00bbsmall-visibility,medium-visibility,large-visibility\u00bb sticky_display=\u00bbnormal,sticky\u00bb class=\u00bb\u00bb id=\u00bb\u00bb font_size=\u00bb\u00bb fusion_font_family_text_font=\u00bb\u00bb fusion_font_variant_text_font=\u00bb\u00bb line_height=\u00bb\u00bb letter_spacing=\u00bb\u00bb text_color=\u00bb\u00bb animation_type=\u00bb\u00bb animation_direction=\u00bbleft\u00bb animation_speed=\u00bb0.3&#8243; animation_offset=\u00bb\u00bb]<\/p>\n<p>Un libro \u00fanico es una semilla que germina en tu mente, en tu imaginaci\u00f3n, un brote que crece, florece y, finalmente, da fruto. Puede inspirarse en una idea sencilla o en un proyecto m\u00e1s complejo.<\/p>\n<p>Si tienes textos familiares o \u00edntimos, documentos gr\u00e1ficos, ilustraciones, fotograf\u00edas de un viaje especial, una propuesta art\u00edstica o cualquier otro material apreciado y te lo has imaginado en forma de libro; si se acerca una celebraci\u00f3n o un evento importante y quieres sorprender con un regalo emotivo y hecho a medida, cu\u00e9ntame tu proyecto, peque\u00f1o o grande, y lo haremos realidad.<\/p>\n<p>[\/fusion_text][\/fusion_builder_column][\/fusion_builder_row][\/fusion_builder_container][fusion_builder_container hundred_percent=\u00bbno\u00bb hundred_percent_height=\u00bbno\u00bb hundred_percent_height_scroll=\u00bbno\u00bb hundred_percent_height_center_content=\u00bbyes\u00bb equal_height_columns=\u00bbno\u00bb menu_anchor=\u00bb\u00bb hide_on_mobile=\u00bbsmall-visibility,medium-visibility,large-visibility\u00bb class=\u00bb\u00bb id=\u00bb\u00bb background_color=\u00bb\u00bb background_image=\u00bb\u00bb background_position=\u00bbcenter center\u00bb background_repeat=\u00bbno-repeat\u00bb fade=\u00bbno\u00bb background_parallax=\u00bbnone\u00bb enable_mobile=\u00bbno\u00bb parallax_speed=\u00bb0.3&#8243; video_mp4=\u00bb\u00bb video_webm=\u00bb\u00bb video_ogv=\u00bb\u00bb video_url=\u00bb\u00bb video_aspect_ratio=\u00bb16:9&#8243; video_loop=\u00bbyes\u00bb video_mute=\u00bbyes\u00bb video_preview_image=\u00bb\u00bb border_color=\u00bb\u00bb border_style=\u00bbsolid\u00bb margin_top=\u00bb\u00bb margin_bottom=\u00bb\u00bb padding_top=\u00bb\u00bb padding_right=\u00bb0&#8243; padding_bottom=\u00bb\u00bb padding_left=\u00bb0&#8243; type=\u00bblegacy\u00bb][fusion_builder_row][fusion_builder_column type=\u00bb1_1&#8243; layout=\u00bb1_1&#8243; spacing=\u00bb\u00bb center_content=\u00bbno\u00bb link=\u00bb\u00bb target=\u00bb_self\u00bb min_height=\u00bb\u00bb hide_on_mobile=\u00bbsmall-visibility,medium-visibility,large-visibility\u00bb class=\u00bb\u00bb id=\u00bb\u00bb background_color=\u00bb\u00bb background_image=\u00bb\u00bb background_position=\u00bbleft top\u00bb background_repeat=\u00bbno-repeat\u00bb hover_type=\u00bbnone\u00bb border_color=\u00bb\u00bb border_style=\u00bbsolid\u00bb border_position=\u00bball\u00bb padding_top=\u00bb\u00bb padding_right=\u00bb\u00bb padding_bottom=\u00bb\u00bb padding_left=\u00bb\u00bb margin_top=\u00bb\u00bb margin_bottom=\u00bb\u00bb animation_type=\u00bb\u00bb animation_direction=\u00bbleft\u00bb animation_speed=\u00bb0.3&#8243; animation_offset=\u00bb\u00bb last=\u00bbtrue\u00bb border_sizes_top=\u00bb0&#8243; border_sizes_bottom=\u00bb0&#8243; border_sizes_left=\u00bb0&#8243; border_sizes_right=\u00bb0&#8243; first=\u00bbtrue\u00bb type=\u00bb1_1&#8243;][fusion_portfolio layout=\u00bbgrid\u00bb picture_size=\u00bbdefault\u00bb text_layout=\u00bbno_text\u00bb grid_box_color=\u00bb\u00bb grid_element_color=\u00bb\u00bb grid_separator_style_type=\u00bb\u00bb grid_separator_color=\u00bb\u00bb columns=\u00bb2&#8243; column_spacing=\u00bb\u00bb portfolio_masonry_grid_ratio=\u00bb\u00bb portfolio_masonry_width_double=\u00bb\u00bb one_column_text_position=\u00bbbelow\u00bb equal_heights=\u00bbno\u00bb number_posts=\u00bb\u00bb portfolio_title_display=\u00bball\u00bb portfolio_text_alignment=\u00bbdefault\u00bb padding_top=\u00bb\u00bb padding_right=\u00bb\u00bb padding_bottom=\u00bb\u00bb padding_left=\u00bb\u00bb filters=\u00bbno\u00bb pull_by=\u00bbcategory\u00bb cat_slug=\u00bb\u00bb exclude_cats=\u00bbedicions-a-mida,enquadernacio,projectes,restauracio\u00bb tag_slug=\u00bb\u00bb exclude_tags=\u00bb\u00bb pagination_type=\u00bbnone\u00bb hide_url_params=\u00bboff\u00bb offset=\u00bb0&#8243; orderby=\u00bbdate\u00bb order=\u00bbDESC\u00bb content_length=\u00bbexcerpt\u00bb excerpt_length=\u00bb\u00bb strip_html=\u00bbyes\u00bb carousel_layout=\u00bbtitle_on_rollover\u00bb scroll_items=\u00bb\u00bb autoplay=\u00bbno\u00bb show_nav=\u00bbyes\u00bb mouse_scroll=\u00bbno\u00bb hide_on_mobile=\u00bbsmall-visibility,medium-visibility,large-visibility\u00bb class=\u00bb\u00bb id=\u00bb\u00bb animation_type=\u00bb\u00bb animation_direction=\u00bbleft\u00bb animation_speed=\u00bb0.3&#8243; animation_offset=\u00bb\u00bb \/][\/fusion_builder_column][\/fusion_builder_row][\/fusion_builder_container]<\/p>\n","protected":false},"excerpt":{"rendered":"<p>[fusion_builder_container hundred_percent=\u00bbno\u00bb hundred_percent_height=\u00bbno\u00bb hundred_percent_height_scroll=\u00bbno\u00bb hundred_percent_height_center_content=\u00bbyes\u00bb equal_height_columns=\u00bbno\u00bb menu_anchor=\u00bb\u00bb hide_on_mobile=\u00bbsmall-visibility,medium-visibility,large-visibility\u00bb class=\u00bb\u00bb id=\u00bb\u00bb  [&#8230;]<\/p>\n","protected":false},"author":3,"featured_media":0,"parent":1441,"menu_order":0,"comment_status":"closed","ping_status":"closed","template":"","meta":{"footnotes":""},"class_list":["post-1337","page","type-page","status-publish","hentry"],"yoast_head":"<!-- This site is optimized with the Yoast SEO plugin v27.5 - https:\/\/yoast.com\/product\/yoast-seo-wordpress\/ -->\n<title>Libros \u00danicos - Eva Blanes Taller<\/title>\n<meta name=\"robots\" content=\"index, follow, max-snippet:-1, max-image-preview:large, max-video-preview:-1\" \/>\n<link rel=\"canonical\" href=\"https:\/\/evablanestaller.com\/es\/que-ofrezco\/libros-unicos\/\" \/>\n<meta property=\"og:locale\" content=\"es_ES\" \/>\n<meta property=\"og:type\" content=\"article\" \/>\n<meta property=\"og:title\" content=\"Libros \u00danicos - Eva Blanes Taller\" \/>\n<meta property=\"og:description\" content=\"[fusion_builder_container hundred_percent=\u00bbno\u00bb hundred_percent_height=\u00bbno\u00bb hundred_percent_height_scroll=\u00bbno\u00bb hundred_percent_height_center_content=\u00bbyes\u00bb equal_height_columns=\u00bbno\u00bb menu_anchor=\u00bb\u00bb hide_on_mobile=\u00bbsmall-visibility,medium-visibility,large-visibility\u00bb class=\u00bb\u00bb id=\u00bb\u00bb [...]\" \/>\n<meta property=\"og:url\" content=\"https:\/\/evablanestaller.com\/es\/que-ofrezco\/libros-unicos\/\" \/>\n<meta property=\"og:site_name\" content=\"Eva Blanes Taller\" \/>\n<meta property=\"article:modified_time\" content=\"2020-08-23T05:16:35+00:00\" \/>\n<meta name=\"twitter:card\" content=\"summary_large_image\" \/>\n<meta name=\"twitter:label1\" content=\"Tiempo de lectura\" \/>\n\t<meta name=\"twitter:data1\" content=\"4 minutos\" \/>\n<script type=\"application\/ld+json\" class=\"yoast-schema-graph\">{\"@context\":\"https:\\\/\\\/schema.org\",\"@graph\":[{\"@type\":\"WebPage\",\"@id\":\"https:\\\/\\\/evablanestaller.com\\\/es\\\/que-ofrezco\\\/libros-unicos\\\/\",\"url\":\"https:\\\/\\\/evablanestaller.com\\\/es\\\/que-ofrezco\\\/libros-unicos\\\/\",\"name\":\"Libros \u00danicos - Eva Blanes Taller\",\"isPartOf\":{\"@id\":\"https:\\\/\\\/evablanestaller.com\\\/es\\\/#website\"},\"datePublished\":\"2018-09-04T16:57:03+00:00\",\"dateModified\":\"2020-08-23T05:16:35+00:00\",\"breadcrumb\":{\"@id\":\"https:\\\/\\\/evablanestaller.com\\\/es\\\/que-ofrezco\\\/libros-unicos\\\/#breadcrumb\"},\"inLanguage\":\"es\",\"potentialAction\":[{\"@type\":\"ReadAction\",\"target\":[\"https:\\\/\\\/evablanestaller.com\\\/es\\\/que-ofrezco\\\/libros-unicos\\\/\"]}]},{\"@type\":\"BreadcrumbList\",\"@id\":\"https:\\\/\\\/evablanestaller.com\\\/es\\\/que-ofrezco\\\/libros-unicos\\\/#breadcrumb\",\"itemListElement\":[{\"@type\":\"ListItem\",\"position\":1,\"name\":\"Inici\",\"item\":\"https:\\\/\\\/evablanestaller.com\\\/es\\\/\"},{\"@type\":\"ListItem\",\"position\":2,\"name\":\"\u00bfQu\u00e9 ofrezco?\",\"item\":\"https:\\\/\\\/evablanestaller.com\\\/es\\\/que-ofereixo\\\/\"},{\"@type\":\"ListItem\",\"position\":3,\"name\":\"Libros \u00danicos\"}]},{\"@type\":\"WebSite\",\"@id\":\"https:\\\/\\\/evablanestaller.com\\\/es\\\/#website\",\"url\":\"https:\\\/\\\/evablanestaller.com\\\/es\\\/\",\"name\":\"Eva Blanes Taller\",\"description\":\"\",\"potentialAction\":[{\"@type\":\"SearchAction\",\"target\":{\"@type\":\"EntryPoint\",\"urlTemplate\":\"https:\\\/\\\/evablanestaller.com\\\/es\\\/?s={search_term_string}\"},\"query-input\":{\"@type\":\"PropertyValueSpecification\",\"valueRequired\":true,\"valueName\":\"search_term_string\"}}],\"inLanguage\":\"es\"}]}<\/script>\n<!-- \/ Yoast SEO plugin. -->","yoast_head_json":{"title":"Libros \u00danicos - Eva Blanes Taller","robots":{"index":"index","follow":"follow","max-snippet":"max-snippet:-1","max-image-preview":"max-image-preview:large","max-video-preview":"max-video-preview:-1"},"canonical":"https:\/\/evablanestaller.com\/es\/que-ofrezco\/libros-unicos\/","og_locale":"es_ES","og_type":"article","og_title":"Libros \u00danicos - Eva Blanes Taller","og_description":"[fusion_builder_container hundred_percent=\u00bbno\u00bb hundred_percent_height=\u00bbno\u00bb hundred_percent_height_scroll=\u00bbno\u00bb hundred_percent_height_center_content=\u00bbyes\u00bb equal_height_columns=\u00bbno\u00bb menu_anchor=\u00bb\u00bb hide_on_mobile=\u00bbsmall-visibility,medium-visibility,large-visibility\u00bb class=\u00bb\u00bb id=\u00bb\u00bb [...]","og_url":"https:\/\/evablanestaller.com\/es\/que-ofrezco\/libros-unicos\/","og_site_name":"Eva Blanes Taller","article_modified_time":"2020-08-23T05:16:35+00:00","twitter_card":"summary_large_image","twitter_misc":{"Tiempo de lectura":"4 minutos"},"schema":{"@context":"https:\/\/schema.org","@graph":[{"@type":"WebPage","@id":"https:\/\/evablanestaller.com\/es\/que-ofrezco\/libros-unicos\/","url":"https:\/\/evablanestaller.com\/es\/que-ofrezco\/libros-unicos\/","name":"Libros \u00danicos - Eva Blanes Taller","isPartOf":{"@id":"https:\/\/evablanestaller.com\/es\/#website"},"datePublished":"2018-09-04T16:57:03+00:00","dateModified":"2020-08-23T05:16:35+00:00","breadcrumb":{"@id":"https:\/\/evablanestaller.com\/es\/que-ofrezco\/libros-unicos\/#breadcrumb"},"inLanguage":"es","potentialAction":[{"@type":"ReadAction","target":["https:\/\/evablanestaller.com\/es\/que-ofrezco\/libros-unicos\/"]}]},{"@type":"BreadcrumbList","@id":"https:\/\/evablanestaller.com\/es\/que-ofrezco\/libros-unicos\/#breadcrumb","itemListElement":[{"@type":"ListItem","position":1,"name":"Inici","item":"https:\/\/evablanestaller.com\/es\/"},{"@type":"ListItem","position":2,"name":"\u00bfQu\u00e9 ofrezco?","item":"https:\/\/evablanestaller.com\/es\/que-ofereixo\/"},{"@type":"ListItem","position":3,"name":"Libros \u00danicos"}]},{"@type":"WebSite","@id":"https:\/\/evablanestaller.com\/es\/#website","url":"https:\/\/evablanestaller.com\/es\/","name":"Eva Blanes Taller","description":"","potentialAction":[{"@type":"SearchAction","target":{"@type":"EntryPoint","urlTemplate":"https:\/\/evablanestaller.com\/es\/?s={search_term_string}"},"query-input":{"@type":"PropertyValueSpecification","valueRequired":true,"valueName":"search_term_string"}}],"inLanguage":"es"}]}},"_links":{"self":[{"href":"https:\/\/evablanestaller.com\/es\/wp-json\/wp\/v2\/pages\/1337","targetHints":{"allow":["GET"]}}],"collection":[{"href":"https:\/\/evablanestaller.com\/es\/wp-json\/wp\/v2\/pages"}],"about":[{"href":"https:\/\/evablanestaller.com\/es\/wp-json\/wp\/v2\/types\/page"}],"author":[{"embeddable":true,"href":"https:\/\/evablanestaller.com\/es\/wp-json\/wp\/v2\/users\/3"}],"replies":[{"embeddable":true,"href":"https:\/\/evablanestaller.com\/es\/wp-json\/wp\/v2\/comments?post=1337"}],"version-history":[{"count":5,"href":"https:\/\/evablanestaller.com\/es\/wp-json\/wp\/v2\/pages\/1337\/revisions"}],"predecessor-version":[{"id":2000,"href":"https:\/\/evablanestaller.com\/es\/wp-json\/wp\/v2\/pages\/1337\/revisions\/2000"}],"up":[{"embeddable":true,"href":"https:\/\/evablanestaller.com\/es\/wp-json\/wp\/v2\/pages\/1441"}],"wp:attachment":[{"href":"https:\/\/evablanestaller.com\/es\/wp-json\/wp\/v2\/media?parent=1337"}],"curies":[{"name":"wp","href":"https:\/\/api.w.org\/{rel}","templated":true}]}}