{"id":1386,"date":"2018-09-04T18:57:38","date_gmt":"2018-09-04T16:57:38","guid":{"rendered":"https:\/\/evaproves.beringserveis.eu\/llibres-personalitzats\/"},"modified":"2021-06-02T16:04:23","modified_gmt":"2021-06-02T14:04:23","slug":"libros-personalizados","status":"publish","type":"page","link":"https:\/\/evablanestaller.com\/es\/que-ofrezco\/libros-personalizados\/","title":{"rendered":"Libros Personalizados"},"content":{"rendered":"<p>[fusion_builder_container hundred_percent=\u00bbno\u00bb hundred_percent_height=\u00bbno\u00bb hundred_percent_height_scroll=\u00bbno\u00bb hundred_percent_height_center_content=\u00bbyes\u00bb equal_height_columns=\u00bbno\u00bb menu_anchor=\u00bb\u00bb hide_on_mobile=\u00bbsmall-visibility,medium-visibility,large-visibility\u00bb class=\u00bb\u00bb id=\u00bb\u00bb background_color=\u00bb\u00bb background_image=\u00bb\u00bb background_position=\u00bbcenter center\u00bb background_repeat=\u00bbno-repeat\u00bb fade=\u00bbno\u00bb background_parallax=\u00bbnone\u00bb enable_mobile=\u00bbno\u00bb parallax_speed=\u00bb0.3&#8243; video_mp4=\u00bb\u00bb video_webm=\u00bb\u00bb video_ogv=\u00bb\u00bb video_url=\u00bb\u00bb video_aspect_ratio=\u00bb16:9&#8243; video_loop=\u00bbyes\u00bb video_mute=\u00bbyes\u00bb video_preview_image=\u00bb\u00bb border_color=\u00bb\u00bb border_style=\u00bbsolid\u00bb margin_top=\u00bb\u00bb margin_bottom=\u00bb\u00bb padding_top=\u00bb\u00bb padding_right=\u00bb\u00bb padding_bottom=\u00bb\u00bb padding_left=\u00bb\u00bb type=\u00bblegacy\u00bb][fusion_builder_row][fusion_builder_column type=\u00bb1_1&#8243; layout=\u00bb1_1&#8243; spacing=\u00bb\u00bb center_content=\u00bbno\u00bb link=\u00bb\u00bb target=\u00bb_self\u00bb min_height=\u00bb\u00bb hide_on_mobile=\u00bbsmall-visibility,medium-visibility,large-visibility\u00bb class=\u00bb\u00bb id=\u00bb\u00bb background_color=\u00bb\u00bb background_image=\u00bb\u00bb background_position=\u00bbleft top\u00bb undefined=\u00bb\u00bb background_repeat=\u00bbno-repeat\u00bb hover_type=\u00bbnone\u00bb border_color=\u00bb\u00bb border_style=\u00bbsolid\u00bb border_position=\u00bball\u00bb padding_top=\u00bb\u00bb padding_right=\u00bb10%\u00bb padding_bottom=\u00bb\u00bb padding_left=\u00bb10%\u00bb margin_top=\u00bb\u00bb margin_bottom=\u00bb\u00bb animation_type=\u00bb\u00bb animation_direction=\u00bbleft\u00bb animation_speed=\u00bb0.3&#8243; animation_offset=\u00bb\u00bb last=\u00bbtrue\u00bb border_sizes_top=\u00bb0&#8243; border_sizes_bottom=\u00bb0&#8243; border_sizes_left=\u00bb0&#8243; border_sizes_right=\u00bb0&#8243; first=\u00bbtrue\u00bb][fusion_title title_type=\u00bbtext\u00bb rotation_effect=\u00bbbounceIn\u00bb display_time=\u00bb1200&#8243; highlight_effect=\u00bbcircle\u00bb loop_animation=\u00bboff\u00bb highlight_width=\u00bb9&#8243; highlight_top_margin=\u00bb0&#8243; before_text=\u00bb\u00bb rotation_text=\u00bb\u00bb highlight_text=\u00bb\u00bb after_text=\u00bb\u00bb hide_on_mobile=\u00bbsmall-visibility,medium-visibility,large-visibility\u00bb sticky_display=\u00bbnormal,sticky\u00bb class=\u00bb\u00bb id=\u00bb\u00bb content_align_medium=\u00bb\u00bb content_align_small=\u00bb\u00bb content_align=\u00bbcenter\u00bb size=\u00bb1&#8243; font_size=\u00bb\u00bb animated_font_size=\u00bb\u00bb fusion_font_family_title_font=\u00bb\u00bb fusion_font_variant_title_font=\u00bb\u00bb line_height=\u00bb\u00bb letter_spacing=\u00bb\u00bb text_shadow=\u00bbno\u00bb text_shadow_vertical=\u00bb\u00bb text_shadow_horizontal=\u00bb\u00bb text_shadow_blur=\u00bb0&#8243; text_shadow_color=\u00bb\u00bb margin_top_medium=\u00bb\u00bb margin_bottom_medium=\u00bb\u00bb margin_top_small=\u00bb\u00bb margin_bottom_small=\u00bb\u00bb margin_top=\u00bb\u00bb margin_bottom=\u00bb\u00bb margin_top_mobile=\u00bb\u00bb margin_bottom_mobile=\u00bb\u00bb text_color=\u00bb\u00bb animated_text_color=\u00bb\u00bb highlight_color=\u00bb\u00bb style_type=\u00bbdefault\u00bb sep_color=\u00bb\u00bb animation_type=\u00bb\u00bb animation_direction=\u00bbleft\u00bb animation_speed=\u00bb0.3&#8243; animation_offset=\u00bb\u00bb]<\/p>\n<p><span style=\"font-size: 18pt;\">Libros Personalizados: \u00a0<span style=\"color: #ff6600;\">LAS MEJORES RECETAS<\/span><\/span><\/p>\n<p>[\/fusion_title][fusion_text columns=\u00bb\u00bb column_min_width=\u00bb\u00bb column_spacing=\u00bb\u00bb rule_style=\u00bbdefault\u00bb rule_size=\u00bb\u00bb rule_color=\u00bb\u00bb content_alignment_medium=\u00bb\u00bb content_alignment_small=\u00bb\u00bb content_alignment=\u00bb\u00bb hide_on_mobile=\u00bbsmall-visibility,medium-visibility,large-visibility\u00bb sticky_display=\u00bbnormal,sticky\u00bb class=\u00bb\u00bb id=\u00bb\u00bb font_size=\u00bb\u00bb fusion_font_family_text_font=\u00bb\u00bb fusion_font_variant_text_font=\u00bb\u00bb line_height=\u00bb\u00bb letter_spacing=\u00bb\u00bb text_color=\u00bb\u00bb animation_type=\u00bb\u00bb animation_direction=\u00bbleft\u00bb animation_speed=\u00bb0.3&#8243; animation_offset=\u00bb\u00bb]<\/p>\n<p><strong>El libro personalizado<\/strong> es una pieza tem\u00e1tica pensada para necesidades espec\u00edficas concretas con una planteamiento de formato y de dise\u00f1o establecido, en la que t\u00fa aportas el contenido. Las mejores recetas es la primera propuesta:<\/p>\n<p><span style=\"font-size: 14pt; color: #ff6600;\">Las mejores recetas<\/span> es un proyecto creado para poder conservar y disfrutar las recetas del patrimonio culinario propio o familiar. Se trata de una pieza de factura artesanal y dise\u00f1o exclusivo donde podr\u00e1s tenerlas editadas en forma de libro. Una producci\u00f3n limitada pensada para ofrecer un regalo especial a un precio asequible.<\/p>\n<p>Encuadernado a mano en tapa dura, con un material sedoso al tacto, e impreso en papel ecol\u00f3gico de 120 g, consta de una recopilaci\u00f3n de recetas personalizadas e ilustradas con grabados de estilo vintage, un \u00edndice o una dedicatoria y un ap\u00e9ndice en forma de cuaderno para que puedas anotar m\u00e1s recetas.<\/p>\n<p>Las reservas se pueden hacer a partir de cinco recetas y un ejemplar. Escribe tus recetas en un documento de Word o de OpenOffice con unas instrucciones sencillas que encontrar\u00e1s en este PDF adjunto. Consulta la tabla de precios y para cualquier duda o sugerencia que tengas puedes escribirme al mail <a href=\"mailto:taller@evablanestaller.com\"><strong>taller@evablanestaller.com<\/strong><\/a>.\u00a0T\u00fa aportas las recetas con las que quieres hacer el libro. Hazte un homenaje especial! Sorprende a tus amigos y familiares con un regalo \u00fanico!<\/p>\n<p>[\/fusion_text][fusion_separator style_type=\u00bbnone\u00bb hide_on_mobile=\u00bbsmall-visibility,medium-visibility,large-visibility\u00bb class=\u00bb\u00bb id=\u00bb\u00bb sep_color=\u00bb\u00bb top_margin=\u00bb10px\u00bb bottom_margin=\u00bb10px\u00bb border_size=\u00bb\u00bb icon=\u00bb\u00bb icon_size=\u00bb\u00bb icon_circle=\u00bb\u00bb icon_circle_color=\u00bb\u00bb width=\u00bb\u00bb alignment=\u00bbcenter\u00bb \/][fusion_button link=\u00bbhttps:\/\/evablanestaller.com\/wp-content\/uploads\/2020\/09\/Las-Mejores-Recetas.pdf\u00bb text_transform=\u00bb\u00bb title=\u00bb\u00bb target=\u00bb_blank\u00bb link_attributes=\u00bb\u00bb alignment_medium=\u00bb\u00bb alignment_small=\u00bb\u00bb alignment=\u00bb\u00bb modal=\u00bb\u00bb hide_on_mobile=\u00bbsmall-visibility,medium-visibility,large-visibility\u00bb sticky_display=\u00bbnormal,sticky\u00bb class=\u00bb\u00bb id=\u00bb\u00bb color=\u00bbdefault\u00bb button_gradient_top_color=\u00bb\u00bb button_gradient_bottom_color=\u00bb\u00bb button_gradient_top_color_hover=\u00bb\u00bb button_gradient_bottom_color_hover=\u00bb\u00bb accent_color=\u00bb\u00bb accent_hover_color=\u00bb\u00bb type=\u00bb\u00bb bevel_color=\u00bb\u00bb border_width=\u00bb\u00bb border_radius=\u00bb\u00bb border_color=\u00bb\u00bb border_hover_color=\u00bb\u00bb size=\u00bbmedium\u00bb stretch=\u00bbdefault\u00bb margin_top=\u00bb\u00bb margin_right=\u00bb\u00bb margin_bottom=\u00bb\u00bb margin_left=\u00bb\u00bb icon=\u00bb\u00bb icon_position=\u00bbleft\u00bb icon_divider=\u00bbno\u00bb animation_type=\u00bb\u00bb animation_direction=\u00bbleft\u00bb animation_speed=\u00bb0.3&#8243; animation_offset=\u00bb\u00bb]Descargar PDF[\/fusion_button][fusion_separator style_type=\u00bbnone\u00bb hide_on_mobile=\u00bbsmall-visibility,medium-visibility,large-visibility\u00bb class=\u00bb\u00bb id=\u00bb\u00bb sep_color=\u00bb\u00bb top_margin=\u00bb10px\u00bb bottom_margin=\u00bb10px\u00bb border_size=\u00bb\u00bb icon=\u00bb\u00bb icon_size=\u00bb\u00bb icon_circle=\u00bb\u00bb icon_circle_color=\u00bb\u00bb width=\u00bb\u00bb alignment=\u00bbcenter\u00bb \/][\/fusion_builder_column][\/fusion_builder_row][\/fusion_builder_container][fusion_builder_container hundred_percent=\u00bbno\u00bb hundred_percent_height=\u00bbno\u00bb hundred_percent_height_scroll=\u00bbno\u00bb hundred_percent_height_center_content=\u00bbyes\u00bb equal_height_columns=\u00bbno\u00bb menu_anchor=\u00bb\u00bb hide_on_mobile=\u00bbsmall-visibility,medium-visibility,large-visibility\u00bb class=\u00bb\u00bb id=\u00bb\u00bb background_color=\u00bb\u00bb background_image=\u00bb\u00bb background_position=\u00bbcenter center\u00bb background_repeat=\u00bbno-repeat\u00bb fade=\u00bbno\u00bb background_parallax=\u00bbnone\u00bb enable_mobile=\u00bbno\u00bb parallax_speed=\u00bb0.3&#8243; video_mp4=\u00bb\u00bb video_webm=\u00bb\u00bb video_ogv=\u00bb\u00bb video_url=\u00bb\u00bb video_aspect_ratio=\u00bb16:9&#8243; video_loop=\u00bbyes\u00bb video_mute=\u00bbyes\u00bb video_preview_image=\u00bb\u00bb border_color=\u00bb\u00bb border_style=\u00bbsolid\u00bb margin_top=\u00bb\u00bb margin_bottom=\u00bb\u00bb padding_top=\u00bb\u00bb padding_right=\u00bb0&#8243; padding_bottom=\u00bb\u00bb padding_left=\u00bb0&#8243; type=\u00bblegacy\u00bb flex_column_spacing=\u00bb0px\u00bb][fusion_builder_row][fusion_builder_column type=\u00bb1_1&#8243; layout=\u00bb1_1&#8243; spacing=\u00bbno\u00bb center_content=\u00bbno\u00bb link=\u00bb\u00bb target=\u00bb_self\u00bb min_height=\u00bb\u00bb hide_on_mobile=\u00bbsmall-visibility,medium-visibility,large-visibility\u00bb class=\u00bb\u00bb id=\u00bb\u00bb background_color=\u00bb\u00bb background_image=\u00bb\u00bb background_position=\u00bbleft top\u00bb undefined=\u00bb\u00bb background_repeat=\u00bbno-repeat\u00bb hover_type=\u00bbnone\u00bb border_color=\u00bb\u00bb border_style=\u00bbsolid\u00bb border_position=\u00bball\u00bb padding_top=\u00bb\u00bb padding_right=\u00bb\u00bb padding_bottom=\u00bb\u00bb padding_left=\u00bb\u00bb margin_top=\u00bb\u00bb margin_bottom=\u00bb\u00bb animation_type=\u00bb\u00bb animation_direction=\u00bbleft\u00bb animation_speed=\u00bb0.3&#8243; animation_offset=\u00bb\u00bb last=\u00bbtrue\u00bb border_sizes_top=\u00bb0&#8243; border_sizes_bottom=\u00bb0&#8243; border_sizes_left=\u00bb0&#8243; border_sizes_right=\u00bb0&#8243; first=\u00bbtrue\u00bb][fusion_gallery layout=\u00bbgrid\u00bb picture_size=\u00bb\u00bb columns=\u00bb2&#8243; column_spacing=\u00bb10&#8243; gallery_masonry_grid_ratio=\u00bb1.0&#8243; gallery_masonry_width_double=\u00bb\u00bb hover_type=\u00bb\u00bb lightbox=\u00bbyes\u00bb lightbox_content=\u00bb\u00bb bordersize=\u00bb\u00bb bordercolor=\u00bb\u00bb border_radius=\u00bb\u00bb hide_on_mobile=\u00bbsmall-visibility,medium-visibility,large-visibility\u00bb class=\u00bb\u00bb id=\u00bb\u00bb][fusion_gallery_image image=\u00bbhttps:\/\/evablanestaller.com\/wp-content\/uploads\/2020\/04\/Mejores_recetas_libro_cocina_1-1024&#215;682.jpg\u00bb image_id=\u00bb881|large\u00bb link=\u00bb\u00bb linktarget=\u00bb_self\u00bb \/][fusion_gallery_image image=\u00bbhttps:\/\/evablanestaller.com\/wp-content\/uploads\/2020\/04\/Mejores_recetas_libro_cocina_2-1024&#215;683.jpg\u00bb image_id=\u00bb875|large\u00bb link=\u00bb\u00bb linktarget=\u00bb_self\u00bb \/][fusion_gallery_image image=\u00bbhttps:\/\/evablanestaller.com\/wp-content\/uploads\/2020\/04\/Mejores_recetas_libro_cocina_3-1024&#215;683.jpg\u00bb image_id=\u00bb876|large\u00bb link=\u00bb\u00bb linktarget=\u00bb_self\u00bb \/][fusion_gallery_image image=\u00bbhttps:\/\/evablanestaller.com\/wp-content\/uploads\/2020\/04\/Mejores_recetas_libro_cocina_4-1024&#215;683.jpg\u00bb image_id=\u00bb877|large\u00bb link=\u00bb\u00bb linktarget=\u00bb_self\u00bb \/][fusion_gallery_image image=\u00bbhttps:\/\/evablanestaller.com\/wp-content\/uploads\/2020\/04\/Coca_facil_recepta_2.jpg\u00bb image_id=\u00bb883&#8243; link=\u00bb\u00bb linktarget=\u00bb_self\u00bb \/][fusion_gallery_image image=\u00bbhttps:\/\/evablanestaller.com\/wp-content\/uploads\/2020\/04\/Crema_llimona_recepta_7.jpg\u00bb image_id=\u00bb884&#8243; link=\u00bb\u00bb linktarget=\u00bb_self\u00bb \/][fusion_gallery_image image=\u00bbhttps:\/\/evablanestaller.com\/wp-content\/uploads\/2020\/04\/Fondue_formatge_recepta_5.jpg\u00bb image_id=\u00bb885&#8243; link=\u00bb\u00bb linktarget=\u00bb_self\u00bb \/][fusion_gallery_image image=\u00bbhttps:\/\/evablanestaller.com\/wp-content\/uploads\/2020\/04\/lasana_carne_receta_6.jpg\u00bb image_id=\u00bb886&#8243; link=\u00bb\u00bb linktarget=\u00bb_self\u00bb \/][fusion_gallery_image image=\u00bbhttps:\/\/evablanestaller.com\/wp-content\/uploads\/2020\/04\/Lluc_forn_recepta_3.jpg\u00bb image_id=\u00bb887&#8243; link=\u00bb\u00bb linktarget=\u00bb_self\u00bb \/][fusion_gallery_image image=\u00bbhttps:\/\/evablanestaller.com\/wp-content\/uploads\/2020\/04\/Pollo_gambas_receta_4.jpg\u00bb image_id=\u00bb888&#8243; link=\u00bb\u00bb linktarget=\u00bb_self\u00bb \/][fusion_gallery_image image=\u00bbhttps:\/\/evablanestaller.com\/wp-content\/uploads\/2020\/04\/Sopa_cogombres_recepta_1.jpg\u00bb image_id=\u00bb889&#8243; link=\u00bb\u00bb linktarget=\u00bb_self\u00bb \/][fusion_gallery_image image=\u00bbhttps:\/\/evablanestaller.com\/wp-content\/uploads\/2020\/04\/tarta_manzana_receta_8.jpg\u00bb image_id=\u00bb890&#8243; link=\u00bb\u00bb linktarget=\u00bb_self\u00bb \/][\/fusion_gallery][\/fusion_builder_column][\/fusion_builder_row][\/fusion_builder_container]<\/p>\n","protected":false},"excerpt":{"rendered":"<p>[fusion_builder_container hundred_percent=\u00bbno\u00bb hundred_percent_height=\u00bbno\u00bb hundred_percent_height_scroll=\u00bbno\u00bb hundred_percent_height_center_content=\u00bbyes\u00bb equal_height_columns=\u00bbno\u00bb menu_anchor=\u00bb\u00bb hide_on_mobile=\u00bbsmall-visibility,medium-visibility,large-visibility\u00bb class=\u00bb\u00bb id=\u00bb\u00bb  [&#8230;]<\/p>\n","protected":false},"author":3,"featured_media":0,"parent":1441,"menu_order":0,"comment_status":"closed","ping_status":"closed","template":"100-width.php","meta":{"footnotes":""},"class_list":["post-1386","page","type-page","status-publish","hentry"],"yoast_head":"<!-- This site is optimized with the Yoast SEO plugin v27.4 - https:\/\/yoast.com\/product\/yoast-seo-wordpress\/ -->\n<title>Libros Personalizados - Eva Blanes Taller<\/title>\n<meta name=\"robots\" content=\"index, follow, max-snippet:-1, max-image-preview:large, max-video-preview:-1\" \/>\n<link rel=\"canonical\" href=\"https:\/\/evablanestaller.com\/es\/que-ofrezco\/libros-personalizados\/\" \/>\n<meta property=\"og:locale\" content=\"es_ES\" \/>\n<meta property=\"og:type\" content=\"article\" \/>\n<meta property=\"og:title\" content=\"Libros Personalizados - Eva Blanes Taller\" \/>\n<meta property=\"og:description\" content=\"[fusion_builder_container hundred_percent=\u00bbno\u00bb hundred_percent_height=\u00bbno\u00bb hundred_percent_height_scroll=\u00bbno\u00bb hundred_percent_height_center_content=\u00bbyes\u00bb equal_height_columns=\u00bbno\u00bb menu_anchor=\u00bb\u00bb hide_on_mobile=\u00bbsmall-visibility,medium-visibility,large-visibility\u00bb class=\u00bb\u00bb id=\u00bb\u00bb [...]\" \/>\n<meta property=\"og:url\" content=\"https:\/\/evablanestaller.com\/es\/que-ofrezco\/libros-personalizados\/\" \/>\n<meta property=\"og:site_name\" content=\"Eva Blanes Taller\" \/>\n<meta property=\"article:modified_time\" content=\"2021-06-02T14:04:23+00:00\" \/>\n<meta name=\"twitter:card\" content=\"summary_large_image\" \/>\n<meta name=\"twitter:label1\" content=\"Tiempo de lectura\" \/>\n\t<meta name=\"twitter:data1\" content=\"3 minutos\" \/>\n<script type=\"application\/ld+json\" class=\"yoast-schema-graph\">{\"@context\":\"https:\\\/\\\/schema.org\",\"@graph\":[{\"@type\":\"WebPage\",\"@id\":\"https:\\\/\\\/evablanestaller.com\\\/es\\\/que-ofrezco\\\/libros-personalizados\\\/\",\"url\":\"https:\\\/\\\/evablanestaller.com\\\/es\\\/que-ofrezco\\\/libros-personalizados\\\/\",\"name\":\"Libros Personalizados - Eva Blanes Taller\",\"isPartOf\":{\"@id\":\"https:\\\/\\\/evablanestaller.com\\\/es\\\/#website\"},\"datePublished\":\"2018-09-04T16:57:38+00:00\",\"dateModified\":\"2021-06-02T14:04:23+00:00\",\"breadcrumb\":{\"@id\":\"https:\\\/\\\/evablanestaller.com\\\/es\\\/que-ofrezco\\\/libros-personalizados\\\/#breadcrumb\"},\"inLanguage\":\"es\",\"potentialAction\":[{\"@type\":\"ReadAction\",\"target\":[\"https:\\\/\\\/evablanestaller.com\\\/es\\\/que-ofrezco\\\/libros-personalizados\\\/\"]}]},{\"@type\":\"BreadcrumbList\",\"@id\":\"https:\\\/\\\/evablanestaller.com\\\/es\\\/que-ofrezco\\\/libros-personalizados\\\/#breadcrumb\",\"itemListElement\":[{\"@type\":\"ListItem\",\"position\":1,\"name\":\"Inici\",\"item\":\"https:\\\/\\\/evablanestaller.com\\\/es\\\/\"},{\"@type\":\"ListItem\",\"position\":2,\"name\":\"\u00bfQu\u00e9 ofrezco?\",\"item\":\"https:\\\/\\\/evablanestaller.com\\\/es\\\/que-ofereixo\\\/\"},{\"@type\":\"ListItem\",\"position\":3,\"name\":\"Libros Personalizados\"}]},{\"@type\":\"WebSite\",\"@id\":\"https:\\\/\\\/evablanestaller.com\\\/es\\\/#website\",\"url\":\"https:\\\/\\\/evablanestaller.com\\\/es\\\/\",\"name\":\"Eva Blanes Taller\",\"description\":\"\",\"potentialAction\":[{\"@type\":\"SearchAction\",\"target\":{\"@type\":\"EntryPoint\",\"urlTemplate\":\"https:\\\/\\\/evablanestaller.com\\\/es\\\/?s={search_term_string}\"},\"query-input\":{\"@type\":\"PropertyValueSpecification\",\"valueRequired\":true,\"valueName\":\"search_term_string\"}}],\"inLanguage\":\"es\"}]}<\/script>\n<!-- \/ Yoast SEO plugin. -->","yoast_head_json":{"title":"Libros Personalizados - Eva Blanes Taller","robots":{"index":"index","follow":"follow","max-snippet":"max-snippet:-1","max-image-preview":"max-image-preview:large","max-video-preview":"max-video-preview:-1"},"canonical":"https:\/\/evablanestaller.com\/es\/que-ofrezco\/libros-personalizados\/","og_locale":"es_ES","og_type":"article","og_title":"Libros Personalizados - Eva Blanes Taller","og_description":"[fusion_builder_container hundred_percent=\u00bbno\u00bb hundred_percent_height=\u00bbno\u00bb hundred_percent_height_scroll=\u00bbno\u00bb hundred_percent_height_center_content=\u00bbyes\u00bb equal_height_columns=\u00bbno\u00bb menu_anchor=\u00bb\u00bb hide_on_mobile=\u00bbsmall-visibility,medium-visibility,large-visibility\u00bb class=\u00bb\u00bb id=\u00bb\u00bb [...]","og_url":"https:\/\/evablanestaller.com\/es\/que-ofrezco\/libros-personalizados\/","og_site_name":"Eva Blanes Taller","article_modified_time":"2021-06-02T14:04:23+00:00","twitter_card":"summary_large_image","twitter_misc":{"Tiempo de lectura":"3 minutos"},"schema":{"@context":"https:\/\/schema.org","@graph":[{"@type":"WebPage","@id":"https:\/\/evablanestaller.com\/es\/que-ofrezco\/libros-personalizados\/","url":"https:\/\/evablanestaller.com\/es\/que-ofrezco\/libros-personalizados\/","name":"Libros Personalizados - Eva Blanes Taller","isPartOf":{"@id":"https:\/\/evablanestaller.com\/es\/#website"},"datePublished":"2018-09-04T16:57:38+00:00","dateModified":"2021-06-02T14:04:23+00:00","breadcrumb":{"@id":"https:\/\/evablanestaller.com\/es\/que-ofrezco\/libros-personalizados\/#breadcrumb"},"inLanguage":"es","potentialAction":[{"@type":"ReadAction","target":["https:\/\/evablanestaller.com\/es\/que-ofrezco\/libros-personalizados\/"]}]},{"@type":"BreadcrumbList","@id":"https:\/\/evablanestaller.com\/es\/que-ofrezco\/libros-personalizados\/#breadcrumb","itemListElement":[{"@type":"ListItem","position":1,"name":"Inici","item":"https:\/\/evablanestaller.com\/es\/"},{"@type":"ListItem","position":2,"name":"\u00bfQu\u00e9 ofrezco?","item":"https:\/\/evablanestaller.com\/es\/que-ofereixo\/"},{"@type":"ListItem","position":3,"name":"Libros Personalizados"}]},{"@type":"WebSite","@id":"https:\/\/evablanestaller.com\/es\/#website","url":"https:\/\/evablanestaller.com\/es\/","name":"Eva Blanes Taller","description":"","potentialAction":[{"@type":"SearchAction","target":{"@type":"EntryPoint","urlTemplate":"https:\/\/evablanestaller.com\/es\/?s={search_term_string}"},"query-input":{"@type":"PropertyValueSpecification","valueRequired":true,"valueName":"search_term_string"}}],"inLanguage":"es"}]}},"_links":{"self":[{"href":"https:\/\/evablanestaller.com\/es\/wp-json\/wp\/v2\/pages\/1386","targetHints":{"allow":["GET"]}}],"collection":[{"href":"https:\/\/evablanestaller.com\/es\/wp-json\/wp\/v2\/pages"}],"about":[{"href":"https:\/\/evablanestaller.com\/es\/wp-json\/wp\/v2\/types\/page"}],"author":[{"embeddable":true,"href":"https:\/\/evablanestaller.com\/es\/wp-json\/wp\/v2\/users\/3"}],"replies":[{"embeddable":true,"href":"https:\/\/evablanestaller.com\/es\/wp-json\/wp\/v2\/comments?post=1386"}],"version-history":[{"count":10,"href":"https:\/\/evablanestaller.com\/es\/wp-json\/wp\/v2\/pages\/1386\/revisions"}],"predecessor-version":[{"id":2806,"href":"https:\/\/evablanestaller.com\/es\/wp-json\/wp\/v2\/pages\/1386\/revisions\/2806"}],"up":[{"embeddable":true,"href":"https:\/\/evablanestaller.com\/es\/wp-json\/wp\/v2\/pages\/1441"}],"wp:attachment":[{"href":"https:\/\/evablanestaller.com\/es\/wp-json\/wp\/v2\/media?parent=1386"}],"curies":[{"name":"wp","href":"https:\/\/api.w.org\/{rel}","templated":true}]}}