{"id":1408,"date":"2018-09-04T18:58:17","date_gmt":"2018-09-04T16:58:17","guid":{"rendered":"https:\/\/evaproves.beringserveis.eu\/edicions-a-mida\/"},"modified":"2020-09-24T17:04:23","modified_gmt":"2020-09-24T15:04:23","slug":"ediciones-a-medida","status":"publish","type":"page","link":"https:\/\/evablanestaller.com\/es\/que-ofrezco\/ediciones-a-medida\/","title":{"rendered":"Ediciones a Medida"},"content":{"rendered":"<p>[fusion_builder_container hundred_percent=\u00bbno\u00bb hundred_percent_height=\u00bbno\u00bb hundred_percent_height_scroll=\u00bbno\u00bb hundred_percent_height_center_content=\u00bbyes\u00bb equal_height_columns=\u00bbno\u00bb menu_anchor=\u00bb\u00bb hide_on_mobile=\u00bbsmall-visibility,medium-visibility,large-visibility\u00bb class=\u00bb\u00bb id=\u00bb\u00bb background_color=\u00bb\u00bb background_image=\u00bb\u00bb background_position=\u00bbcenter center\u00bb background_repeat=\u00bbno-repeat\u00bb fade=\u00bbno\u00bb background_parallax=\u00bbnone\u00bb enable_mobile=\u00bbno\u00bb parallax_speed=\u00bb0.3&#8243; video_mp4=\u00bb\u00bb video_webm=\u00bb\u00bb video_ogv=\u00bb\u00bb video_url=\u00bb\u00bb video_aspect_ratio=\u00bb16:9&#8243; video_loop=\u00bbyes\u00bb video_mute=\u00bbyes\u00bb video_preview_image=\u00bb\u00bb border_color=\u00bb\u00bb border_style=\u00bbsolid\u00bb margin_top=\u00bb\u00bb margin_bottom=\u00bb\u00bb padding_top=\u00bb\u00bb padding_right=\u00bb\u00bb padding_bottom=\u00bb\u00bb padding_left=\u00bb\u00bb type=\u00bblegacy\u00bb][fusion_builder_row][fusion_builder_column type=\u00bb1_1&#8243; layout=\u00bb1_1&#8243; spacing=\u00bb\u00bb center_content=\u00bbno\u00bb link=\u00bb\u00bb target=\u00bb_self\u00bb min_height=\u00bb\u00bb hide_on_mobile=\u00bbsmall-visibility,medium-visibility,large-visibility\u00bb class=\u00bb\u00bb id=\u00bb\u00bb background_image_id=\u00bb\u00bb hover_type=\u00bbnone\u00bb border_color=\u00bb\u00bb border_style=\u00bbsolid\u00bb border_position=\u00bball\u00bb border_radius_top_left=\u00bb\u00bb border_radius_top_right=\u00bb\u00bb border_radius_bottom_right=\u00bb\u00bb border_radius_bottom_left=\u00bb\u00bb box_shadow=\u00bbno\u00bb box_shadow_vertical=\u00bb\u00bb box_shadow_horizontal=\u00bb\u00bb box_shadow_blur=\u00bb0&#8243; box_shadow_spread=\u00bb0&#8243; box_shadow_color=\u00bb\u00bb box_shadow_style=\u00bb\u00bb padding_top=\u00bb\u00bb padding_right=\u00bb10%\u00bb padding_bottom=\u00bb\u00bb padding_left=\u00bb10%\u00bb margin_top=\u00bb\u00bb margin_bottom=\u00bb\u00bb background_type=\u00bbsingle\u00bb gradient_start_color=\u00bb\u00bb gradient_end_color=\u00bb\u00bb gradient_start_position=\u00bb0&#8243; gradient_end_position=\u00bb100&#8243; gradient_type=\u00bblinear\u00bb radial_direction=\u00bbcenter center\u00bb linear_angle=\u00bb180&#8243; background_color=\u00bb\u00bb background_image=\u00bb\u00bb background_position=\u00bbleft top\u00bb background_repeat=\u00bbno-repeat\u00bb background_blend_mode=\u00bbnone\u00bb animation_type=\u00bb\u00bb animation_direction=\u00bbleft\u00bb animation_speed=\u00bb0.3&#8243; animation_offset=\u00bb\u00bb filter_type=\u00bbregular\u00bb filter_hue=\u00bb0&#8243; filter_saturation=\u00bb100&#8243; filter_brightness=\u00bb100&#8243; filter_contrast=\u00bb100&#8243; filter_invert=\u00bb0&#8243; filter_sepia=\u00bb0&#8243; filter_opacity=\u00bb100&#8243; filter_blur=\u00bb0&#8243; filter_hue_hover=\u00bb0&#8243; filter_saturation_hover=\u00bb100&#8243; filter_brightness_hover=\u00bb100&#8243; filter_contrast_hover=\u00bb100&#8243; filter_invert_hover=\u00bb0&#8243; filter_sepia_hover=\u00bb0&#8243; filter_opacity_hover=\u00bb100&#8243; filter_blur_hover=\u00bb0&#8243; last=\u00bbtrue\u00bb border_sizes_top=\u00bb0&#8243; border_sizes_bottom=\u00bb0&#8243; border_sizes_left=\u00bb0&#8243; border_sizes_right=\u00bb0&#8243; first=\u00bbtrue\u00bb type=\u00bb1_1&#8243;][fusion_title title_type=\u00bbtext\u00bb rotation_effect=\u00bbbounceIn\u00bb display_time=\u00bb1200&#8243; highlight_effect=\u00bbcircle\u00bb loop_animation=\u00bboff\u00bb highlight_width=\u00bb9&#8243; highlight_top_margin=\u00bb0&#8243; before_text=\u00bb\u00bb rotation_text=\u00bb\u00bb highlight_text=\u00bb\u00bb after_text=\u00bb\u00bb hide_on_mobile=\u00bbsmall-visibility,medium-visibility,large-visibility\u00bb sticky_display=\u00bbnormal,sticky\u00bb class=\u00bb\u00bb id=\u00bb\u00bb content_align_medium=\u00bb\u00bb content_align_small=\u00bb\u00bb content_align=\u00bbcenter\u00bb size=\u00bb1&#8243; font_size=\u00bb\u00bb animated_font_size=\u00bb\u00bb fusion_font_family_title_font=\u00bb\u00bb fusion_font_variant_title_font=\u00bb\u00bb line_height=\u00bb\u00bb letter_spacing=\u00bb\u00bb margin_top_medium=\u00bb\u00bb margin_bottom_medium=\u00bb\u00bb margin_top_small=\u00bb\u00bb margin_bottom_small=\u00bb\u00bb margin_top=\u00bb\u00bb margin_bottom=\u00bb\u00bb margin_top_mobile=\u00bb\u00bb margin_bottom_mobile=\u00bb\u00bb text_color=\u00bb\u00bb animated_text_color=\u00bb\u00bb highlight_color=\u00bb\u00bb style_type=\u00bbdefault\u00bb sep_color=\u00bb\u00bb animation_type=\u00bb\u00bb animation_direction=\u00bbleft\u00bb animation_speed=\u00bb0.3&#8243; animation_offset=\u00bb\u00bb]Ediciones a Medida[\/fusion_title][fusion_text columns=\u00bb\u00bb column_min_width=\u00bb\u00bb column_spacing=\u00bb\u00bb rule_style=\u00bbdefault\u00bb rule_size=\u00bb\u00bb rule_color=\u00bb\u00bb content_alignment_medium=\u00bb\u00bb content_alignment_small=\u00bb\u00bb content_alignment=\u00bb\u00bb hide_on_mobile=\u00bbsmall-visibility,medium-visibility,large-visibility\u00bb sticky_display=\u00bbnormal,sticky\u00bb class=\u00bb\u00bb id=\u00bb\u00bb font_size=\u00bb\u00bb fusion_font_family_text_font=\u00bb\u00bb fusion_font_variant_text_font=\u00bb\u00bb line_height=\u00bb\u00bb letter_spacing=\u00bb\u00bb text_color=\u00bb\u00bb animation_type=\u00bb\u00bb animation_direction=\u00bbleft\u00bb animation_speed=\u00bb0.3&#8243; animation_offset=\u00bb\u00bb]<\/p>\n<p>Todos tenemos experiencias \u00fanicas y valiosas para contar, proyectos personales o profesionales en el tintero. Si tienes una idea y te gustar\u00eda materializarla en forma de peque\u00f1a edici\u00f3n, ya se trate de tu propia obra literaria, unas memorias, una historia familiar o corporativa, el relato de un viaje especial, un cuento ilustrado o cualquier otra propuesta, cu\u00e9ntame tu proyecto, peque\u00f1o o grande, y nos pondremos manos a la obra.<\/p>\n<p>Hacer un libro y una edici\u00f3n propia es un reto apasionante en todos los sentidos. Es un proceso creativo, intelectual, personal y emotivo que se debe cocinar a fuego lento. Por eso te acompa\u00f1o y te asesoro en todas las fases, para hacer de tu idea la mejor edici\u00f3n y la mejor experiencia posible.<\/p>\n<p>[\/fusion_text][\/fusion_builder_column][\/fusion_builder_row][\/fusion_builder_container][fusion_builder_container hundred_percent=\u00bbno\u00bb hundred_percent_height=\u00bbno\u00bb hundred_percent_height_scroll=\u00bbno\u00bb hundred_percent_height_center_content=\u00bbyes\u00bb equal_height_columns=\u00bbno\u00bb menu_anchor=\u00bb\u00bb hide_on_mobile=\u00bbsmall-visibility,medium-visibility,large-visibility\u00bb class=\u00bb\u00bb id=\u00bb\u00bb background_color=\u00bb\u00bb background_image=\u00bb\u00bb background_position=\u00bbcenter center\u00bb background_repeat=\u00bbno-repeat\u00bb fade=\u00bbno\u00bb background_parallax=\u00bbnone\u00bb enable_mobile=\u00bbno\u00bb parallax_speed=\u00bb0.3&#8243; video_mp4=\u00bb\u00bb video_webm=\u00bb\u00bb video_ogv=\u00bb\u00bb video_url=\u00bb\u00bb video_aspect_ratio=\u00bb16:9&#8243; video_loop=\u00bbyes\u00bb video_mute=\u00bbyes\u00bb video_preview_image=\u00bb\u00bb border_color=\u00bb\u00bb border_style=\u00bbsolid\u00bb margin_top=\u00bb\u00bb margin_bottom=\u00bb\u00bb padding_top=\u00bb\u00bb padding_right=\u00bb0&#8243; padding_bottom=\u00bb\u00bb padding_left=\u00bb0&#8243; type=\u00bblegacy\u00bb flex_column_spacing=\u00bb0px\u00bb][fusion_builder_row][fusion_builder_column type=\u00bb1_1&#8243; layout=\u00bb1_1&#8243; spacing=\u00bbno\u00bb center_content=\u00bbno\u00bb link=\u00bb\u00bb target=\u00bb_self\u00bb min_height=\u00bb\u00bb hide_on_mobile=\u00bbsmall-visibility,medium-visibility,large-visibility\u00bb class=\u00bb\u00bb id=\u00bb\u00bb background_color=\u00bb\u00bb background_image=\u00bb\u00bb background_position=\u00bbleft top\u00bb undefined=\u00bb\u00bb background_repeat=\u00bbno-repeat\u00bb hover_type=\u00bbnone\u00bb border_color=\u00bb\u00bb border_style=\u00bbsolid\u00bb border_position=\u00bball\u00bb padding_top=\u00bb\u00bb padding_right=\u00bb\u00bb padding_bottom=\u00bb\u00bb padding_left=\u00bb\u00bb margin_top=\u00bb\u00bb margin_bottom=\u00bb\u00bb animation_type=\u00bb\u00bb animation_direction=\u00bbleft\u00bb animation_speed=\u00bb0.3&#8243; animation_offset=\u00bb\u00bb last=\u00bbtrue\u00bb border_sizes_top=\u00bb0&#8243; border_sizes_bottom=\u00bb0&#8243; border_sizes_left=\u00bb0&#8243; border_sizes_right=\u00bb0&#8243; first=\u00bbtrue\u00bb type=\u00bb1_1&#8243;][fusion_portfolio layout=\u00bbgrid\u00bb picture_size=\u00bbauto\u00bb text_layout=\u00bbno_text\u00bb grid_box_color=\u00bb\u00bb grid_element_color=\u00bb\u00bb grid_separator_style_type=\u00bb\u00bb grid_separator_color=\u00bb\u00bb columns=\u00bb2&#8243; column_spacing=\u00bb10&#8243; portfolio_masonry_grid_ratio=\u00bb\u00bb portfolio_masonry_width_double=\u00bb\u00bb one_column_text_position=\u00bbbelow\u00bb equal_heights=\u00bbno\u00bb number_posts=\u00bb\u00bb portfolio_title_display=\u00bball\u00bb portfolio_text_alignment=\u00bbdefault\u00bb padding_top=\u00bb\u00bb padding_right=\u00bb\u00bb padding_bottom=\u00bb\u00bb padding_left=\u00bb\u00bb filters=\u00bbno\u00bb pull_by=\u00bbcategory\u00bb cat_slug=\u00bb\u00bb exclude_cats=\u00bbenquadernacio,llibres-unics,projectes,restauracio\u00bb tag_slug=\u00bb\u00bb exclude_tags=\u00bb\u00bb pagination_type=\u00bbnone\u00bb hide_url_params=\u00bboff\u00bb offset=\u00bb0&#8243; orderby=\u00bbdate\u00bb order=\u00bbDESC\u00bb content_length=\u00bbexcerpt\u00bb excerpt_length=\u00bb\u00bb strip_html=\u00bbyes\u00bb carousel_layout=\u00bbtitle_on_rollover\u00bb scroll_items=\u00bb\u00bb autoplay=\u00bbno\u00bb show_nav=\u00bbyes\u00bb mouse_scroll=\u00bbno\u00bb hide_on_mobile=\u00bbsmall-visibility,medium-visibility,large-visibility\u00bb class=\u00bb\u00bb id=\u00bb\u00bb animation_type=\u00bb\u00bb animation_direction=\u00bbleft\u00bb animation_speed=\u00bb0.3&#8243; animation_offset=\u00bb\u00bb \/][\/fusion_builder_column][\/fusion_builder_row][\/fusion_builder_container]<\/p>\n","protected":false},"excerpt":{"rendered":"<p>[fusion_builder_container hundred_percent=\u00bbno\u00bb hundred_percent_height=\u00bbno\u00bb hundred_percent_height_scroll=\u00bbno\u00bb hundred_percent_height_center_content=\u00bbyes\u00bb equal_height_columns=\u00bbno\u00bb menu_anchor=\u00bb\u00bb hide_on_mobile=\u00bbsmall-visibility,medium-visibility,large-visibility\u00bb class=\u00bb\u00bb id=\u00bb\u00bb  [&#8230;]<\/p>\n","protected":false},"author":3,"featured_media":0,"parent":1441,"menu_order":0,"comment_status":"closed","ping_status":"closed","template":"","meta":{"footnotes":""},"class_list":["post-1408","page","type-page","status-publish","hentry"],"yoast_head":"<!-- This site is optimized with the Yoast SEO plugin v27.5 - https:\/\/yoast.com\/product\/yoast-seo-wordpress\/ -->\n<title>Ediciones a Medida - Eva Blanes Taller<\/title>\n<meta name=\"robots\" content=\"index, follow, max-snippet:-1, max-image-preview:large, max-video-preview:-1\" \/>\n<link rel=\"canonical\" href=\"https:\/\/evablanestaller.com\/es\/que-ofrezco\/ediciones-a-medida\/\" \/>\n<meta property=\"og:locale\" content=\"es_ES\" \/>\n<meta property=\"og:type\" content=\"article\" \/>\n<meta property=\"og:title\" content=\"Ediciones a Medida - Eva Blanes Taller\" \/>\n<meta property=\"og:description\" content=\"[fusion_builder_container hundred_percent=\u00bbno\u00bb hundred_percent_height=\u00bbno\u00bb hundred_percent_height_scroll=\u00bbno\u00bb hundred_percent_height_center_content=\u00bbyes\u00bb equal_height_columns=\u00bbno\u00bb menu_anchor=\u00bb\u00bb hide_on_mobile=\u00bbsmall-visibility,medium-visibility,large-visibility\u00bb class=\u00bb\u00bb id=\u00bb\u00bb [...]\" \/>\n<meta property=\"og:url\" content=\"https:\/\/evablanestaller.com\/es\/que-ofrezco\/ediciones-a-medida\/\" \/>\n<meta property=\"og:site_name\" content=\"Eva Blanes Taller\" \/>\n<meta property=\"article:modified_time\" content=\"2020-09-24T15:04:23+00:00\" \/>\n<meta name=\"twitter:card\" content=\"summary_large_image\" \/>\n<meta name=\"twitter:label1\" content=\"Tiempo de lectura\" \/>\n\t<meta name=\"twitter:data1\" content=\"5 minutos\" \/>\n<script type=\"application\/ld+json\" class=\"yoast-schema-graph\">{\"@context\":\"https:\\\/\\\/schema.org\",\"@graph\":[{\"@type\":\"WebPage\",\"@id\":\"https:\\\/\\\/evablanestaller.com\\\/es\\\/que-ofrezco\\\/ediciones-a-medida\\\/\",\"url\":\"https:\\\/\\\/evablanestaller.com\\\/es\\\/que-ofrezco\\\/ediciones-a-medida\\\/\",\"name\":\"Ediciones a Medida - Eva Blanes Taller\",\"isPartOf\":{\"@id\":\"https:\\\/\\\/evablanestaller.com\\\/es\\\/#website\"},\"datePublished\":\"2018-09-04T16:58:17+00:00\",\"dateModified\":\"2020-09-24T15:04:23+00:00\",\"breadcrumb\":{\"@id\":\"https:\\\/\\\/evablanestaller.com\\\/es\\\/que-ofrezco\\\/ediciones-a-medida\\\/#breadcrumb\"},\"inLanguage\":\"es\",\"potentialAction\":[{\"@type\":\"ReadAction\",\"target\":[\"https:\\\/\\\/evablanestaller.com\\\/es\\\/que-ofrezco\\\/ediciones-a-medida\\\/\"]}]},{\"@type\":\"BreadcrumbList\",\"@id\":\"https:\\\/\\\/evablanestaller.com\\\/es\\\/que-ofrezco\\\/ediciones-a-medida\\\/#breadcrumb\",\"itemListElement\":[{\"@type\":\"ListItem\",\"position\":1,\"name\":\"Inici\",\"item\":\"https:\\\/\\\/evablanestaller.com\\\/es\\\/\"},{\"@type\":\"ListItem\",\"position\":2,\"name\":\"\u00bfQu\u00e9 ofrezco?\",\"item\":\"https:\\\/\\\/evablanestaller.com\\\/es\\\/que-ofereixo\\\/\"},{\"@type\":\"ListItem\",\"position\":3,\"name\":\"Ediciones a Medida\"}]},{\"@type\":\"WebSite\",\"@id\":\"https:\\\/\\\/evablanestaller.com\\\/es\\\/#website\",\"url\":\"https:\\\/\\\/evablanestaller.com\\\/es\\\/\",\"name\":\"Eva Blanes Taller\",\"description\":\"\",\"potentialAction\":[{\"@type\":\"SearchAction\",\"target\":{\"@type\":\"EntryPoint\",\"urlTemplate\":\"https:\\\/\\\/evablanestaller.com\\\/es\\\/?s={search_term_string}\"},\"query-input\":{\"@type\":\"PropertyValueSpecification\",\"valueRequired\":true,\"valueName\":\"search_term_string\"}}],\"inLanguage\":\"es\"}]}<\/script>\n<!-- \/ Yoast SEO plugin. -->","yoast_head_json":{"title":"Ediciones a Medida - Eva Blanes Taller","robots":{"index":"index","follow":"follow","max-snippet":"max-snippet:-1","max-image-preview":"max-image-preview:large","max-video-preview":"max-video-preview:-1"},"canonical":"https:\/\/evablanestaller.com\/es\/que-ofrezco\/ediciones-a-medida\/","og_locale":"es_ES","og_type":"article","og_title":"Ediciones a Medida - Eva Blanes Taller","og_description":"[fusion_builder_container hundred_percent=\u00bbno\u00bb hundred_percent_height=\u00bbno\u00bb hundred_percent_height_scroll=\u00bbno\u00bb hundred_percent_height_center_content=\u00bbyes\u00bb equal_height_columns=\u00bbno\u00bb menu_anchor=\u00bb\u00bb hide_on_mobile=\u00bbsmall-visibility,medium-visibility,large-visibility\u00bb class=\u00bb\u00bb id=\u00bb\u00bb [...]","og_url":"https:\/\/evablanestaller.com\/es\/que-ofrezco\/ediciones-a-medida\/","og_site_name":"Eva Blanes Taller","article_modified_time":"2020-09-24T15:04:23+00:00","twitter_card":"summary_large_image","twitter_misc":{"Tiempo de lectura":"5 minutos"},"schema":{"@context":"https:\/\/schema.org","@graph":[{"@type":"WebPage","@id":"https:\/\/evablanestaller.com\/es\/que-ofrezco\/ediciones-a-medida\/","url":"https:\/\/evablanestaller.com\/es\/que-ofrezco\/ediciones-a-medida\/","name":"Ediciones a Medida - Eva Blanes Taller","isPartOf":{"@id":"https:\/\/evablanestaller.com\/es\/#website"},"datePublished":"2018-09-04T16:58:17+00:00","dateModified":"2020-09-24T15:04:23+00:00","breadcrumb":{"@id":"https:\/\/evablanestaller.com\/es\/que-ofrezco\/ediciones-a-medida\/#breadcrumb"},"inLanguage":"es","potentialAction":[{"@type":"ReadAction","target":["https:\/\/evablanestaller.com\/es\/que-ofrezco\/ediciones-a-medida\/"]}]},{"@type":"BreadcrumbList","@id":"https:\/\/evablanestaller.com\/es\/que-ofrezco\/ediciones-a-medida\/#breadcrumb","itemListElement":[{"@type":"ListItem","position":1,"name":"Inici","item":"https:\/\/evablanestaller.com\/es\/"},{"@type":"ListItem","position":2,"name":"\u00bfQu\u00e9 ofrezco?","item":"https:\/\/evablanestaller.com\/es\/que-ofereixo\/"},{"@type":"ListItem","position":3,"name":"Ediciones a Medida"}]},{"@type":"WebSite","@id":"https:\/\/evablanestaller.com\/es\/#website","url":"https:\/\/evablanestaller.com\/es\/","name":"Eva Blanes Taller","description":"","potentialAction":[{"@type":"SearchAction","target":{"@type":"EntryPoint","urlTemplate":"https:\/\/evablanestaller.com\/es\/?s={search_term_string}"},"query-input":{"@type":"PropertyValueSpecification","valueRequired":true,"valueName":"search_term_string"}}],"inLanguage":"es"}]}},"_links":{"self":[{"href":"https:\/\/evablanestaller.com\/es\/wp-json\/wp\/v2\/pages\/1408","targetHints":{"allow":["GET"]}}],"collection":[{"href":"https:\/\/evablanestaller.com\/es\/wp-json\/wp\/v2\/pages"}],"about":[{"href":"https:\/\/evablanestaller.com\/es\/wp-json\/wp\/v2\/types\/page"}],"author":[{"embeddable":true,"href":"https:\/\/evablanestaller.com\/es\/wp-json\/wp\/v2\/users\/3"}],"replies":[{"embeddable":true,"href":"https:\/\/evablanestaller.com\/es\/wp-json\/wp\/v2\/comments?post=1408"}],"version-history":[{"count":7,"href":"https:\/\/evablanestaller.com\/es\/wp-json\/wp\/v2\/pages\/1408\/revisions"}],"predecessor-version":[{"id":2392,"href":"https:\/\/evablanestaller.com\/es\/wp-json\/wp\/v2\/pages\/1408\/revisions\/2392"}],"up":[{"embeddable":true,"href":"https:\/\/evablanestaller.com\/es\/wp-json\/wp\/v2\/pages\/1441"}],"wp:attachment":[{"href":"https:\/\/evablanestaller.com\/es\/wp-json\/wp\/v2\/media?parent=1408"}],"curies":[{"name":"wp","href":"https:\/\/api.w.org\/{rel}","templated":true}]}}