{"id":1415,"date":"2018-09-04T18:58:36","date_gmt":"2018-09-04T16:58:36","guid":{"rendered":"https:\/\/evaproves.beringserveis.eu\/enquadernacio\/"},"modified":"2025-03-20T17:38:13","modified_gmt":"2025-03-20T16:38:13","slug":"encuadernacion","status":"publish","type":"page","link":"https:\/\/evablanestaller.com\/es\/que-ofrezco\/encuadernacion\/","title":{"rendered":"Encuadernaci\u00f3n"},"content":{"rendered":"<p>[fusion_builder_container hundred_percent=\u00bbno\u00bb hundred_percent_height=\u00bbno\u00bb hundred_percent_height_scroll=\u00bbno\u00bb hundred_percent_height_center_content=\u00bbyes\u00bb equal_height_columns=\u00bbno\u00bb menu_anchor=\u00bb\u00bb hide_on_mobile=\u00bbsmall-visibility,medium-visibility,large-visibility\u00bb class=\u00bb\u00bb id=\u00bb\u00bb background_color=\u00bb\u00bb background_image=\u00bb\u00bb background_position=\u00bbcenter center\u00bb background_repeat=\u00bbno-repeat\u00bb fade=\u00bbno\u00bb background_parallax=\u00bbnone\u00bb enable_mobile=\u00bbno\u00bb parallax_speed=\u00bb0.3&#8243; video_mp4=\u00bb\u00bb video_webm=\u00bb\u00bb video_ogv=\u00bb\u00bb video_url=\u00bb\u00bb video_aspect_ratio=\u00bb16:9&#8243; video_loop=\u00bbyes\u00bb video_mute=\u00bbyes\u00bb video_preview_image=\u00bb\u00bb border_color=\u00bb\u00bb border_style=\u00bbsolid\u00bb margin_top=\u00bb\u00bb margin_bottom=\u00bb\u00bb padding_top=\u00bb\u00bb padding_right=\u00bb\u00bb padding_bottom=\u00bb\u00bb padding_left=\u00bb\u00bb type=\u00bblegacy\u00bb][fusion_builder_row][fusion_builder_column type=\u00bb1_1&#8243; layout=\u00bb1_1&#8243; spacing=\u00bb\u00bb center_content=\u00bbno\u00bb link=\u00bb\u00bb target=\u00bb_self\u00bb min_height=\u00bb\u00bb hide_on_mobile=\u00bbsmall-visibility,medium-visibility,large-visibility\u00bb class=\u00bb\u00bb id=\u00bb\u00bb background_color=\u00bb\u00bb background_image=\u00bb\u00bb background_position=\u00bbleft top\u00bb undefined=\u00bb\u00bb background_repeat=\u00bbno-repeat\u00bb hover_type=\u00bbnone\u00bb border_color=\u00bb\u00bb border_style=\u00bbsolid\u00bb border_position=\u00bball\u00bb padding_top=\u00bb\u00bb padding_right=\u00bb10%\u00bb padding_bottom=\u00bb\u00bb padding_left=\u00bb10%\u00bb margin_top=\u00bb\u00bb margin_bottom=\u00bb\u00bb animation_type=\u00bb\u00bb animation_direction=\u00bbleft\u00bb animation_speed=\u00bb0.3&#8243; animation_offset=\u00bb\u00bb last=\u00bbtrue\u00bb border_sizes_top=\u00bb0&#8243; border_sizes_bottom=\u00bb0&#8243; border_sizes_left=\u00bb0&#8243; border_sizes_right=\u00bb0&#8243; first=\u00bbtrue\u00bb][fusion_title title_type=\u00bbtext\u00bb rotation_effect=\u00bbbounceIn\u00bb display_time=\u00bb1200&#8243; highlight_effect=\u00bbcircle\u00bb loop_animation=\u00bboff\u00bb highlight_width=\u00bb9&#8243; highlight_top_margin=\u00bb0&#8243; before_text=\u00bb\u00bb rotation_text=\u00bb\u00bb highlight_text=\u00bb\u00bb after_text=\u00bb\u00bb hide_on_mobile=\u00bbsmall-visibility,medium-visibility,large-visibility\u00bb sticky_display=\u00bbnormal,sticky\u00bb class=\u00bb\u00bb id=\u00bb\u00bb content_align_medium=\u00bb\u00bb content_align_small=\u00bb\u00bb content_align=\u00bbcenter\u00bb size=\u00bb1&#8243; font_size=\u00bb\u00bb animated_font_size=\u00bb\u00bb fusion_font_family_title_font=\u00bb\u00bb fusion_font_variant_title_font=\u00bb\u00bb line_height=\u00bb\u00bb letter_spacing=\u00bb\u00bb margin_top_medium=\u00bb\u00bb margin_bottom_medium=\u00bb\u00bb margin_top_small=\u00bb\u00bb margin_bottom_small=\u00bb\u00bb margin_top=\u00bb\u00bb margin_bottom=\u00bb\u00bb margin_top_mobile=\u00bb\u00bb margin_bottom_mobile=\u00bb\u00bb text_color=\u00bb\u00bb animated_text_color=\u00bb\u00bb highlight_color=\u00bb\u00bb style_type=\u00bbdefault\u00bb sep_color=\u00bb\u00bb animation_type=\u00bb\u00bb animation_direction=\u00bbleft\u00bb animation_speed=\u00bb0.3&#8243; animation_offset=\u00bb\u00bb]Encuadernaci\u00f3n[\/fusion_title][fusion_text columns=\u00bb\u00bb column_min_width=\u00bb\u00bb column_spacing=\u00bb\u00bb rule_style=\u00bbdefault\u00bb rule_size=\u00bb\u00bb rule_color=\u00bb\u00bb content_alignment_medium=\u00bb\u00bb content_alignment_small=\u00bb\u00bb content_alignment=\u00bb\u00bb hide_on_mobile=\u00bbsmall-visibility,medium-visibility,large-visibility\u00bb sticky_display=\u00bbnormal,sticky\u00bb class=\u00bb\u00bb id=\u00bb\u00bb font_size=\u00bb\u00bb fusion_font_family_text_font=\u00bb\u00bb fusion_font_variant_text_font=\u00bb\u00bb line_height=\u00bb\u00bb letter_spacing=\u00bb\u00bb text_color=\u00bb\u00bb animation_type=\u00bb\u00bb animation_direction=\u00bbleft\u00bb animation_speed=\u00bb0.3&#8243; animation_offset=\u00bb\u00bb]<\/p>\n<p>La encuadernaci\u00f3n es el oficio y el arte de coser o encuadernar varios pliegos o cuadernillos y vestirlos con unas cubiertas. Ya sea para su buena conservaci\u00f3n, para disfrutar del placer de una buena lectura o por el deseo de embellecer un libro querido, una buena encuadernaci\u00f3n eleva sustancialmente el valor de una pieza.<\/p>\n<p>Desde que los romanos inventaron el libro en forma de c\u00f3dice, cualquier cosa que te imagines se puede encuadernar: si tienes un portafolio profesional, un trabajo de fin de grado o una tesis doctoral y has pensado en darle una presentaci\u00f3n especial; se acerca un evento clave y quieres impresionar con un libro de firmas hecho a medida; quiz\u00e1s conservas una colecci\u00f3n de revistas que tienen un alto valor para ti y te gustar\u00eda encuadernarlas en un solo volumen; si las cartas de tu restaurante han quedado anticuadas o no est\u00e1n a la altura del nivel gastron\u00f3mico que ofreces&#8230;<\/p>\n<p>Cu\u00e9ntame, sin compromiso, algunos detalles de tu proyecto en este formulario, y te mandar\u00e9 una propuesta y un presupuesto a medida.<\/p>\n<p>[\/fusion_text][fusion_modal name=\u00bbenquadernacio\u00bb title=\u00bbFormulario Encuadernaci\u00f3n\u00bb size=\u00bblarge\u00bb background=\u00bb\u00bb border_color=\u00bb\u00bb show_footer=\u00bbyes\u00bb class=\u00bb\u00bb id=\u00bb\u00bb]<\/p>\n\n<div class=\"wpcf7 no-js\" id=\"wpcf7-f1992-o1\" lang=\"ca\" dir=\"ltr\" data-wpcf7-id=\"1992\">\n<div class=\"screen-reader-response\"><p role=\"status\" aria-live=\"polite\" aria-atomic=\"true\"><\/p> <ul><\/ul><\/div>\n<form action=\"\/es\/wp-json\/wp\/v2\/pages\/1415#wpcf7-f1992-o1\" method=\"post\" class=\"wpcf7-form init\" aria-label=\"Formulari de contacte\" novalidate=\"novalidate\" data-status=\"init\">\n<fieldset class=\"hidden-fields-container\"><input type=\"hidden\" name=\"_wpcf7\" value=\"1992\" \/><input type=\"hidden\" name=\"_wpcf7_version\" value=\"6.1.5\" \/><input type=\"hidden\" name=\"_wpcf7_locale\" value=\"ca\" \/><input type=\"hidden\" name=\"_wpcf7_unit_tag\" value=\"wpcf7-f1992-o1\" \/><input type=\"hidden\" name=\"_wpcf7_container_post\" value=\"0\" \/><input type=\"hidden\" name=\"_wpcf7_posted_data_hash\" value=\"\" \/><input type=\"hidden\" name=\"_wpcf7_recaptcha_response\" value=\"\" \/>\n<\/fieldset>\n<div class=\"fusion-one-half one_half fusion-layout-column fusion-spacing-yes\">\n\t<p><label> Nombre* (obligatorio)<br \/>\n<span class=\"wpcf7-form-control-wrap\" data-name=\"your-name\"><input size=\"40\" maxlength=\"400\" class=\"wpcf7-form-control wpcf7-text wpcf7-validates-as-required\" aria-required=\"true\" aria-invalid=\"false\" value=\"\" type=\"text\" name=\"your-name\" \/><\/span> <\/label>\n\t<\/p>\n<\/div>\n<div class=\"fusion-one-half one_half fusion-layout-column fusion-spacing-yes fusion-column-last\">\n\t<p><label> E-mail* (obligatorio)<br \/>\n<span class=\"wpcf7-form-control-wrap\" data-name=\"your-email\"><input size=\"40\" maxlength=\"400\" class=\"wpcf7-form-control wpcf7-email wpcf7-validates-as-required wpcf7-text wpcf7-validates-as-email\" aria-required=\"true\" aria-invalid=\"false\" value=\"\" type=\"email\" name=\"your-email\" \/><\/span> <\/label>\n\t<\/p>\n<\/div>\n<p><span id=\"country\" class=\"wpcf7-form-control-wrap hp-country-wrap\" style=\"display:none !important; visibility:hidden !important;\"><label for=\"wpcf7-69ff06a6c40bf-field\" class=\"hp-message\">Deixeu aquest camp buit.<\/label><input id=\"wpcf7-69ff06a6c40bf-field\"  class=\"wpcf7-form-control wpcf7-text\" type=\"text\" name=\"hp-country\" value=\"\" size=\"40\" tabindex=\"-1\" autocomplete=\"new-password\" \/><\/span>\n<\/p>\n<div class=\"fusion-one-full one_full fusion-layout-column fusion-spacing-yes fusion-column-last\">\n\t<p><strong>Descripci\u00f3<\/strong>\n\t<\/p>\n\t<p><label>Cu\u00e9ntame brevemente qu\u00e9 tipo de material te gustar\u00eda encuadernar, tama\u00f1o, grosor, estilo, n\u00famero de ejemplares<br \/>\ny prop\u00f3sito de la encuadernaci\u00f3n, y te har\u00e9 una propuesta y un presupuesto de acuerdo con la descripci\u00f3n.<br \/>\n<span class=\"wpcf7-form-control-wrap\" data-name=\"textarea-783\"><textarea cols=\"120\" rows=\"10\" maxlength=\"2000\" class=\"wpcf7-form-control wpcf7-textarea\" aria-invalid=\"false\" name=\"textarea-783\"><\/textarea><\/span> <\/label>\n\t<\/p>\n<\/div>\n<div class=\"fusion-one-full one_full fusion-layout-column fusion-spacing-yes fusion-column-last\">\n\t<p><\n\t<\/p>\n\t<p><span class=\"wpcf7-form-control-wrap\" data-name=\"acceptance-14\"><span class=\"wpcf7-form-control wpcf7-acceptance\"><span class=\"wpcf7-list-item\"><input type=\"checkbox\" name=\"acceptance-14\" value=\"1\" aria-invalid=\"false\" \/><\/span><\/span><\/span> He leido y acepto la <a href=\"https:\/\/evablanestaller.com\/politica-de-privacitat\/\"><strong>Pol\u00edtica de Privacidad<\/strong><\/a>\n\t<\/p>\n\t<p><input class=\"wpcf7-form-control wpcf7-submit has-spinner\" type=\"submit\" value=\"Env\u00edar\" \/>\n\t<\/p>\n<\/div><div class=\"wpcf7-response-output\" aria-hidden=\"true\"><\/div>\n<\/form>\n<\/div>\n\n<p>[\/fusion_modal][fusion_separator style_type=\u00bbnone\u00bb hide_on_mobile=\u00bbsmall-visibility,medium-visibility,large-visibility\u00bb class=\u00bb\u00bb id=\u00bb\u00bb sep_color=\u00bb\u00bb top_margin=\u00bb10px\u00bb bottom_margin=\u00bb10px\u00bb border_size=\u00bb\u00bb icon=\u00bb\u00bb icon_size=\u00bb\u00bb icon_circle=\u00bb\u00bb icon_circle_color=\u00bb\u00bb width=\u00bb\u00bb alignment=\u00bbcenter\u00bb \/][\/fusion_builder_column][\/fusion_builder_row][\/fusion_builder_container][fusion_builder_container hundred_percent=\u00bbno\u00bb hundred_percent_height=\u00bbno\u00bb hundred_percent_height_scroll=\u00bbno\u00bb hundred_percent_height_center_content=\u00bbyes\u00bb equal_height_columns=\u00bbno\u00bb menu_anchor=\u00bb\u00bb hide_on_mobile=\u00bbsmall-visibility,medium-visibility,large-visibility\u00bb class=\u00bb\u00bb id=\u00bb\u00bb background_color=\u00bb\u00bb background_image=\u00bb\u00bb background_position=\u00bbcenter center\u00bb background_repeat=\u00bbno-repeat\u00bb fade=\u00bbno\u00bb background_parallax=\u00bbnone\u00bb enable_mobile=\u00bbno\u00bb parallax_speed=\u00bb0.3&#8243; video_mp4=\u00bb\u00bb video_webm=\u00bb\u00bb video_ogv=\u00bb\u00bb video_url=\u00bb\u00bb video_aspect_ratio=\u00bb16:9&#8243; video_loop=\u00bbyes\u00bb video_mute=\u00bbyes\u00bb video_preview_image=\u00bb\u00bb border_color=\u00bb\u00bb border_style=\u00bbsolid\u00bb margin_top=\u00bb\u00bb margin_bottom=\u00bb\u00bb padding_top=\u00bb\u00bb padding_right=\u00bb0&#8243; padding_bottom=\u00bb\u00bb padding_left=\u00bb0&#8243; type=\u00bblegacy\u00bb flex_column_spacing=\u00bb0px\u00bb][fusion_builder_row][fusion_builder_column type=\u00bb1_1&#8243; layout=\u00bb1_1&#8243; spacing=\u00bbno\u00bb center_content=\u00bbno\u00bb link=\u00bb\u00bb target=\u00bb_self\u00bb min_height=\u00bb\u00bb hide_on_mobile=\u00bbsmall-visibility,medium-visibility,large-visibility\u00bb class=\u00bb\u00bb id=\u00bb\u00bb background_color=\u00bb\u00bb background_image=\u00bb\u00bb background_position=\u00bbleft top\u00bb undefined=\u00bb\u00bb background_repeat=\u00bbno-repeat\u00bb hover_type=\u00bbnone\u00bb border_color=\u00bb\u00bb border_style=\u00bbsolid\u00bb border_position=\u00bball\u00bb padding_top=\u00bb\u00bb padding_right=\u00bb\u00bb padding_bottom=\u00bb\u00bb padding_left=\u00bb\u00bb margin_top=\u00bb\u00bb margin_bottom=\u00bb\u00bb animation_type=\u00bb\u00bb animation_direction=\u00bbleft\u00bb animation_speed=\u00bb0.3&#8243; animation_offset=\u00bb\u00bb last=\u00bbtrue\u00bb border_sizes_top=\u00bb0&#8243; border_sizes_bottom=\u00bb0&#8243; border_sizes_left=\u00bb0&#8243; border_sizes_right=\u00bb0&#8243; first=\u00bbtrue\u00bb][fusion_portfolio layout=\u00bbgrid\u00bb picture_size=\u00bbdefault\u00bb text_layout=\u00bbno_text\u00bb grid_box_color=\u00bb\u00bb grid_element_color=\u00bb\u00bb grid_separator_style_type=\u00bb\u00bb grid_separator_color=\u00bb\u00bb columns=\u00bb2&#8243; column_spacing=\u00bb\u00bb portfolio_masonry_grid_ratio=\u00bb\u00bb portfolio_masonry_width_double=\u00bb\u00bb one_column_text_position=\u00bbbelow\u00bb equal_heights=\u00bbno\u00bb number_posts=\u00bb\u00bb portfolio_title_display=\u00bball\u00bb portfolio_text_alignment=\u00bbdefault\u00bb padding_top=\u00bb\u00bb padding_right=\u00bb\u00bb padding_bottom=\u00bb\u00bb padding_left=\u00bb\u00bb filters=\u00bbno\u00bb pull_by=\u00bbcategory\u00bb cat_slug=\u00bb\u00bb exclude_cats=\u00bbedicions-a-mida,llibres-unics,projectes,restauracio\u00bb tag_slug=\u00bb\u00bb exclude_tags=\u00bb\u00bb pagination_type=\u00bbnone\u00bb hide_url_params=\u00bboff\u00bb offset=\u00bb0&#8243; orderby=\u00bbdate\u00bb order=\u00bbDESC\u00bb content_length=\u00bbexcerpt\u00bb excerpt_length=\u00bb\u00bb strip_html=\u00bbyes\u00bb carousel_layout=\u00bbtitle_on_rollover\u00bb scroll_items=\u00bb\u00bb autoplay=\u00bbno\u00bb show_nav=\u00bbyes\u00bb mouse_scroll=\u00bbno\u00bb hide_on_mobile=\u00bbsmall-visibility,medium-visibility,large-visibility\u00bb class=\u00bb\u00bb id=\u00bb\u00bb animation_type=\u00bb\u00bb animation_direction=\u00bbleft\u00bb animation_speed=\u00bb0.3&#8243; animation_offset=\u00bb\u00bb \/][\/fusion_builder_column][\/fusion_builder_row][\/fusion_builder_container]<\/p>\n","protected":false},"excerpt":{"rendered":"<p>[fusion_builder_container hundred_percent=\u00bbno\u00bb hundred_percent_height=\u00bbno\u00bb hundred_percent_height_scroll=\u00bbno\u00bb hundred_percent_height_center_content=\u00bbyes\u00bb equal_height_columns=\u00bbno\u00bb menu_anchor=\u00bb\u00bb hide_on_mobile=\u00bbsmall-visibility,medium-visibility,large-visibility\u00bb class=\u00bb\u00bb id=\u00bb\u00bb  [&#8230;]<\/p>\n","protected":false},"author":3,"featured_media":0,"parent":1441,"menu_order":0,"comment_status":"closed","ping_status":"closed","template":"","meta":{"footnotes":""},"class_list":["post-1415","page","type-page","status-publish","hentry"],"yoast_head":"<!-- This site is optimized with the Yoast SEO plugin v27.5 - https:\/\/yoast.com\/product\/yoast-seo-wordpress\/ -->\n<title>Encuadernaci\u00f3n - Eva Blanes Taller<\/title>\n<meta name=\"robots\" content=\"index, follow, max-snippet:-1, max-image-preview:large, max-video-preview:-1\" \/>\n<link rel=\"canonical\" href=\"https:\/\/evablanestaller.com\/es\/que-ofrezco\/encuadernacion\/\" \/>\n<meta property=\"og:locale\" content=\"es_ES\" \/>\n<meta property=\"og:type\" content=\"article\" \/>\n<meta property=\"og:title\" content=\"Encuadernaci\u00f3n - Eva Blanes Taller\" \/>\n<meta property=\"og:description\" content=\"[fusion_builder_container hundred_percent=\u00bbno\u00bb hundred_percent_height=\u00bbno\u00bb hundred_percent_height_scroll=\u00bbno\u00bb hundred_percent_height_center_content=\u00bbyes\u00bb equal_height_columns=\u00bbno\u00bb menu_anchor=\u00bb\u00bb hide_on_mobile=\u00bbsmall-visibility,medium-visibility,large-visibility\u00bb class=\u00bb\u00bb id=\u00bb\u00bb [...]\" \/>\n<meta property=\"og:url\" content=\"https:\/\/evablanestaller.com\/es\/que-ofrezco\/encuadernacion\/\" \/>\n<meta property=\"og:site_name\" content=\"Eva Blanes Taller\" \/>\n<meta property=\"article:modified_time\" content=\"2025-03-20T16:38:13+00:00\" \/>\n<meta name=\"twitter:card\" content=\"summary_large_image\" \/>\n<meta name=\"twitter:label1\" content=\"Tiempo de lectura\" \/>\n\t<meta name=\"twitter:data1\" content=\"4 minutos\" \/>\n<script type=\"application\/ld+json\" class=\"yoast-schema-graph\">{\"@context\":\"https:\\\/\\\/schema.org\",\"@graph\":[{\"@type\":\"WebPage\",\"@id\":\"https:\\\/\\\/evablanestaller.com\\\/es\\\/que-ofrezco\\\/encuadernacion\\\/\",\"url\":\"https:\\\/\\\/evablanestaller.com\\\/es\\\/que-ofrezco\\\/encuadernacion\\\/\",\"name\":\"Encuadernaci\u00f3n - Eva Blanes Taller\",\"isPartOf\":{\"@id\":\"https:\\\/\\\/evablanestaller.com\\\/es\\\/#website\"},\"datePublished\":\"2018-09-04T16:58:36+00:00\",\"dateModified\":\"2025-03-20T16:38:13+00:00\",\"breadcrumb\":{\"@id\":\"https:\\\/\\\/evablanestaller.com\\\/es\\\/que-ofrezco\\\/encuadernacion\\\/#breadcrumb\"},\"inLanguage\":\"es\",\"potentialAction\":[{\"@type\":\"ReadAction\",\"target\":[\"https:\\\/\\\/evablanestaller.com\\\/es\\\/que-ofrezco\\\/encuadernacion\\\/\"]}]},{\"@type\":\"BreadcrumbList\",\"@id\":\"https:\\\/\\\/evablanestaller.com\\\/es\\\/que-ofrezco\\\/encuadernacion\\\/#breadcrumb\",\"itemListElement\":[{\"@type\":\"ListItem\",\"position\":1,\"name\":\"Inici\",\"item\":\"https:\\\/\\\/evablanestaller.com\\\/es\\\/\"},{\"@type\":\"ListItem\",\"position\":2,\"name\":\"\u00bfQu\u00e9 ofrezco?\",\"item\":\"https:\\\/\\\/evablanestaller.com\\\/es\\\/que-ofereixo\\\/\"},{\"@type\":\"ListItem\",\"position\":3,\"name\":\"Encuadernaci\u00f3n\"}]},{\"@type\":\"WebSite\",\"@id\":\"https:\\\/\\\/evablanestaller.com\\\/es\\\/#website\",\"url\":\"https:\\\/\\\/evablanestaller.com\\\/es\\\/\",\"name\":\"Eva Blanes Taller\",\"description\":\"\",\"potentialAction\":[{\"@type\":\"SearchAction\",\"target\":{\"@type\":\"EntryPoint\",\"urlTemplate\":\"https:\\\/\\\/evablanestaller.com\\\/es\\\/?s={search_term_string}\"},\"query-input\":{\"@type\":\"PropertyValueSpecification\",\"valueRequired\":true,\"valueName\":\"search_term_string\"}}],\"inLanguage\":\"es\"}]}<\/script>\n<!-- \/ Yoast SEO plugin. -->","yoast_head_json":{"title":"Encuadernaci\u00f3n - Eva Blanes Taller","robots":{"index":"index","follow":"follow","max-snippet":"max-snippet:-1","max-image-preview":"max-image-preview:large","max-video-preview":"max-video-preview:-1"},"canonical":"https:\/\/evablanestaller.com\/es\/que-ofrezco\/encuadernacion\/","og_locale":"es_ES","og_type":"article","og_title":"Encuadernaci\u00f3n - Eva Blanes Taller","og_description":"[fusion_builder_container hundred_percent=\u00bbno\u00bb hundred_percent_height=\u00bbno\u00bb hundred_percent_height_scroll=\u00bbno\u00bb hundred_percent_height_center_content=\u00bbyes\u00bb equal_height_columns=\u00bbno\u00bb menu_anchor=\u00bb\u00bb hide_on_mobile=\u00bbsmall-visibility,medium-visibility,large-visibility\u00bb class=\u00bb\u00bb id=\u00bb\u00bb [...]","og_url":"https:\/\/evablanestaller.com\/es\/que-ofrezco\/encuadernacion\/","og_site_name":"Eva Blanes Taller","article_modified_time":"2025-03-20T16:38:13+00:00","twitter_card":"summary_large_image","twitter_misc":{"Tiempo de lectura":"4 minutos"},"schema":{"@context":"https:\/\/schema.org","@graph":[{"@type":"WebPage","@id":"https:\/\/evablanestaller.com\/es\/que-ofrezco\/encuadernacion\/","url":"https:\/\/evablanestaller.com\/es\/que-ofrezco\/encuadernacion\/","name":"Encuadernaci\u00f3n - Eva Blanes Taller","isPartOf":{"@id":"https:\/\/evablanestaller.com\/es\/#website"},"datePublished":"2018-09-04T16:58:36+00:00","dateModified":"2025-03-20T16:38:13+00:00","breadcrumb":{"@id":"https:\/\/evablanestaller.com\/es\/que-ofrezco\/encuadernacion\/#breadcrumb"},"inLanguage":"es","potentialAction":[{"@type":"ReadAction","target":["https:\/\/evablanestaller.com\/es\/que-ofrezco\/encuadernacion\/"]}]},{"@type":"BreadcrumbList","@id":"https:\/\/evablanestaller.com\/es\/que-ofrezco\/encuadernacion\/#breadcrumb","itemListElement":[{"@type":"ListItem","position":1,"name":"Inici","item":"https:\/\/evablanestaller.com\/es\/"},{"@type":"ListItem","position":2,"name":"\u00bfQu\u00e9 ofrezco?","item":"https:\/\/evablanestaller.com\/es\/que-ofereixo\/"},{"@type":"ListItem","position":3,"name":"Encuadernaci\u00f3n"}]},{"@type":"WebSite","@id":"https:\/\/evablanestaller.com\/es\/#website","url":"https:\/\/evablanestaller.com\/es\/","name":"Eva Blanes Taller","description":"","potentialAction":[{"@type":"SearchAction","target":{"@type":"EntryPoint","urlTemplate":"https:\/\/evablanestaller.com\/es\/?s={search_term_string}"},"query-input":{"@type":"PropertyValueSpecification","valueRequired":true,"valueName":"search_term_string"}}],"inLanguage":"es"}]}},"_links":{"self":[{"href":"https:\/\/evablanestaller.com\/es\/wp-json\/wp\/v2\/pages\/1415","targetHints":{"allow":["GET"]}}],"collection":[{"href":"https:\/\/evablanestaller.com\/es\/wp-json\/wp\/v2\/pages"}],"about":[{"href":"https:\/\/evablanestaller.com\/es\/wp-json\/wp\/v2\/types\/page"}],"author":[{"embeddable":true,"href":"https:\/\/evablanestaller.com\/es\/wp-json\/wp\/v2\/users\/3"}],"replies":[{"embeddable":true,"href":"https:\/\/evablanestaller.com\/es\/wp-json\/wp\/v2\/comments?post=1415"}],"version-history":[{"count":8,"href":"https:\/\/evablanestaller.com\/es\/wp-json\/wp\/v2\/pages\/1415\/revisions"}],"predecessor-version":[{"id":2938,"href":"https:\/\/evablanestaller.com\/es\/wp-json\/wp\/v2\/pages\/1415\/revisions\/2938"}],"up":[{"embeddable":true,"href":"https:\/\/evablanestaller.com\/es\/wp-json\/wp\/v2\/pages\/1441"}],"wp:attachment":[{"href":"https:\/\/evablanestaller.com\/es\/wp-json\/wp\/v2\/media?parent=1415"}],"curies":[{"name":"wp","href":"https:\/\/api.w.org\/{rel}","templated":true}]}}