{"id":1476,"date":"2018-09-04T19:00:00","date_gmt":"2018-09-04T17:00:00","guid":{"rendered":"https:\/\/evaproves.beringserveis.eu\/que-ofrezco\/disseny-grafic\/"},"modified":"2020-08-13T12:12:16","modified_gmt":"2020-08-13T10:12:16","slug":"diseno-grafico","status":"publish","type":"page","link":"https:\/\/evablanestaller.com\/es\/que-ofrezco\/diseno-grafico\/","title":{"rendered":"Dise\u00f1o Gr\u00e1fico"},"content":{"rendered":"<p>[fusion_builder_container hundred_percent=\u00bbno\u00bb hundred_percent_height=\u00bbno\u00bb hundred_percent_height_scroll=\u00bbno\u00bb hundred_percent_height_center_content=\u00bbyes\u00bb equal_height_columns=\u00bbno\u00bb menu_anchor=\u00bb\u00bb hide_on_mobile=\u00bbsmall-visibility,medium-visibility,large-visibility\u00bb class=\u00bb\u00bb id=\u00bb\u00bb background_color=\u00bb\u00bb background_image=\u00bb\u00bb background_position=\u00bbcenter center\u00bb background_repeat=\u00bbno-repeat\u00bb fade=\u00bbno\u00bb background_parallax=\u00bbnone\u00bb enable_mobile=\u00bbno\u00bb parallax_speed=\u00bb0.3&#8243; video_mp4=\u00bb\u00bb video_webm=\u00bb\u00bb video_ogv=\u00bb\u00bb video_url=\u00bb\u00bb video_aspect_ratio=\u00bb16:9&#8243; video_loop=\u00bbyes\u00bb video_mute=\u00bbyes\u00bb video_preview_image=\u00bb\u00bb border_color=\u00bb\u00bb border_style=\u00bbsolid\u00bb margin_top=\u00bb\u00bb margin_bottom=\u00bb\u00bb padding_top=\u00bb\u00bb padding_right=\u00bb\u00bb padding_bottom=\u00bb\u00bb padding_left=\u00bb\u00bb type=\u00bblegacy\u00bb][fusion_builder_row][fusion_builder_column type=\u00bb1_1&#8243; layout=\u00bb1_1&#8243; spacing=\u00bb\u00bb center_content=\u00bbno\u00bb link=\u00bb\u00bb target=\u00bb_self\u00bb min_height=\u00bb\u00bb hide_on_mobile=\u00bbsmall-visibility,medium-visibility,large-visibility\u00bb class=\u00bb\u00bb id=\u00bb\u00bb background_color=\u00bb\u00bb background_image=\u00bb\u00bb background_position=\u00bbleft top\u00bb undefined=\u00bb\u00bb background_repeat=\u00bbno-repeat\u00bb hover_type=\u00bbnone\u00bb border_color=\u00bb\u00bb border_style=\u00bbsolid\u00bb border_position=\u00bball\u00bb padding_top=\u00bb\u00bb padding_right=\u00bb10%\u00bb padding_bottom=\u00bb\u00bb padding_left=\u00bb10%\u00bb margin_top=\u00bb\u00bb margin_bottom=\u00bb\u00bb animation_type=\u00bb\u00bb animation_direction=\u00bbleft\u00bb animation_speed=\u00bb0.3&#8243; animation_offset=\u00bb\u00bb last=\u00bbtrue\u00bb border_sizes_top=\u00bb0&#8243; border_sizes_bottom=\u00bb0&#8243; border_sizes_left=\u00bb0&#8243; border_sizes_right=\u00bb0&#8243; first=\u00bbtrue\u00bb type=\u00bb1_1&#8243;][fusion_title title_type=\u00bbtext\u00bb rotation_effect=\u00bbbounceIn\u00bb display_time=\u00bb1200&#8243; highlight_effect=\u00bbcircle\u00bb loop_animation=\u00bboff\u00bb highlight_width=\u00bb9&#8243; highlight_top_margin=\u00bb0&#8243; before_text=\u00bb\u00bb rotation_text=\u00bb\u00bb highlight_text=\u00bb\u00bb after_text=\u00bb\u00bb hide_on_mobile=\u00bbsmall-visibility,medium-visibility,large-visibility\u00bb sticky_display=\u00bbnormal,sticky\u00bb class=\u00bb\u00bb id=\u00bb\u00bb content_align_medium=\u00bb\u00bb content_align_small=\u00bb\u00bb content_align=\u00bbcenter\u00bb size=\u00bb1&#8243; font_size=\u00bb\u00bb animated_font_size=\u00bb\u00bb fusion_font_family_title_font=\u00bb\u00bb fusion_font_variant_title_font=\u00bb\u00bb line_height=\u00bb\u00bb letter_spacing=\u00bb\u00bb margin_top_medium=\u00bb\u00bb margin_bottom_medium=\u00bb\u00bb margin_top_small=\u00bb\u00bb margin_bottom_small=\u00bb\u00bb margin_top=\u00bb\u00bb margin_bottom=\u00bb\u00bb margin_top_mobile=\u00bb\u00bb margin_bottom_mobile=\u00bb\u00bb text_color=\u00bb\u00bb animated_text_color=\u00bb\u00bb highlight_color=\u00bb\u00bb style_type=\u00bbdefault\u00bb sep_color=\u00bb\u00bb animation_type=\u00bb\u00bb animation_direction=\u00bbleft\u00bb animation_speed=\u00bb0.3&#8243; animation_offset=\u00bb\u00bb]Dise\u00f1o Gr\u00e1fico[\/fusion_title][fusion_text columns=\u00bb\u00bb column_min_width=\u00bb\u00bb column_spacing=\u00bb\u00bb rule_style=\u00bbdefault\u00bb rule_size=\u00bb\u00bb rule_color=\u00bb\u00bb content_alignment_medium=\u00bb\u00bb content_alignment_small=\u00bb\u00bb content_alignment=\u00bb\u00bb hide_on_mobile=\u00bbsmall-visibility,medium-visibility,large-visibility\u00bb sticky_display=\u00bbnormal,sticky\u00bb class=\u00bb\u00bb id=\u00bb\u00bb font_size=\u00bb\u00bb fusion_font_family_text_font=\u00bb\u00bb fusion_font_variant_text_font=\u00bb\u00bb line_height=\u00bb\u00bb letter_spacing=\u00bb\u00bb text_color=\u00bb\u00bb animation_type=\u00bb\u00bb animation_direction=\u00bbleft\u00bb animation_speed=\u00bb0.3&#8243; animation_offset=\u00bb\u00bb]<\/p>\n<p>El dise\u00f1o gr\u00e1fico nos ayuda a plasmar las ideas y los contenidos que queremos transmitir de manera atractiva, visual y comprensible; a potenciar la expresividad al m\u00e1ximo, a comunicar nuestro mensaje y nuestro estilo o identidad de manera precisa.<\/p>\n<p>Tanto si tienes textos, ilustraciones o fotograf\u00edas que te gustar\u00eda editar en forma de libro, como si imaginas una cubierta especial para tu novela, o un estilo renovado para el dise\u00f1o de las cartas de tu restaurante; si organizas un evento y necesitas hacerlo visible en un cartel, darle la calidad que se merece con un programa de mano profesional, presentarte con unas buenas tarjetas de visita&#8230; o cualquier otra idea o reto que tengas en la cabeza, tanto en formato editorial como promocional, trabajamos conjuntamente para encontrar una soluci\u00f3n gr\u00e1fica adecuada e inspiradora.<\/p>\n<p>[\/fusion_text][\/fusion_builder_column][\/fusion_builder_row][\/fusion_builder_container][fusion_builder_container hundred_percent=\u00bbno\u00bb hundred_percent_height=\u00bbno\u00bb hundred_percent_height_scroll=\u00bbno\u00bb hundred_percent_height_center_content=\u00bbyes\u00bb equal_height_columns=\u00bbno\u00bb menu_anchor=\u00bb\u00bb hide_on_mobile=\u00bbsmall-visibility,medium-visibility,large-visibility\u00bb class=\u00bb\u00bb id=\u00bb\u00bb background_color=\u00bb\u00bb background_image=\u00bb\u00bb background_position=\u00bbcenter center\u00bb background_repeat=\u00bbno-repeat\u00bb fade=\u00bbno\u00bb background_parallax=\u00bbnone\u00bb enable_mobile=\u00bbno\u00bb parallax_speed=\u00bb0.3&#8243; video_mp4=\u00bb\u00bb video_webm=\u00bb\u00bb video_ogv=\u00bb\u00bb video_url=\u00bb\u00bb video_aspect_ratio=\u00bb16:9&#8243; video_loop=\u00bbyes\u00bb video_mute=\u00bbyes\u00bb video_preview_image=\u00bb\u00bb border_color=\u00bb\u00bb border_style=\u00bbsolid\u00bb margin_top=\u00bb\u00bb margin_bottom=\u00bb\u00bb padding_top=\u00bb\u00bb padding_right=\u00bb0&#8243; padding_bottom=\u00bb\u00bb padding_left=\u00bb0&#8243; type=\u00bblegacy\u00bb flex_column_spacing=\u00bb0px\u00bb][fusion_builder_row][fusion_builder_column type=\u00bb1_1&#8243; layout=\u00bb1_1&#8243; spacing=\u00bbno\u00bb center_content=\u00bbno\u00bb link=\u00bb\u00bb target=\u00bb_self\u00bb min_height=\u00bb\u00bb hide_on_mobile=\u00bbsmall-visibility,medium-visibility,large-visibility\u00bb class=\u00bb\u00bb id=\u00bb\u00bb background_color=\u00bb\u00bb background_image=\u00bb\u00bb background_position=\u00bbleft top\u00bb undefined=\u00bb\u00bb background_repeat=\u00bbno-repeat\u00bb hover_type=\u00bbnone\u00bb border_color=\u00bb\u00bb border_style=\u00bbsolid\u00bb border_position=\u00bball\u00bb padding_top=\u00bb\u00bb padding_right=\u00bb\u00bb padding_bottom=\u00bb\u00bb padding_left=\u00bb\u00bb margin_top=\u00bb\u00bb margin_bottom=\u00bb\u00bb animation_type=\u00bb\u00bb animation_direction=\u00bbleft\u00bb animation_speed=\u00bb0.3&#8243; animation_offset=\u00bb\u00bb last=\u00bbtrue\u00bb border_sizes_top=\u00bb0&#8243; border_sizes_bottom=\u00bb0&#8243; border_sizes_left=\u00bb0&#8243; border_sizes_right=\u00bb0&#8243; first=\u00bbtrue\u00bb type=\u00bb1_1&#8243;][fusion_gallery layout=\u00bbgrid\u00bb picture_size=\u00bbauto\u00bb columns=\u00bb2&#8243; column_spacing=\u00bb\u00bb gallery_masonry_grid_ratio=\u00bb1.0&#8243; gallery_masonry_width_double=\u00bb\u00bb hover_type=\u00bb\u00bb lightbox=\u00bbyes\u00bb lightbox_content=\u00bb\u00bb bordersize=\u00bb\u00bb bordercolor=\u00bb\u00bb border_radius=\u00bb\u00bb hide_on_mobile=\u00bbsmall-visibility,medium-visibility,large-visibility\u00bb class=\u00bb\u00bb id=\u00bb\u00bb][fusion_gallery_image image=\u00bbhttps:\/\/evablanestaller.com\/wp-content\/uploads\/2020\/06\/1_Edicio_llibre_poesia_musica_Mussia.jpg\u00bb image_id=\u00bb959&#8243; link=\u00bb\u00bb linktarget=\u00bb_self\u00bb \/][fusion_gallery_image image=\u00bbhttps:\/\/evablanestaller.com\/wp-content\/uploads\/2020\/06\/2_Programa_musical.jpg\u00bb image_id=\u00bb958&#8243; link=\u00bb\u00bb linktarget=\u00bb_self\u00bb \/][fusion_gallery_image image=\u00bbhttps:\/\/evablanestaller.com\/wp-content\/uploads\/2020\/06\/3_Cuplet_catala_centenari_CD-.jpg\u00bb image_id=\u00bb955&#8243; link=\u00bb\u00bb linktarget=\u00bb_self\u00bb \/][fusion_gallery_image image=\u00bbhttps:\/\/evablanestaller.com\/wp-content\/uploads\/2020\/06\/4_Serenates-programa_ma.jpg\u00bb image_id=\u00bb954&#8243; link=\u00bb\u00bb linktarget=\u00bb_self\u00bb \/][fusion_gallery_image image=\u00bbhttps:\/\/evablanestaller.com\/wp-content\/uploads\/2020\/06\/5_Faules_Fedre_Edicio.jpg\u00bb image_id=\u00bb946&#8243; link=\u00bb\u00bb linktarget=\u00bb_self\u00bb \/][fusion_gallery_image image=\u00bbhttps:\/\/evablanestaller.com\/wp-content\/uploads\/2020\/06\/6_Projecte_editorial_Bau.jpg\u00bb image_id=\u00bb952&#8243; link=\u00bb\u00bb linktarget=\u00bb_self\u00bb \/][fusion_gallery_image image=\u00bbhttps:\/\/evablanestaller.com\/wp-content\/uploads\/2020\/06\/7_Atapuerca_album_didactico_Legua.jpg\u00bb image_id=\u00bb956&#8243; link=\u00bb\u00bb linktarget=\u00bb_self\u00bb \/][fusion_gallery_image image=\u00bbhttps:\/\/evablanestaller.com\/wp-content\/uploads\/2020\/06\/8_Rey_Irlanda_album_ilustrado_Legua.jpg\u00bb image_id=\u00bb957&#8243; link=\u00bb\u00bb linktarget=\u00bb_self\u00bb \/][fusion_gallery_image image=\u00bbhttps:\/\/evablanestaller.com\/wp-content\/uploads\/2020\/06\/9_Dreaming_album_ilustrado_Legua.jpg\u00bb image_id=\u00bb947&#8243; link=\u00bb\u00bb linktarget=\u00bb_self\u00bb \/][fusion_gallery_image image=\u00bbhttps:\/\/evablanestaller.com\/wp-content\/uploads\/2020\/06\/10_Marilluna_album_Legua.jpg\u00bb image_id=\u00bb948&#8243; link=\u00bb\u00bb linktarget=\u00bb_self\u00bb \/][fusion_gallery_image image=\u00bbhttps:\/\/evablanestaller.com\/wp-content\/uploads\/2020\/06\/11_Serenates_banner.jpg\u00bb image_id=\u00bb945&#8243; link=\u00bb\u00bb linktarget=\u00bb_self\u00bb \/][fusion_gallery_image image=\u00bbhttps:\/\/evablanestaller.com\/wp-content\/uploads\/2020\/06\/12-Grafica_festival-fimpt-.jpg\u00bb image_id=\u00bb953&#8243; link=\u00bb\u00bb linktarget=\u00bb_self\u00bb \/][fusion_gallery_image image=\u00bbhttps:\/\/evablanestaller.com\/wp-content\/uploads\/2020\/06\/13_Grafica_entorn_Bau__2.jpg\u00bb image_id=\u00bb943&#8243; link=\u00bb\u00bb linktarget=\u00bb_self\u00bb \/][fusion_gallery_image image=\u00bbhttps:\/\/evablanestaller.com\/wp-content\/uploads\/2020\/06\/14_Grafica_entorn_Bau.jpg\u00bb image_id=\u00bb944&#8243; link=\u00bb\u00bb linktarget=\u00bb_self\u00bb \/][fusion_gallery_image image=\u00bbhttps:\/\/evablanestaller.com\/wp-content\/uploads\/2020\/06\/15_Cartell_picnic_cultural.jpg\u00bb image_id=\u00bb951&#8243; link=\u00bb\u00bb linktarget=\u00bb_self\u00bb \/][fusion_gallery_image image=\u00bbhttps:\/\/evablanestaller.com\/wp-content\/uploads\/2020\/06\/16_Cartell_expo_UCFR_STOP.jpg\u00bb image_id=\u00bb949&#8243; link=\u00bb\u00bb linktarget=\u00bb_self\u00bb \/][fusion_gallery_image image=\u00bbhttps:\/\/evablanestaller.com\/wp-content\/uploads\/2020\/06\/17_La_ciudad_ambulante_expo.jpg\u00bb image_id=\u00bb950&#8243; link=\u00bb\u00bb linktarget=\u00bb_self\u00bb \/][\/fusion_gallery][\/fusion_builder_column][\/fusion_builder_row][\/fusion_builder_container]<\/p>\n","protected":false},"excerpt":{"rendered":"<p>[fusion_builder_container hundred_percent=\u00bbno\u00bb hundred_percent_height=\u00bbno\u00bb hundred_percent_height_scroll=\u00bbno\u00bb hundred_percent_height_center_content=\u00bbyes\u00bb equal_height_columns=\u00bbno\u00bb menu_anchor=\u00bb\u00bb hide_on_mobile=\u00bbsmall-visibility,medium-visibility,large-visibility\u00bb class=\u00bb\u00bb id=\u00bb\u00bb  [&#8230;]<\/p>\n","protected":false},"author":3,"featured_media":0,"parent":1441,"menu_order":0,"comment_status":"closed","ping_status":"closed","template":"","meta":{"footnotes":""},"class_list":["post-1476","page","type-page","status-publish","hentry"],"yoast_head":"<!-- This site is optimized with the Yoast SEO plugin v27.3 - https:\/\/yoast.com\/product\/yoast-seo-wordpress\/ -->\n<title>Dise\u00f1o Gr\u00e1fico - Eva Blanes Taller<\/title>\n<meta name=\"robots\" content=\"index, follow, max-snippet:-1, max-image-preview:large, max-video-preview:-1\" \/>\n<link rel=\"canonical\" href=\"https:\/\/evablanestaller.com\/es\/que-ofrezco\/diseno-grafico\/\" \/>\n<meta property=\"og:locale\" content=\"es_ES\" \/>\n<meta property=\"og:type\" content=\"article\" \/>\n<meta property=\"og:title\" content=\"Dise\u00f1o Gr\u00e1fico - Eva Blanes Taller\" \/>\n<meta property=\"og:description\" content=\"[fusion_builder_container hundred_percent=\u00bbno\u00bb hundred_percent_height=\u00bbno\u00bb hundred_percent_height_scroll=\u00bbno\u00bb hundred_percent_height_center_content=\u00bbyes\u00bb equal_height_columns=\u00bbno\u00bb menu_anchor=\u00bb\u00bb hide_on_mobile=\u00bbsmall-visibility,medium-visibility,large-visibility\u00bb class=\u00bb\u00bb id=\u00bb\u00bb [...]\" \/>\n<meta property=\"og:url\" content=\"https:\/\/evablanestaller.com\/es\/que-ofrezco\/diseno-grafico\/\" \/>\n<meta property=\"og:site_name\" content=\"Eva Blanes Taller\" \/>\n<meta property=\"article:modified_time\" content=\"2020-08-13T10:12:16+00:00\" \/>\n<meta name=\"twitter:card\" content=\"summary_large_image\" \/>\n<meta name=\"twitter:label1\" content=\"Tiempo de lectura\" \/>\n\t<meta name=\"twitter:data1\" content=\"5 minutos\" \/>\n<script type=\"application\/ld+json\" class=\"yoast-schema-graph\">{\"@context\":\"https:\\\/\\\/schema.org\",\"@graph\":[{\"@type\":\"WebPage\",\"@id\":\"https:\\\/\\\/evablanestaller.com\\\/es\\\/que-ofrezco\\\/diseno-grafico\\\/\",\"url\":\"https:\\\/\\\/evablanestaller.com\\\/es\\\/que-ofrezco\\\/diseno-grafico\\\/\",\"name\":\"Dise\u00f1o Gr\u00e1fico - Eva Blanes Taller\",\"isPartOf\":{\"@id\":\"https:\\\/\\\/evablanestaller.com\\\/es\\\/#website\"},\"datePublished\":\"2018-09-04T17:00:00+00:00\",\"dateModified\":\"2020-08-13T10:12:16+00:00\",\"breadcrumb\":{\"@id\":\"https:\\\/\\\/evablanestaller.com\\\/es\\\/que-ofrezco\\\/diseno-grafico\\\/#breadcrumb\"},\"inLanguage\":\"es\",\"potentialAction\":[{\"@type\":\"ReadAction\",\"target\":[\"https:\\\/\\\/evablanestaller.com\\\/es\\\/que-ofrezco\\\/diseno-grafico\\\/\"]}]},{\"@type\":\"BreadcrumbList\",\"@id\":\"https:\\\/\\\/evablanestaller.com\\\/es\\\/que-ofrezco\\\/diseno-grafico\\\/#breadcrumb\",\"itemListElement\":[{\"@type\":\"ListItem\",\"position\":1,\"name\":\"Inici\",\"item\":\"https:\\\/\\\/evablanestaller.com\\\/es\\\/\"},{\"@type\":\"ListItem\",\"position\":2,\"name\":\"\u00bfQu\u00e9 ofrezco?\",\"item\":\"https:\\\/\\\/evablanestaller.com\\\/es\\\/que-ofereixo\\\/\"},{\"@type\":\"ListItem\",\"position\":3,\"name\":\"Dise\u00f1o Gr\u00e1fico\"}]},{\"@type\":\"WebSite\",\"@id\":\"https:\\\/\\\/evablanestaller.com\\\/es\\\/#website\",\"url\":\"https:\\\/\\\/evablanestaller.com\\\/es\\\/\",\"name\":\"Eva Blanes Taller\",\"description\":\"\",\"potentialAction\":[{\"@type\":\"SearchAction\",\"target\":{\"@type\":\"EntryPoint\",\"urlTemplate\":\"https:\\\/\\\/evablanestaller.com\\\/es\\\/?s={search_term_string}\"},\"query-input\":{\"@type\":\"PropertyValueSpecification\",\"valueRequired\":true,\"valueName\":\"search_term_string\"}}],\"inLanguage\":\"es\"}]}<\/script>\n<!-- \/ Yoast SEO plugin. -->","yoast_head_json":{"title":"Dise\u00f1o Gr\u00e1fico - Eva Blanes Taller","robots":{"index":"index","follow":"follow","max-snippet":"max-snippet:-1","max-image-preview":"max-image-preview:large","max-video-preview":"max-video-preview:-1"},"canonical":"https:\/\/evablanestaller.com\/es\/que-ofrezco\/diseno-grafico\/","og_locale":"es_ES","og_type":"article","og_title":"Dise\u00f1o Gr\u00e1fico - Eva Blanes Taller","og_description":"[fusion_builder_container hundred_percent=\u00bbno\u00bb hundred_percent_height=\u00bbno\u00bb hundred_percent_height_scroll=\u00bbno\u00bb hundred_percent_height_center_content=\u00bbyes\u00bb equal_height_columns=\u00bbno\u00bb menu_anchor=\u00bb\u00bb hide_on_mobile=\u00bbsmall-visibility,medium-visibility,large-visibility\u00bb class=\u00bb\u00bb id=\u00bb\u00bb [...]","og_url":"https:\/\/evablanestaller.com\/es\/que-ofrezco\/diseno-grafico\/","og_site_name":"Eva Blanes Taller","article_modified_time":"2020-08-13T10:12:16+00:00","twitter_card":"summary_large_image","twitter_misc":{"Tiempo de lectura":"5 minutos"},"schema":{"@context":"https:\/\/schema.org","@graph":[{"@type":"WebPage","@id":"https:\/\/evablanestaller.com\/es\/que-ofrezco\/diseno-grafico\/","url":"https:\/\/evablanestaller.com\/es\/que-ofrezco\/diseno-grafico\/","name":"Dise\u00f1o Gr\u00e1fico - Eva Blanes Taller","isPartOf":{"@id":"https:\/\/evablanestaller.com\/es\/#website"},"datePublished":"2018-09-04T17:00:00+00:00","dateModified":"2020-08-13T10:12:16+00:00","breadcrumb":{"@id":"https:\/\/evablanestaller.com\/es\/que-ofrezco\/diseno-grafico\/#breadcrumb"},"inLanguage":"es","potentialAction":[{"@type":"ReadAction","target":["https:\/\/evablanestaller.com\/es\/que-ofrezco\/diseno-grafico\/"]}]},{"@type":"BreadcrumbList","@id":"https:\/\/evablanestaller.com\/es\/que-ofrezco\/diseno-grafico\/#breadcrumb","itemListElement":[{"@type":"ListItem","position":1,"name":"Inici","item":"https:\/\/evablanestaller.com\/es\/"},{"@type":"ListItem","position":2,"name":"\u00bfQu\u00e9 ofrezco?","item":"https:\/\/evablanestaller.com\/es\/que-ofereixo\/"},{"@type":"ListItem","position":3,"name":"Dise\u00f1o Gr\u00e1fico"}]},{"@type":"WebSite","@id":"https:\/\/evablanestaller.com\/es\/#website","url":"https:\/\/evablanestaller.com\/es\/","name":"Eva Blanes Taller","description":"","potentialAction":[{"@type":"SearchAction","target":{"@type":"EntryPoint","urlTemplate":"https:\/\/evablanestaller.com\/es\/?s={search_term_string}"},"query-input":{"@type":"PropertyValueSpecification","valueRequired":true,"valueName":"search_term_string"}}],"inLanguage":"es"}]}},"_links":{"self":[{"href":"https:\/\/evablanestaller.com\/es\/wp-json\/wp\/v2\/pages\/1476","targetHints":{"allow":["GET"]}}],"collection":[{"href":"https:\/\/evablanestaller.com\/es\/wp-json\/wp\/v2\/pages"}],"about":[{"href":"https:\/\/evablanestaller.com\/es\/wp-json\/wp\/v2\/types\/page"}],"author":[{"embeddable":true,"href":"https:\/\/evablanestaller.com\/es\/wp-json\/wp\/v2\/users\/3"}],"replies":[{"embeddable":true,"href":"https:\/\/evablanestaller.com\/es\/wp-json\/wp\/v2\/comments?post=1476"}],"version-history":[{"count":3,"href":"https:\/\/evablanestaller.com\/es\/wp-json\/wp\/v2\/pages\/1476\/revisions"}],"predecessor-version":[{"id":1529,"href":"https:\/\/evablanestaller.com\/es\/wp-json\/wp\/v2\/pages\/1476\/revisions\/1529"}],"up":[{"embeddable":true,"href":"https:\/\/evablanestaller.com\/es\/wp-json\/wp\/v2\/pages\/1441"}],"wp:attachment":[{"href":"https:\/\/evablanestaller.com\/es\/wp-json\/wp\/v2\/media?parent=1476"}],"curies":[{"name":"wp","href":"https:\/\/api.w.org\/{rel}","templated":true}]}}