{"id":1534,"date":"2020-07-30T09:37:57","date_gmt":"2020-07-30T07:37:57","guid":{"rendered":"https:\/\/evaproves.beringserveis.eu\/politica-de-cookies\/"},"modified":"2020-08-13T12:37:57","modified_gmt":"2020-08-13T10:37:57","slug":"politica-de-cookies","status":"publish","type":"page","link":"https:\/\/evablanestaller.com\/es\/politica-de-cookies\/","title":{"rendered":"\u00abPOL\u00cdTICA DE COOKIES\u00bb"},"content":{"rendered":"<h1>\u00abPOL\u00cdTICA DE COOKIES\u00bb<\/h1>\n<h2>1.- ANTECEDENTES<\/h2>\n<p>De conformidad con la normativa espa\u00f1ola que regula el uso de cookies en relaci\u00f3n a la prestaci\u00f3n de servicios de comunicaciones electr\u00f3nicas, recogida en el art\u00edculo 22.2 de la Ley 34\/2002, del 11 de julio, de servicios de la sociedad de la informaci\u00f3n y de comercio electr\u00f3nico, le informamos sobre las cookies utilizadas en el sitio web de EVA BLANES MELENDEZ y el motivo de su uso.<\/p>\n<h2>2.- \u00bfQUE SON LAS COOKIES?<\/h2>\n<p>Una cookie es un fichero que se descarga en su ordenador al acceder a determinadas p\u00e1ginas web. Las cookies permiten a una p\u00e1gina web, entre otras cosas, almacenar y recuperar informaci\u00f3n sobre los h\u00e1bitos de navegaci\u00f3n de un usuario o de su equipo y, dependiendo de la informaci\u00f3n que contengan y de la forma en que utilice su equipo, pueden utilizarse para reconocer al usuario. Las cookies se asocian \u00fanicamente a un usuario an\u00f3nimo y su ordenador o dispositivo y no proporcionan referencias que permitan conocer sus datos personales.<\/p>\n<h2>3.- TIPOS DE COOKIES<\/h2>\n<h3>3.1.- Seg\u00fan la entidad que las gestiona<\/h3>\n<p>a.- Cookies propias: Son aqu\u00e9llas que se env\u00edan al equipo terminal del usuario desde un equipo o dominio gestionado por el propio editor y desde el que se presta el servicio solicitado por el usuario.<\/p>\n<p>b.- Cookies de terceros: Son aqu\u00e9llas que se env\u00edan al equipo terminal del usuario desde un equipo o dominio que no es gestionado por el editor, sino por otra entidad que trata los datos obtenidos a trav\u00e9s de las cookies.<\/p>\n<h3>3.2.- Seg\u00fan la finalidad<\/h3>\n<p>Existen muchas finalidades para el uso de las cookies. Seg\u00fan la finalidad para la que se traten los datos obtenidos a trav\u00e9s de las cookies, algunas de las finalidades pueden ser:<\/p>\n<p>a) Cookies t\u00e9cnicas: son aquellas que permiten al usuario la navegaci\u00f3n a trav\u00e9s de una p\u00e1gina web, plataforma o aplicaci\u00f3n y la utilizaci\u00f3n de las diferentes opciones o servicios que en ella existan, incluyendo aquellas que el editor utiliza para permitir la gesti\u00f3n y operativa de la p\u00e1gina web y habilitar sus funciones y servicios, como, por ejemplo, controlar el tr\u00e1fico y la comunicaci\u00f3n de datos, identificar la sesi\u00f3n, acceder a partes de acceso restringido, recordar los elementos que integran un pedido, realizar el proceso de compra de un pedido, gestionar el pago, controlar el fraude vinculado a la seguridad del servicio, realizar la solicitud de inscripci\u00f3n o participaci\u00f3n en un evento, contar visitas a efectos de la facturaci\u00f3n de licencias del software con el que funciona el servicio (sitio web, plataforma o aplicaci\u00f3n), utilizar elementos de seguridad durante la navegaci\u00f3n, almacenar contenidos para la difusi\u00f3n de v\u00eddeos o sonido, habilitar contenidos din\u00e1micos (por ejemplo, animaci\u00f3n de carga de un texto o imagen) o compartir contenidos a trav\u00e9s de redes sociales.<\/p>\n<p>Las cookies t\u00e9cnicas estar\u00e1n exceptuadas del cumplimiento de las obligaciones establecidas en el art\u00edculo 22.2 de la LSSI cuando permitan prestar el servicio solicitado por el usuario, como ocurre en el caso de las cookies enumeradas en los p\u00e1rrafos anteriores. Sin embargo, si estas cookies se utilizan tambi\u00e9n para finalidades no exentas (por ejemplo, para fines publicitarios comportamentales), quedar\u00e1n sujetas a dichas obligaciones.<\/p>\n<p>b) Cookies de preferencias o personalizaci\u00f3n: son aquellas que permiten recordar informaci\u00f3n para que el usuario acceda al servicio con determinadas caracter\u00edsticas que pueden diferenciar su experiencia de la de otros usuarios, como, por ejemplo, el idioma, el n\u00famero de resultados a mostrar cuando el usuario realiza una b\u00fasqueda, el aspecto o contenido del servicio en funci\u00f3n del tipo de navegador a trav\u00e9s del cual el usuario accede al servicio o de la regi\u00f3n desde la que accede al servicio, etc.<\/p>\n<p>Si es el propio usuario quien elige esas caracter\u00edsticas (por ejemplo, si selecciona el idioma de un sitio web clicando en el icono de la bandera del pa\u00eds correspondiente), las cookies estar\u00e1n exceptuadas de las obligaciones del art\u00edculo 22.2 de la LSSI por considerarse un servicio expresamente solicitado por el usuario, y ello siempre y cuando las cookies obedezcan exclusivamente a la finalidad seleccionada.<\/p>\n<p>c) Cookies de an\u00e1lisis o medici\u00f3n: son aquellas que permiten al responsable de las mismas el seguimiento y an\u00e1lisis del comportamiento de los usuarios de los sitios web a los que est\u00e1n vinculadas, incluida la cuantificaci\u00f3n de los impactos de los anuncios. La informaci\u00f3n recogida mediante este tipo de cookies se utiliza en la medici\u00f3n de la actividad de los sitios web, aplicaci\u00f3n o plataforma, con el fin de introducir mejoras en funci\u00f3n del an\u00e1lisis de los datos de uso que hacen los usuarios del servicio.<\/p>\n<p>d) Cookies de publicidad comportamental: son aquellas que almacenan informaci\u00f3n del comportamiento de los usuarios obtenida a trav\u00e9s de la observaci\u00f3n continuada de sus h\u00e1bitos de navegaci\u00f3n, lo que permite desarrollar un perfil espec\u00edfico para mostrar publicidad en funci\u00f3n del mismo.<\/p>\n<h3>3.3.- Seg\u00fan el plazo de tiempo que permanecen activadas<\/h3>\n<p>a) Cookies de sesi\u00f3n: son aquellas dise\u00f1adas para recabar y almacenar datos mientras el usuario accede a una p\u00e1gina web. Se suelen emplear para almacenar informaci\u00f3n que solo interesa conservar para la prestaci\u00f3n del servicio solicitado por el usuario en una sola ocasi\u00f3n (por ejemplo, una lista de productos adquiridos) y desaparecen al terminar la sesi\u00f3n.<\/p>\n<p>b) Cookies persistentes: son aquellas en las que los datos siguen almacenados en el terminal y pueden ser accedidos y tratados durante un periodo definido por el responsable de la cookie, y que puede ir de unos minutos a varios a\u00f1os.<\/p>\n<p>4.- LISTADO DE COOKIES UTILIZADAS POR ESTE SITIO WEB<br \/>\nLa utilizaci\u00f3n de las cookies ofrece ventajas en la prestaci\u00f3n de servicios dentro de lo que se conoce como la sociedad de la informaci\u00f3n, puesto que, facilita al usuario la navegaci\u00f3n y el acceso a los diferentes servicios que ofrece este sitio web; evita al usuario tener que configurar las caracter\u00edsticas generales predefinidas cada vez que accede al sitio web; favorece la mejora del funcionamiento y de los servicios prestados a trav\u00e9s de este sitio web, tras el correspondiente an\u00e1lisis de la informaci\u00f3n obtenida a trav\u00e9s de las cookies instaladas.<br \/>\nEn concreto este sitio web utiliza las siguientes cookies:<\/p>\n<p>[fusion_table fusion_table_type=\u00bb1&#8243; fusion_table_rows=\u00bb\u00bb fusion_table_columns=\u00bb\u00bb hide_on_mobile=\u00bbsmall-visibility,medium-visibility,large-visibility\u00bb class=\u00bb\u00bb id=\u00bb\u00bb animation_type=\u00bb\u00bb animation_direction=\u00bbleft\u00bb animation_speed=\u00bb0.3&#8243; animation_offset=\u00bb\u00bb]<\/p>\n<div class=\"table-1\">\n<table width=\"100%\">\n<thead>\n<tr>\n<th align=\"left\">Nombre<\/th>\n<th align=\"left\">Entidad<\/th>\n<th align=\"left\">Caducidad<\/th>\n<th align=\"left\">Finalidad<\/th>\n<\/tr>\n<\/thead>\n<tbody>\n<tr>\n<td align=\"left\">_ga<\/td>\n<td align=\"left\">Google Analytics<\/td>\n<td align=\"left\">2 a\u00f1os<\/td>\n<td align=\"left\">Distinguir usuarios y sesiones<\/td>\n<\/tr>\n<tr>\n<td align=\"left\">_gat<\/td>\n<td align=\"left\">Google Analytics<\/td>\n<td align=\"left\">30 minutos<\/td>\n<td align=\"left\">Determinar nuevas sesiones y visitas<\/td>\n<\/tr>\n<tr>\n<td align=\"left\">woocommerce_cart_hash<\/td>\n<td align=\"left\">Propias<\/td>\n<td align=\"left\">24 horas<\/td>\n<td align=\"left\">Mantenimiento y seguimiento de ventas en la web<\/td>\n<\/tr>\n<tr>\n<td align=\"left\">cookielawinfo<\/td>\n<td align=\"left\">Propias<\/td>\n<td align=\"left\">30 d\u00edas<\/td>\n<td align=\"left\">Control de la aceptaci\u00f3n de cookies<\/td>\n<\/tr>\n<\/tbody>\n<\/table>\n<\/div>\n<p>[\/fusion_table]<\/p>\n","protected":false},"excerpt":{"rendered":"<p>\u00abPOL\u00cdTICA DE COOKIES\u00bb 1.- ANTECEDENTES De conformidad con la normativa  [&#8230;]<\/p>\n","protected":false},"author":3,"featured_media":0,"parent":0,"menu_order":0,"comment_status":"closed","ping_status":"closed","template":"","meta":{"footnotes":""},"class_list":["post-1534","page","type-page","status-publish","hentry"],"yoast_head":"<!-- This site is optimized with the Yoast SEO plugin v27.3 - https:\/\/yoast.com\/product\/yoast-seo-wordpress\/ -->\n<title>&quot;POL\u00cdTICA DE COOKIES&quot; - Eva Blanes Taller<\/title>\n<meta name=\"robots\" content=\"index, follow, max-snippet:-1, max-image-preview:large, max-video-preview:-1\" \/>\n<link rel=\"canonical\" href=\"https:\/\/evablanestaller.com\/es\/politica-de-cookies\/\" \/>\n<meta property=\"og:locale\" content=\"es_ES\" \/>\n<meta property=\"og:type\" content=\"article\" \/>\n<meta property=\"og:title\" content=\"&quot;POL\u00cdTICA DE COOKIES&quot; - Eva Blanes Taller\" \/>\n<meta property=\"og:description\" content=\"\u00abPOL\u00cdTICA DE COOKIES\u00bb 1.- ANTECEDENTES De conformidad con la normativa [...]\" \/>\n<meta property=\"og:url\" content=\"https:\/\/evablanestaller.com\/es\/politica-de-cookies\/\" \/>\n<meta property=\"og:site_name\" content=\"Eva Blanes Taller\" \/>\n<meta property=\"article:modified_time\" content=\"2020-08-13T10:37:57+00:00\" \/>\n<meta name=\"twitter:card\" content=\"summary_large_image\" \/>\n<meta name=\"twitter:label1\" content=\"Tiempo de lectura\" \/>\n\t<meta name=\"twitter:data1\" content=\"6 minutos\" \/>\n<script type=\"application\/ld+json\" class=\"yoast-schema-graph\">{\"@context\":\"https:\\\/\\\/schema.org\",\"@graph\":[{\"@type\":\"WebPage\",\"@id\":\"https:\\\/\\\/evablanestaller.com\\\/es\\\/politica-de-cookies\\\/\",\"url\":\"https:\\\/\\\/evablanestaller.com\\\/es\\\/politica-de-cookies\\\/\",\"name\":\"\\\"POL\u00cdTICA DE COOKIES\\\" - Eva Blanes Taller\",\"isPartOf\":{\"@id\":\"https:\\\/\\\/evablanestaller.com\\\/es\\\/#website\"},\"datePublished\":\"2020-07-30T07:37:57+00:00\",\"dateModified\":\"2020-08-13T10:37:57+00:00\",\"breadcrumb\":{\"@id\":\"https:\\\/\\\/evablanestaller.com\\\/es\\\/politica-de-cookies\\\/#breadcrumb\"},\"inLanguage\":\"es\",\"potentialAction\":[{\"@type\":\"ReadAction\",\"target\":[\"https:\\\/\\\/evablanestaller.com\\\/es\\\/politica-de-cookies\\\/\"]}]},{\"@type\":\"BreadcrumbList\",\"@id\":\"https:\\\/\\\/evablanestaller.com\\\/es\\\/politica-de-cookies\\\/#breadcrumb\",\"itemListElement\":[{\"@type\":\"ListItem\",\"position\":1,\"name\":\"Inici\",\"item\":\"https:\\\/\\\/evablanestaller.com\\\/es\\\/\"},{\"@type\":\"ListItem\",\"position\":2,\"name\":\"&#8220;POL\u00cdTICA DE COOKIES&#8221;\"}]},{\"@type\":\"WebSite\",\"@id\":\"https:\\\/\\\/evablanestaller.com\\\/es\\\/#website\",\"url\":\"https:\\\/\\\/evablanestaller.com\\\/es\\\/\",\"name\":\"Eva Blanes Taller\",\"description\":\"\",\"potentialAction\":[{\"@type\":\"SearchAction\",\"target\":{\"@type\":\"EntryPoint\",\"urlTemplate\":\"https:\\\/\\\/evablanestaller.com\\\/es\\\/?s={search_term_string}\"},\"query-input\":{\"@type\":\"PropertyValueSpecification\",\"valueRequired\":true,\"valueName\":\"search_term_string\"}}],\"inLanguage\":\"es\"}]}<\/script>\n<!-- \/ Yoast SEO plugin. -->","yoast_head_json":{"title":"\"POL\u00cdTICA DE COOKIES\" - Eva Blanes Taller","robots":{"index":"index","follow":"follow","max-snippet":"max-snippet:-1","max-image-preview":"max-image-preview:large","max-video-preview":"max-video-preview:-1"},"canonical":"https:\/\/evablanestaller.com\/es\/politica-de-cookies\/","og_locale":"es_ES","og_type":"article","og_title":"\"POL\u00cdTICA DE COOKIES\" - Eva Blanes Taller","og_description":"\u00abPOL\u00cdTICA DE COOKIES\u00bb 1.- ANTECEDENTES De conformidad con la normativa [...]","og_url":"https:\/\/evablanestaller.com\/es\/politica-de-cookies\/","og_site_name":"Eva Blanes Taller","article_modified_time":"2020-08-13T10:37:57+00:00","twitter_card":"summary_large_image","twitter_misc":{"Tiempo de lectura":"6 minutos"},"schema":{"@context":"https:\/\/schema.org","@graph":[{"@type":"WebPage","@id":"https:\/\/evablanestaller.com\/es\/politica-de-cookies\/","url":"https:\/\/evablanestaller.com\/es\/politica-de-cookies\/","name":"\"POL\u00cdTICA DE COOKIES\" - Eva Blanes Taller","isPartOf":{"@id":"https:\/\/evablanestaller.com\/es\/#website"},"datePublished":"2020-07-30T07:37:57+00:00","dateModified":"2020-08-13T10:37:57+00:00","breadcrumb":{"@id":"https:\/\/evablanestaller.com\/es\/politica-de-cookies\/#breadcrumb"},"inLanguage":"es","potentialAction":[{"@type":"ReadAction","target":["https:\/\/evablanestaller.com\/es\/politica-de-cookies\/"]}]},{"@type":"BreadcrumbList","@id":"https:\/\/evablanestaller.com\/es\/politica-de-cookies\/#breadcrumb","itemListElement":[{"@type":"ListItem","position":1,"name":"Inici","item":"https:\/\/evablanestaller.com\/es\/"},{"@type":"ListItem","position":2,"name":"&#8220;POL\u00cdTICA DE COOKIES&#8221;"}]},{"@type":"WebSite","@id":"https:\/\/evablanestaller.com\/es\/#website","url":"https:\/\/evablanestaller.com\/es\/","name":"Eva Blanes Taller","description":"","potentialAction":[{"@type":"SearchAction","target":{"@type":"EntryPoint","urlTemplate":"https:\/\/evablanestaller.com\/es\/?s={search_term_string}"},"query-input":{"@type":"PropertyValueSpecification","valueRequired":true,"valueName":"search_term_string"}}],"inLanguage":"es"}]}},"_links":{"self":[{"href":"https:\/\/evablanestaller.com\/es\/wp-json\/wp\/v2\/pages\/1534","targetHints":{"allow":["GET"]}}],"collection":[{"href":"https:\/\/evablanestaller.com\/es\/wp-json\/wp\/v2\/pages"}],"about":[{"href":"https:\/\/evablanestaller.com\/es\/wp-json\/wp\/v2\/types\/page"}],"author":[{"embeddable":true,"href":"https:\/\/evablanestaller.com\/es\/wp-json\/wp\/v2\/users\/3"}],"replies":[{"embeddable":true,"href":"https:\/\/evablanestaller.com\/es\/wp-json\/wp\/v2\/comments?post=1534"}],"version-history":[{"count":3,"href":"https:\/\/evablanestaller.com\/es\/wp-json\/wp\/v2\/pages\/1534\/revisions"}],"predecessor-version":[{"id":1537,"href":"https:\/\/evablanestaller.com\/es\/wp-json\/wp\/v2\/pages\/1534\/revisions\/1537"}],"wp:attachment":[{"href":"https:\/\/evablanestaller.com\/es\/wp-json\/wp\/v2\/media?parent=1534"}],"curies":[{"name":"wp","href":"https:\/\/api.w.org\/{rel}","templated":true}]}}