{"id":1600,"date":"2014-11-05T22:41:12","date_gmt":"2014-11-05T22:41:12","guid":{"rendered":"https:\/\/evaproves.beringserveis.eu\/contacte\/"},"modified":"2025-03-20T17:52:20","modified_gmt":"2025-03-20T16:52:20","slug":"contacto","status":"publish","type":"page","link":"https:\/\/evablanestaller.com\/es\/contacto\/","title":{"rendered":"Contacto"},"content":{"rendered":"<p>[fusion_builder_container hundred_percent=\u00bbno\u00bb hundred_percent_height=\u00bbno\u00bb hundred_percent_height_scroll=\u00bbno\u00bb hundred_percent_height_center_content=\u00bbyes\u00bb equal_height_columns=\u00bbyes\u00bb menu_anchor=\u00bb\u00bb hide_on_mobile=\u00bbsmall-visibility,medium-visibility,large-visibility\u00bb status=\u00bbpublished\u00bb publish_date=\u00bb\u00bb class=\u00bb\u00bb id=\u00bb\u00bb link_color=\u00bb\u00bb link_hover_color=\u00bb\u00bb border_color=\u00bb\u00bb border_style=\u00bbsolid\u00bb margin_top=\u00bb\u00bb margin_bottom=\u00bb\u00bb padding_top=\u00bb\u00bb padding_right=\u00bb\u00bb padding_bottom=\u00bb\u00bb padding_left=\u00bb\u00bb gradient_start_color=\u00bb\u00bb gradient_end_color=\u00bb\u00bb gradient_start_position=\u00bb0&#8243; gradient_end_position=\u00bb100&#8243; gradient_type=\u00bblinear\u00bb radial_direction=\u00bbcenter center\u00bb linear_angle=\u00bb180&#8243; background_color=\u00bb\u00bb background_image=\u00bb\u00bb background_position=\u00bbcenter center\u00bb background_repeat=\u00bbno-repeat\u00bb fade=\u00bbno\u00bb background_parallax=\u00bbnone\u00bb enable_mobile=\u00bbno\u00bb parallax_speed=\u00bb0.3&#8243; background_blend_mode=\u00bbnone\u00bb video_mp4=\u00bb\u00bb video_webm=\u00bb\u00bb video_ogv=\u00bb\u00bb video_url=\u00bb\u00bb video_aspect_ratio=\u00bb16:9&#8243; video_loop=\u00bbyes\u00bb video_mute=\u00bbyes\u00bb video_preview_image=\u00bb\u00bb filter_hue=\u00bb0&#8243; filter_saturation=\u00bb100&#8243; filter_brightness=\u00bb100&#8243; filter_contrast=\u00bb100&#8243; filter_invert=\u00bb0&#8243; filter_sepia=\u00bb0&#8243; filter_opacity=\u00bb100&#8243; filter_blur=\u00bb0&#8243; filter_hue_hover=\u00bb0&#8243; filter_saturation_hover=\u00bb100&#8243; filter_brightness_hover=\u00bb100&#8243; filter_contrast_hover=\u00bb100&#8243; filter_invert_hover=\u00bb0&#8243; filter_sepia_hover=\u00bb0&#8243; filter_opacity_hover=\u00bb100&#8243; filter_blur_hover=\u00bb0&#8243; type=\u00bblegacy\u00bb flex_align_items=\u00bbstretch\u00bb][fusion_builder_row][fusion_builder_column type=\u00bb1_2&#8243; layout=\u00bb1_1&#8243; background_position=\u00bbleft top\u00bb background_color=\u00bb\u00bb border_color=\u00bb\u00bb border_style=\u00bbsolid\u00bb border_position=\u00bball\u00bb spacing=\u00bbyes\u00bb background_image=\u00bb\u00bb background_repeat=\u00bbno-repeat\u00bb padding_top=\u00bb\u00bb padding_right=\u00bb\u00bb padding_bottom=\u00bb\u00bb padding_left=\u00bb\u00bb margin_top=\u00bb0px\u00bb margin_bottom=\u00bb0px\u00bb class=\u00bb\u00bb id=\u00bb\u00bb animation_type=\u00bb\u00bb animation_speed=\u00bb0.3&#8243; animation_direction=\u00bbleft\u00bb hide_on_mobile=\u00bbsmall-visibility,medium-visibility,large-visibility\u00bb center_content=\u00bbno\u00bb last=\u00bbfalse\u00bb min_height=\u00bb\u00bb hover_type=\u00bbnone\u00bb link=\u00bb\u00bb border_sizes_top=\u00bb\u00bb border_sizes_bottom=\u00bb\u00bb border_sizes_left=\u00bb\u00bb border_sizes_right=\u00bb\u00bb first=\u00bbtrue\u00bb spacing_right=\u00bb2%\u00bb][fusion_text columns=\u00bb\u00bb column_min_width=\u00bb\u00bb column_spacing=\u00bb\u00bb rule_style=\u00bbdefault\u00bb rule_size=\u00bb\u00bb rule_color=\u00bb\u00bb content_alignment_medium=\u00bb\u00bb content_alignment_small=\u00bb\u00bb content_alignment=\u00bb\u00bb hide_on_mobile=\u00bbsmall-visibility,medium-visibility,large-visibility\u00bb sticky_display=\u00bbnormal,sticky\u00bb class=\u00bb\u00bb id=\u00bb\u00bb font_size=\u00bb\u00bb fusion_font_family_text_font=\u00bb\u00bb fusion_font_variant_text_font=\u00bb\u00bb line_height=\u00bb\u00bb letter_spacing=\u00bb\u00bb text_color=\u00bb\u00bb animation_type=\u00bb\u00bb animation_direction=\u00bbleft\u00bb animation_speed=\u00bb0.3&#8243; animation_offset=\u00bb\u00bb]<\/p>\n<div>\n<h1>\u00bfQu\u00e9 puedo hacer por ti?<\/h1>\n<p>Cu\u00e9ntame tu proyecto, peque\u00f1o o grande, y buscaremos el estilo, el formato y los recursos que m\u00e1s se ajusten a tu idea y a tus necesidades con una propuesta hecha a medida.<\/p>\n<p>No dudes en ponerte en contacto conmigo para cualquier consulta, encargo o propuesta de colaboraci\u00f3n.<\/p>\n<\/div>\n<p>[\/fusion_text][fusion_text columns=\u00bb\u00bb column_min_width=\u00bb\u00bb column_spacing=\u00bb\u00bb rule_style=\u00bbdefault\u00bb rule_size=\u00bb\u00bb rule_color=\u00bb\u00bb hide_on_mobile=\u00bbsmall-visibility,medium-visibility,large-visibility\u00bb class=\u00bb\u00bb id=\u00bb\u00bb animation_type=\u00bb\u00bb animation_direction=\u00bbleft\u00bb animation_speed=\u00bb0.3&#8243; animation_offset=\u00bb\u00bb]<\/p>\n<p><strong>Eva Blanes Mel\u00e9ndez<\/strong><\/p>\n<p>[\/fusion_text][fusion_separator style_type=\u00bbnone\u00bb hide_on_mobile=\u00bbsmall-visibility,medium-visibility,large-visibility\u00bb class=\u00bb\u00bb id=\u00bb\u00bb sep_color=\u00bb\u00bb top_margin=\u00bb20px\u00bb bottom_margin=\u00bb20px\u00bb border_size=\u00bb\u00bb icon=\u00bb\u00bb icon_size=\u00bb\u00bb icon_circle=\u00bb\u00bb icon_circle_color=\u00bb\u00bb width=\u00bb\u00bb alignment=\u00bbcenter\u00bb \/][fusion_checklist type=\u00bbicons\u00bb icon=\u00bb\u00bb iconcolor=\u00bb\u00bb hue=\u00bb\u00bb saturation=\u00bb\u00bb lightness=\u00bb\u00bb alpha=\u00bb\u00bb circle=\u00bb\u00bb circlecolor=\u00bb\u00bb textcolor=\u00bb\u00bb size=\u00bb24&#8243; item_padding_top=\u00bb\u00bb item_padding_right=\u00bb\u00bb item_padding_bottom=\u00bb\u00bb item_padding_left=\u00bb\u00bb divider=\u00bb\u00bb divider_color=\u00bb\u00bb odd_row_bgcolor=\u00bb\u00bb even_row_bgcolor=\u00bb\u00bb margin_top=\u00bb\u00bb margin_right=\u00bb\u00bb margin_bottom=\u00bb\u00bb margin_left=\u00bb\u00bb hide_on_mobile=\u00bbsmall-visibility,medium-visibility,large-visibility\u00bb class=\u00bb\u00bb id=\u00bb\u00bb parent_dynamic_content=\u00bb\u00bb][fusion_li_item icon=\u00bbfa-envelope fas\u00bb]<span style=\"text-decoration: underline;\"><a href=\"mailto:taller@evablanestaller.com\">taller@evablanestaller.com<\/a><\/span>[\/fusion_li_item][\/fusion_checklist][fusion_checklist type=\u00bbicons\u00bb icon=\u00bb\u00bb iconcolor=\u00bb\u00bb hue=\u00bb\u00bb saturation=\u00bb\u00bb lightness=\u00bb\u00bb alpha=\u00bb\u00bb circle=\u00bb\u00bb circlecolor=\u00bb\u00bb textcolor=\u00bb\u00bb size=\u00bb\u00bb item_padding_top=\u00bb\u00bb item_padding_right=\u00bb\u00bb item_padding_bottom=\u00bb\u00bb item_padding_left=\u00bb\u00bb divider=\u00bb\u00bb divider_color=\u00bb\u00bb odd_row_bgcolor=\u00bb\u00bb even_row_bgcolor=\u00bb\u00bb margin_top=\u00bb\u00bb margin_right=\u00bb\u00bb margin_bottom=\u00bb\u00bb margin_left=\u00bb\u00bb hide_on_mobile=\u00bbsmall-visibility,medium-visibility,large-visibility\u00bb class=\u00bb\u00bb id=\u00bb\u00bb parent_dynamic_content=\u00bb\u00bb][fusion_li_item icon=\u00bbfa-facebook-f fab\u00bb]<span style=\"text-decoration: underline;\"><a title=\"facebook eva blanes taller\" href=\"http:\/\/www.facebook.com\/evablanestaller\" target=\"_blank\" rel=\"noopener noreferrer\">www.facebook.com\/evablanestaller<\/a><\/span>[\/fusion_li_item][fusion_li_item icon=\u00bbfa-instagram fab\u00bb]<\/p>\n<p><span style=\"text-decoration: underline;\"><a title=\"twitter eva blanes taller\" href=\"https:\/\/www.instagram.com\/evablanestaller\/\" target=\"_blank\" rel=\"noopener noreferrer\">evablanestaller<\/a><\/span><\/p>\n<p>[\/fusion_li_item][fusion_li_item icon=\u00bbfa-linkedin-in fab\u00bb]<\/p>\n<p><span style=\"text-decoration: underline;\"><a title=\"twitter eva blanes taller\" href=\"https:\/\/www.linkedin.com\/in\/eva-blanes-56b26493\/\" target=\"_blank\" rel=\"noopener noreferrer\">Eva Blanes<\/a><\/span><\/p>\n<p>[\/fusion_li_item][\/fusion_checklist][\/fusion_builder_column][fusion_builder_column type=\u00bb1_2&#8243; layout=\u00bb1_2&#8243; spacing=\u00bb\u00bb center_content=\u00bbno\u00bb link=\u00bb\u00bb target=\u00bb_self\u00bb min_height=\u00bb\u00bb hide_on_mobile=\u00bbsmall-visibility,medium-visibility,large-visibility\u00bb class=\u00bb\u00bb id=\u00bb\u00bb background_image_id=\u00bb\u00bb hover_type=\u00bbnone\u00bb border_color=\u00bb\u00bb border_style=\u00bbsolid\u00bb border_position=\u00bball\u00bb border_radius_top_left=\u00bb\u00bb border_radius_top_right=\u00bb\u00bb border_radius_bottom_right=\u00bb\u00bb border_radius_bottom_left=\u00bb\u00bb box_shadow=\u00bbno\u00bb box_shadow_vertical=\u00bb\u00bb box_shadow_horizontal=\u00bb\u00bb box_shadow_blur=\u00bb0&#8243; box_shadow_spread=\u00bb0&#8243; box_shadow_color=\u00bb\u00bb box_shadow_style=\u00bb\u00bb padding_top=\u00bb\u00bb padding_right=\u00bb\u00bb padding_bottom=\u00bb\u00bb padding_left=\u00bb\u00bb margin_top=\u00bb\u00bb margin_bottom=\u00bb\u00bb background_type=\u00bbimage\u00bb gradient_start_color=\u00bb\u00bb gradient_end_color=\u00bb\u00bb gradient_start_position=\u00bb0&#8243; gradient_end_position=\u00bb100&#8243; gradient_type=\u00bblinear\u00bb radial_direction=\u00bbcenter center\u00bb linear_angle=\u00bb180&#8243; background_color=\u00bb\u00bb background_image=\u00bb\u00bb background_position=\u00bbleft top\u00bb background_repeat=\u00bbno-repeat\u00bb background_blend_mode=\u00bbnone\u00bb animation_type=\u00bb\u00bb animation_direction=\u00bbleft\u00bb animation_speed=\u00bb0.3&#8243; animation_offset=\u00bb\u00bb filter_type=\u00bbregular\u00bb filter_hue=\u00bb0&#8243; filter_saturation=\u00bb100&#8243; filter_brightness=\u00bb100&#8243; filter_contrast=\u00bb100&#8243; filter_invert=\u00bb0&#8243; filter_sepia=\u00bb0&#8243; filter_opacity=\u00bb100&#8243; filter_blur=\u00bb0&#8243; filter_hue_hover=\u00bb0&#8243; filter_saturation_hover=\u00bb100&#8243; filter_brightness_hover=\u00bb100&#8243; filter_contrast_hover=\u00bb100&#8243; filter_invert_hover=\u00bb0&#8243; filter_sepia_hover=\u00bb0&#8243; filter_opacity_hover=\u00bb100&#8243; filter_blur_hover=\u00bb0&#8243; last=\u00bbtrue\u00bb border_sizes_top=\u00bb0&#8243; border_sizes_bottom=\u00bb0&#8243; border_sizes_left=\u00bb0&#8243; border_sizes_right=\u00bb0&#8243; first=\u00bbfalse\u00bb spacing_left=\u00bb2%\u00bb][\/fusion_builder_column][\/fusion_builder_row][\/fusion_builder_container]<\/p>\n","protected":false},"excerpt":{"rendered":"<p>[fusion_builder_container hundred_percent=\u00bbno\u00bb hundred_percent_height=\u00bbno\u00bb hundred_percent_height_scroll=\u00bbno\u00bb hundred_percent_height_center_content=\u00bbyes\u00bb equal_height_columns=\u00bbyes\u00bb menu_anchor=\u00bb\u00bb hide_on_mobile=\u00bbsmall-visibility,medium-visibility,large-visibility\u00bb status=\u00bbpublished\u00bb publish_date=\u00bb\u00bb  [&#8230;]<\/p>\n","protected":false},"author":3,"featured_media":0,"parent":0,"menu_order":0,"comment_status":"open","ping_status":"closed","template":"","meta":{"footnotes":""},"class_list":["post-1600","page","type-page","status-publish","hentry"],"yoast_head":"<!-- This site is optimized with the Yoast SEO plugin v27.5 - https:\/\/yoast.com\/product\/yoast-seo-wordpress\/ -->\n<title>Contacto - Eva Blanes Taller<\/title>\n<meta name=\"robots\" content=\"index, follow, max-snippet:-1, max-image-preview:large, max-video-preview:-1\" \/>\n<link rel=\"canonical\" href=\"https:\/\/evablanestaller.com\/es\/contacto\/\" \/>\n<meta property=\"og:locale\" content=\"es_ES\" \/>\n<meta property=\"og:type\" content=\"article\" \/>\n<meta property=\"og:title\" content=\"Contacto - Eva Blanes Taller\" \/>\n<meta property=\"og:description\" content=\"[fusion_builder_container hundred_percent=\u00bbno\u00bb hundred_percent_height=\u00bbno\u00bb hundred_percent_height_scroll=\u00bbno\u00bb hundred_percent_height_center_content=\u00bbyes\u00bb equal_height_columns=\u00bbyes\u00bb menu_anchor=\u00bb\u00bb hide_on_mobile=\u00bbsmall-visibility,medium-visibility,large-visibility\u00bb status=\u00bbpublished\u00bb publish_date=\u00bb\u00bb [...]\" \/>\n<meta property=\"og:url\" content=\"https:\/\/evablanestaller.com\/es\/contacto\/\" \/>\n<meta property=\"og:site_name\" content=\"Eva Blanes Taller\" \/>\n<meta property=\"article:modified_time\" content=\"2025-03-20T16:52:20+00:00\" \/>\n<meta name=\"twitter:card\" content=\"summary_large_image\" \/>\n<meta name=\"twitter:label1\" content=\"Tiempo de lectura\" \/>\n\t<meta name=\"twitter:data1\" content=\"1 minuto\" \/>\n<script type=\"application\/ld+json\" class=\"yoast-schema-graph\">{\"@context\":\"https:\\\/\\\/schema.org\",\"@graph\":[{\"@type\":\"WebPage\",\"@id\":\"https:\\\/\\\/evablanestaller.com\\\/es\\\/contacto\\\/\",\"url\":\"https:\\\/\\\/evablanestaller.com\\\/es\\\/contacto\\\/\",\"name\":\"Contacto - Eva Blanes Taller\",\"isPartOf\":{\"@id\":\"https:\\\/\\\/evablanestaller.com\\\/es\\\/#website\"},\"datePublished\":\"2014-11-05T22:41:12+00:00\",\"dateModified\":\"2025-03-20T16:52:20+00:00\",\"breadcrumb\":{\"@id\":\"https:\\\/\\\/evablanestaller.com\\\/es\\\/contacto\\\/#breadcrumb\"},\"inLanguage\":\"es\",\"potentialAction\":[{\"@type\":\"ReadAction\",\"target\":[\"https:\\\/\\\/evablanestaller.com\\\/es\\\/contacto\\\/\"]}]},{\"@type\":\"BreadcrumbList\",\"@id\":\"https:\\\/\\\/evablanestaller.com\\\/es\\\/contacto\\\/#breadcrumb\",\"itemListElement\":[{\"@type\":\"ListItem\",\"position\":1,\"name\":\"Inici\",\"item\":\"https:\\\/\\\/evablanestaller.com\\\/es\\\/\"},{\"@type\":\"ListItem\",\"position\":2,\"name\":\"Contacto\"}]},{\"@type\":\"WebSite\",\"@id\":\"https:\\\/\\\/evablanestaller.com\\\/es\\\/#website\",\"url\":\"https:\\\/\\\/evablanestaller.com\\\/es\\\/\",\"name\":\"Eva Blanes Taller\",\"description\":\"\",\"potentialAction\":[{\"@type\":\"SearchAction\",\"target\":{\"@type\":\"EntryPoint\",\"urlTemplate\":\"https:\\\/\\\/evablanestaller.com\\\/es\\\/?s={search_term_string}\"},\"query-input\":{\"@type\":\"PropertyValueSpecification\",\"valueRequired\":true,\"valueName\":\"search_term_string\"}}],\"inLanguage\":\"es\"}]}<\/script>\n<!-- \/ Yoast SEO plugin. -->","yoast_head_json":{"title":"Contacto - Eva Blanes Taller","robots":{"index":"index","follow":"follow","max-snippet":"max-snippet:-1","max-image-preview":"max-image-preview:large","max-video-preview":"max-video-preview:-1"},"canonical":"https:\/\/evablanestaller.com\/es\/contacto\/","og_locale":"es_ES","og_type":"article","og_title":"Contacto - Eva Blanes Taller","og_description":"[fusion_builder_container hundred_percent=\u00bbno\u00bb hundred_percent_height=\u00bbno\u00bb hundred_percent_height_scroll=\u00bbno\u00bb hundred_percent_height_center_content=\u00bbyes\u00bb equal_height_columns=\u00bbyes\u00bb menu_anchor=\u00bb\u00bb hide_on_mobile=\u00bbsmall-visibility,medium-visibility,large-visibility\u00bb status=\u00bbpublished\u00bb publish_date=\u00bb\u00bb [...]","og_url":"https:\/\/evablanestaller.com\/es\/contacto\/","og_site_name":"Eva Blanes Taller","article_modified_time":"2025-03-20T16:52:20+00:00","twitter_card":"summary_large_image","twitter_misc":{"Tiempo de lectura":"1 minuto"},"schema":{"@context":"https:\/\/schema.org","@graph":[{"@type":"WebPage","@id":"https:\/\/evablanestaller.com\/es\/contacto\/","url":"https:\/\/evablanestaller.com\/es\/contacto\/","name":"Contacto - Eva Blanes Taller","isPartOf":{"@id":"https:\/\/evablanestaller.com\/es\/#website"},"datePublished":"2014-11-05T22:41:12+00:00","dateModified":"2025-03-20T16:52:20+00:00","breadcrumb":{"@id":"https:\/\/evablanestaller.com\/es\/contacto\/#breadcrumb"},"inLanguage":"es","potentialAction":[{"@type":"ReadAction","target":["https:\/\/evablanestaller.com\/es\/contacto\/"]}]},{"@type":"BreadcrumbList","@id":"https:\/\/evablanestaller.com\/es\/contacto\/#breadcrumb","itemListElement":[{"@type":"ListItem","position":1,"name":"Inici","item":"https:\/\/evablanestaller.com\/es\/"},{"@type":"ListItem","position":2,"name":"Contacto"}]},{"@type":"WebSite","@id":"https:\/\/evablanestaller.com\/es\/#website","url":"https:\/\/evablanestaller.com\/es\/","name":"Eva Blanes Taller","description":"","potentialAction":[{"@type":"SearchAction","target":{"@type":"EntryPoint","urlTemplate":"https:\/\/evablanestaller.com\/es\/?s={search_term_string}"},"query-input":{"@type":"PropertyValueSpecification","valueRequired":true,"valueName":"search_term_string"}}],"inLanguage":"es"}]}},"_links":{"self":[{"href":"https:\/\/evablanestaller.com\/es\/wp-json\/wp\/v2\/pages\/1600","targetHints":{"allow":["GET"]}}],"collection":[{"href":"https:\/\/evablanestaller.com\/es\/wp-json\/wp\/v2\/pages"}],"about":[{"href":"https:\/\/evablanestaller.com\/es\/wp-json\/wp\/v2\/types\/page"}],"author":[{"embeddable":true,"href":"https:\/\/evablanestaller.com\/es\/wp-json\/wp\/v2\/users\/3"}],"replies":[{"embeddable":true,"href":"https:\/\/evablanestaller.com\/es\/wp-json\/wp\/v2\/comments?post=1600"}],"version-history":[{"count":5,"href":"https:\/\/evablanestaller.com\/es\/wp-json\/wp\/v2\/pages\/1600\/revisions"}],"predecessor-version":[{"id":2943,"href":"https:\/\/evablanestaller.com\/es\/wp-json\/wp\/v2\/pages\/1600\/revisions\/2943"}],"wp:attachment":[{"href":"https:\/\/evablanestaller.com\/es\/wp-json\/wp\/v2\/media?parent=1600"}],"curies":[{"name":"wp","href":"https:\/\/api.w.org\/{rel}","templated":true}]}}