{"id":2089,"date":"2020-09-10T07:39:18","date_gmt":"2020-09-10T05:39:18","guid":{"rendered":"https:\/\/evaproves.beringserveis.eu\/condiciones-generales-de-compra\/"},"modified":"2020-09-10T07:39:18","modified_gmt":"2020-09-10T05:39:18","slug":"condiciones-generales-de-compra","status":"publish","type":"page","link":"https:\/\/evablanestaller.com\/es\/condiciones-generales-de-compra\/","title":{"rendered":"CONDICIONES GENERALES DE COMPRA"},"content":{"rendered":"<h1>CONDICIONES GENERALES DE COMPRA<\/h1>\n<h2>1. Identificaci\u00f3n de la titular<\/h2>\n<p>En cumplimiento de la Ley 34\/2002, de 11 de julio, de Servicios de la Sociedad de la Informaci\u00f3n y de Comercio electr\u00f3nico, se informa al usuario del titular de la p\u00e1gina web www.evablanestaller.com:<\/p>\n<p>Titular: Eva Blanes Mel\u00e9ndez<\/p>\n<p>NIF: 52426825G<\/p>\n<p>Domicilio social: C. De la Merc\u00e8 7, 2n, Vilanova i la Geltr\u00fa, Barcelona<\/p>\n<p>Tel\u00e9fono: 626920052<\/p>\n<p>Correo electr\u00f3nico: taller@evablanestaller.com<\/p>\n<h2>2. Informaci\u00f3n previa<\/h2>\n<p>Las Condiciones Generales de Compra regulan la relaci\u00f3n de venta a distancia entre los productos que ofrece www.evablanestaller.com en su p\u00e1gina web y el usuario, de acuerdo con las estipulaciones legales vigentes en la venta a distancia, a la Ley General para la Defensa de Consumidores y Usuarios, Protecci\u00f3n de Datos, y de los servicios de la sociedad de la Informaci\u00f3n y de Comercio Electr\u00f3nico.<\/p>\n<p>En este sentido, el Usuario deber\u00e1 aceptar las Condiciones Generales de Compra antes de la realizaci\u00f3n del pedido, por lo que antes de proceder a su aceptaci\u00f3n, lea atentamente el contenido.<\/p>\n<p>En caso de no aceptar las Condiciones Generales de Compra, no se podr\u00e1 llevar a cabo la compra de los productos y consecuentemente www.evablanestaller.com no asumir\u00e1 ning\u00fan tipo de obligaci\u00f3n ni de responsabilidad.<\/p>\n<p>www.evablanestaller.com se reserva el derecho de modificar el contenido y \/ o alcance de las Condiciones Generales de Compra en cualquier momento, sin necesidad de comunicar ni avisar previamente, por lo que, antes de adquirir los productos, lea atentamente el contenido ya que es responsabilidad del Usuario revisar las Condiciones Generales de Compra antes de comprar cualquier producto del Sitio Web.<\/p>\n<h2>3. Celebraci\u00f3n de contrato<\/h2>\n<p>El Usuario declara tener la capacidad legal suficiente para contratar los productos del Sitio Web.<\/p>\n<p>Una vez realizado el pedido, el usuario recibir\u00e1 por correo electr\u00f3nico u otro medio de comunicaci\u00f3n electr\u00f3nica equivalente a la direcci\u00f3n que haya indicado, un acuse de recibo.<\/p>\n<p>En caso de que el Usuario no recibiera la confirmaci\u00f3n en el transcurso de 48 en la pen\u00ednsula o en 3 d\u00edas para env\u00edos internacionales, rogamos que se ponga en contacto a trav\u00e9s del correo electr\u00f3nico taller@evablanestaller.com o llamando a al tel\u00e9fono 626920052, a la siguiente franja horaria:<\/p>\n<p>De lunes a viernes de 10h a 14h y de 15h a 18h.<\/p>\n<p>Asimismo, www.evablanestaller.com le informa que la formalizaci\u00f3n del contrato se podr\u00e1 realizar en los siguientes idiomas: catal\u00e1n y castellano<\/p>\n<h2>4. Protecci\u00f3n de Datos<\/h2>\n<p>Responsable del Tratamiento:<\/p>\n<p>Responsable: Eva Blanes Mel\u00e9ndez<\/p>\n<p>NIF: 52426825G<\/p>\n<p>Direcci\u00f3n: C. De la Merc\u00e8 7, 2n. Vilanova i la Geltr\u00fa, Barcelona<\/p>\n<p>Tel\u00e9fono: 626920052<\/p>\n<p>Correo electr\u00f3nico: taller@evablanestaller.com<\/p>\n<h2>Finalidad del tratamiento:<\/h2>\n<p>Tratamos los datos y la informaci\u00f3n que nos facilitan los interesados con el fin de:<\/p>\n<ol>\n<li>Gestionar el uso de las funcionalidades puestas a disposici\u00f3n a trav\u00e9s del Sitio Web, entre ellas, la respuesta a solicitudes y \/ o consultas realizadas, mediante el formulario de contacto correspondiente. Los datos tratados con esta finalidad se conservar\u00e1n mientras se mantenga la relaci\u00f3n contractual entre el Usuario y www.evablanestaller. Para el caso de que las solicitudes efectuadas por un usuario no mantengan una relaci\u00f3n contractual, los datos se conservar\u00e1n hasta haber resuelto la solicitud.<\/li>\n<li>Tramitar la compra de los productos puestos a disposici\u00f3n a trav\u00e9s de la p\u00e1gina web as\u00ed como proceder a la facturaci\u00f3n de los mismos.<\/li>\n<li>Mantener informados a los Usuarios de productos y \/ o servicios de www.evablanestaller.com, a trav\u00e9s de correo electr\u00f3nico o medios de comunicaci\u00f3n electr\u00f3nica equivalentes, as\u00ed como, para gestionar el env\u00edo de la Newsletter, siempre que el Usuario haya prestado su consentimiento marcando la casilla correspondiente.<\/li>\n<\/ol>\n<p>Legitimaci\u00f3n: El tratamiento de estos datos est\u00e1 legitimado para la ejecuci\u00f3n de las obligaciones contractuales y \/ o negociales, o el consentimiento de la persona interesada.<\/p>\n<p>Criterios de conservaci\u00f3n de los datos: Los datos no se conservar\u00e1n m\u00e1s tiempo del necesario para las que han sido solicitados, salvo que haya una obligaci\u00f3n legal.<\/p>\n<p>Comunicaci\u00f3n de los datos: No se comunicar\u00e1n a otros terceros, excepto obligaci\u00f3n legal o con el consentimiento expreso del interesado.<\/p>\n<p>Transferencias internacionales de datos: No se realizar\u00e1n transferencias internacionales de datos a terceros pa\u00edses fuera de la Uni\u00f3n Europea. Derechos que asisten al interesado: El interesado tiene derecho a retirar el consentimiento en cualquier momento. Asimismo, le informamos que podr\u00e1 ejercer sus derechos de acceso, rectificaci\u00f3n y supresi\u00f3n (derecho al olvido), limitaci\u00f3n de los datos, portabilidad de los datos y oposici\u00f3n, enviando un escrito a C. De la Merc\u00e8 n\u00fam. 7, 2\u00ba, 08800, Vilanova y la Geltr\u00fa, Barcelona o un correo electr\u00f3nico a: taller@evablanestaller.com<\/p>\n<p>Asimismo, se informa al interesado que podr\u00e1 revocar el consentimiento del env\u00edo de comunicaciones comerciales enviando un correo electr\u00f3nico a taller@evablanestaller.com<\/p>\n<p>La persona interesada puede presentar una reclamaci\u00f3n ante la autoridad de control en materia de protecci\u00f3n de datos competente, que actualmente es la Agencia Espa\u00f1ola de Protecci\u00f3n de Datos (AEPD), a trav\u00e9s de su sede electr\u00f3nica: www.sedeagpd.gob. es \/ sede -Electr\u00f3nica-web, o enviando un escrito a C \/ Jorge Juan n\u00ba6 &#8211; 28001 MADRID.<\/p>\n<h2>5. Disponibilidad del Producto<\/h2>\n<p>La disponibilidad de los productos ofrecidos por www.evablanestaller.com puede variar en funci\u00f3n de la demanda de los usuarios. www.evablanestaller.com actualizar\u00e1 el stock peri\u00f3dicamente en la p\u00e1gina web. En caso de estar agotado el producto, no se podr\u00e1 realizar el pedido.<\/p>\n<h2>6. Precio<\/h2>\n<p>El precio para cada uno de los productos ser\u00e1 el que aparece en euros junto con cada producto del Sitio Web e incluir\u00e1 el IVA aplicable que, en su caso, pueda corresponder.<\/p>\n<p>www.evablanestaller.com se reserva el derecho a modificar sus precios en cualquier momento y sin previo aviso. El precio aplicable a la solicitud de compra efectuada por el Usuario ser\u00e1 el que conste en el momento de aceptar las Condiciones Generales de Compra.<\/p>\n<h2>7. Forma de pago<\/h2>\n<p>El Usuario podr\u00e1 abonar el importe de su pedido a trav\u00e9s de la plataforma de pago Stripe y las tarjetas de cr\u00e9dito VISA, MASTERCARD o AMERICAN EXPRESS. Todas las operaciones que implican la transmisi\u00f3n de datos personales o bancarios se realizan utilizando un entorno segur.Toda la informaci\u00f3n que nos transmita viaja cifrada a trav\u00e9s de la red.<\/p>\n<p>Al pagar con tarjeta se le solicitar\u00e1n siempre los siguientes datos: el n\u00famero de tarjeta, la fecha de caducidad, y un C\u00f3digo de Validaci\u00f3n que coincide con las 3 \u00faltimas cifras del n\u00famero impreso en cursiva en el reverso de su tarjeta, ofreciendo, de esta forma, m\u00e1s garant\u00edas sobre la seguridad de la transacci\u00f3n.<\/p>\n<p>Cuando el importe de una compra hubiese sido cargado fraudulenta o indebidamente utilizando el n\u00famero de una tarjeta de pago, su titular podr\u00e1 exigir la inmediata anulaci\u00f3n del cargo. En este caso, las correspondientes anotaciones de adeudo y reabono en las cuentas del proveedor y del titular se efectuar\u00e1n lo antes. Sin embargo, si la compra ha sido efectivamente realizada por el titular de la tarjeta y la exigencia de devoluci\u00f3n no es consecuencia de haberse ejercido el derecho de desistimiento o de resoluci\u00f3n y, por tanto, ha exigido indebidamente la anulaci\u00f3n ci\u00f3n del correspondiente cargo, aquel quedar\u00e1 obligado frente a www.evablanestaller.com a el resarcimiento de los da\u00f1os y perjuicios ocasionados como consecuencia de esta anulaci\u00f3n.<\/p>\n<h2>8. Gastos de transporte<\/h2>\n<p>www.evablanestaller.com le informa que los gastos de env\u00edo en la Pen\u00ednsula Ib\u00e9rica (Espa\u00f1a) tendr\u00e1n un coste de 5,50 \u20ac de 3 a 5 d\u00edas laborables y 7,50 \u20ac de 24 a 48h en pedidos realizados antes de las 11.30h. En ning\u00fan caso evablanestaller.com se har\u00e1 cargo de gastos de aduanas o impuestos extraordinarios. En caso de que los env\u00edos se realicen en poblaciones muy alejadas de n\u00facleos urbanos, el plazo de entrega podr\u00e1 ser superior al indicado. En estos periodos no incluyen fines de semana ni festivos.<\/p>\n<h2>9. Ejecuci\u00f3n y plazos de entrega<\/h2>\n<p>www.evablanestaller.com realizar\u00e1 env\u00edos de productos en la Pen\u00ednsula Ib\u00e9rica (Espa\u00f1a)<\/p>\n<p>Una vez el usuario haya realizado el pago del producto, www.evablanestaller.com lo haya confirmado, y se haya enviado el correo electr\u00f3nico de confirmaci\u00f3n al Usuario sobre su compra, se proceder\u00e1 a la entrega de los productos. La entrega del pedido se har\u00e1 a la direcci\u00f3n que el Usuario haya especificado durante el proceso de compra en la web.<\/p>\n<p>www.evablanestaller.com no ser\u00e1 responsable de los errores que se pudieran producir en la entrega de los productos comprados en el supuesto de que el Usuario no haya rellenado correctamente la direcci\u00f3n de entrega. En caso de estar ausente durante la entrega, el transportista dejar\u00e1 el pedido a la Oficina de Correos m\u00e1s cercana o bien se pondr\u00e1 en contacto si dispone de un tel\u00e9fono de contacto.<\/p>\n<h3>Seguimiento del pedido<\/h3>\n<p>Una vez el pedido es enviado, el Usuario recibir\u00e1 autom\u00e1ticamente un correo electr\u00f3nico o SMS. Es importante revisar la bandeja de spam, promociones o correo no deseado de tu correo electr\u00f3nico, ya que el email puede ser redireccionado a alguna de estas carpetas por error.<\/p>\n<h2>10. Desistimiento<\/h2>\n<p>El Usuario tendr\u00e1 derecho a desistir del contrato, sin ning\u00fan tipo de penalizaci\u00f3n, en el plazo de catorce (14) d\u00edas naturales desde la fecha de recepci\u00f3n del producto.<\/p>\n<p>Per a l&#8217;exercici de el dret de desistiment nom\u00e9s ha d&#8217;emplenar i enviar el present formulari a l&#8217;correu electr\u00f2nic taller@evablanestaller.com<\/p>\n<p>A la atenci\u00f3n de Eva Blanes Mel\u00e9ndez con NIF 52426825G y domiciliada en C. De la Merc\u00e8 7, 2\u00ba, Vilanova y la Geltr\u00fa, Barcelona.<\/p>\n<p>Por medio de la presente pongo en su conocimiento mi voluntad de ejercer mi derecho de desistimiento con n\u00famero de pedido y \/ o referencia &#8230;&#8230;&#8230;&#8230;&#8230;&#8230;&#8230;&#8230;&#8230;&#8230;&#8230;&#8230;&#8230;&#8230;&#8230;.<\/p>\n<p>Nombre del consumidor y usuario o de los consumidores y usuarios<\/p>\n<p>Domicilio del consumidor y usuario o de los consumidores y usuarios<\/p>\n<p>Firma del consumidor y usuario o de los consumidores y usuarios (s\u00f3lo si el presente formulario se presenta en papel)<\/p>\n<p>Fecha<\/p>\n<p>Para proceder a la devoluci\u00f3n el producto no debe haber sido usado y deber\u00e1 estar en perfectas condiciones con las etiquetas y el embalaje correspondiente (cajas, bolsas, etc.) de la misma manera en que se recibieron, en la siguiente direcci\u00f3n: C. De la Merc\u00e8 7, 2\u00ba, Vilanova y la Geltr\u00fa, Barcelona.<\/p>\n<p>Una vez Eva Blanes Mel\u00e9ndez reciba el producto y nuestro personal verifique y determine que se cumple las condiciones de la devoluci\u00f3n, Eva Blanes Mel\u00e9ndez volver\u00e1 al Usuario todos los pagos recibidos, incluidos los gastos de env\u00edo en el plazo m\u00e1ximo de catorce (14) d\u00edas naturales a partir de la fecha en que el Usuario informe a Eva Blanes Mel\u00e9ndez su decisi\u00f3n de desistir del presente contrato. Eva Blanes Mel\u00e9ndez proceder\u00e1 a efectuar el reembolso utilizando el mismo medio de pago utilizado por el Usuario para la transacci\u00f3n inicial, a menos que el Usuario exprese lo contrario. El Usuario asumir\u00e1 el coste de la devoluci\u00f3n del producto adquirido.<\/p>\n<h2>11. Productos defectuosos<\/h2>\n<p>Eva Blanes Mel\u00e9ndez garantiza que el producto se ajusta a las caracter\u00edsticas indicadas en la web y que se entregar\u00e1 en perfectas condiciones. Asimismo, el Usuario debe asegurar que una vez reciba el pedido verificar que se encuentra en perfectas condiciones. Recuerda que tienes 14 d\u00edas naturales desde la recepci\u00f3n del producto en casa para solicitar la devoluci\u00f3n.<\/p>\n<p>Una vez que nuestro personal verifique que el producto es efectivamente defectuoso, se proceder\u00eda a la devoluci\u00f3n de dinero o la sustituci\u00f3n de la misma.<\/p>\n<p>No se considerar\u00e1 defectuoso un producto si han pasado m\u00e1s de 6 meses desde la recepci\u00f3n, ya que no se puede determinar si ha sido usado indebidamente.<\/p>\n<p>Para que esta devoluci\u00f3n se pueda hacer efectiva, debes asegurar que el producto:<\/p>\n<ul>\n<li>No haya sido utilizado<\/li>\n<li>No haya estado implicado en ning\u00fan accidente ni ha sido da\u00f1ado al intentar repararlo.<\/li>\n<li>No haya sido utilizado contrariamente a lo establecido el vendedor.<\/li>\n<li>No se haya deteriorado por desgaste, uso indebido o lavado a m\u00e1quina.<\/li>\n<\/ul>\n<p>En caso de no cumplimiento de los requisitos anteriores, y si ha pasado el plazo de desistimiento en el momento de realizar la devoluci\u00f3n, Eva Blanes Mel\u00e9ndez puede decidir seg\u00fan su criterio si va a realizar o no el reembolso.<\/p>\n<p>El Usuario asumir\u00e1 desde el momento en que se produce la entrega, todos los riesgos que pueda sufrir el producto. Eva Blanes Mel\u00e9ndez no se responsabilizar\u00e1 de lo que le pueda pasar una vez entregado en perfectas condiciones.<\/p>\n<p>En ning\u00fan caso se considerar\u00e1 un producto como defectuoso si se ha hecho un uso indebido de la misma.<\/p>\n<h2>12. Quejas y Reclamaciones<\/h2>\n<p>El Cliente podr\u00e1 dirigir sus quejas y reclamaciones en el correo electr\u00f3nico taller@evablanestaller.com www.evablanestaller.com. deber\u00e1 dar respuesta a las reclamaciones recibidas en el plazo m\u00e1s breve posible y en todo caso en el plazo m\u00e1ximo de un mes desde la presentaci\u00f3n de la reclamaci\u00f3n.<\/p>\n<p>De acuerdo con el Reglamento n\u00ba 524\/2013 UE, la Comisi\u00f3n Europea pone a disposici\u00f3n de los Consumidores y Usuarios una plataforma de resoluci\u00f3n de litigios en l\u00ednea, la cual se encuentra disponible en el siguiente enlace: http:\/\/ec.europa.eu \/ consumers \/ ODR \/. Los consumidores podr\u00e1n someter sus reclamaciones a trav\u00e9s de la plataforma de resoluci\u00f3n de litigios en l\u00ednea.<\/p>\n<h2>13. Legislaci\u00f3n aplicable y jurisdicci\u00f3n<\/h2>\n<p>Las presentes condiciones generales de contrataci\u00f3n se regir\u00e1n e interpretar\u00e1n de conformidad con la legislaci\u00f3n espa\u00f1ola.<\/p>\n<p>Las controversias que pudieran surgir entre Eva Blanes Mel\u00e9ndez y el Usuario deber\u00e1n ser dirimidas en los juzgados y tribunales espa\u00f1oles.<\/p>\n","protected":false},"excerpt":{"rendered":"<p>CONDICIONES GENERALES DE COMPRA 1. Identificaci\u00f3n de la titular En  [&#8230;]<\/p>\n","protected":false},"author":3,"featured_media":0,"parent":0,"menu_order":0,"comment_status":"closed","ping_status":"closed","template":"","meta":{"footnotes":""},"class_list":["post-2089","page","type-page","status-publish","hentry"],"yoast_head":"<!-- This site is optimized with the Yoast SEO plugin v27.5 - https:\/\/yoast.com\/product\/yoast-seo-wordpress\/ -->\n<title>CONDICIONES GENERALES DE COMPRA - Eva Blanes Taller<\/title>\n<meta name=\"robots\" content=\"noindex, follow\" \/>\n<meta property=\"og:locale\" content=\"es_ES\" \/>\n<meta property=\"og:type\" content=\"article\" \/>\n<meta property=\"og:title\" content=\"CONDICIONES GENERALES DE COMPRA - Eva Blanes Taller\" \/>\n<meta property=\"og:description\" content=\"CONDICIONES GENERALES DE COMPRA 1. Identificaci\u00f3n de la titular En [...]\" \/>\n<meta property=\"og:url\" content=\"https:\/\/evablanestaller.com\/es\/condiciones-generales-de-compra\/\" \/>\n<meta property=\"og:site_name\" content=\"Eva Blanes Taller\" \/>\n<meta name=\"twitter:card\" content=\"summary_large_image\" \/>\n<meta name=\"twitter:label1\" content=\"Tiempo de lectura\" \/>\n\t<meta name=\"twitter:data1\" content=\"12 minutos\" \/>\n<script type=\"application\/ld+json\" class=\"yoast-schema-graph\">{\"@context\":\"https:\\\/\\\/schema.org\",\"@graph\":[{\"@type\":\"WebPage\",\"@id\":\"https:\\\/\\\/evablanestaller.com\\\/es\\\/condiciones-generales-de-compra\\\/\",\"url\":\"https:\\\/\\\/evablanestaller.com\\\/es\\\/condiciones-generales-de-compra\\\/\",\"name\":\"CONDICIONES GENERALES DE COMPRA - Eva Blanes Taller\",\"isPartOf\":{\"@id\":\"https:\\\/\\\/evablanestaller.com\\\/es\\\/#website\"},\"datePublished\":\"2020-09-10T05:39:18+00:00\",\"breadcrumb\":{\"@id\":\"https:\\\/\\\/evablanestaller.com\\\/es\\\/condiciones-generales-de-compra\\\/#breadcrumb\"},\"inLanguage\":\"es\",\"potentialAction\":[{\"@type\":\"ReadAction\",\"target\":[\"https:\\\/\\\/evablanestaller.com\\\/es\\\/condiciones-generales-de-compra\\\/\"]}]},{\"@type\":\"BreadcrumbList\",\"@id\":\"https:\\\/\\\/evablanestaller.com\\\/es\\\/condiciones-generales-de-compra\\\/#breadcrumb\",\"itemListElement\":[{\"@type\":\"ListItem\",\"position\":1,\"name\":\"Inici\",\"item\":\"https:\\\/\\\/evablanestaller.com\\\/es\\\/\"},{\"@type\":\"ListItem\",\"position\":2,\"name\":\"CONDICIONES GENERALES DE COMPRA\"}]},{\"@type\":\"WebSite\",\"@id\":\"https:\\\/\\\/evablanestaller.com\\\/es\\\/#website\",\"url\":\"https:\\\/\\\/evablanestaller.com\\\/es\\\/\",\"name\":\"Eva Blanes Taller\",\"description\":\"\",\"potentialAction\":[{\"@type\":\"SearchAction\",\"target\":{\"@type\":\"EntryPoint\",\"urlTemplate\":\"https:\\\/\\\/evablanestaller.com\\\/es\\\/?s={search_term_string}\"},\"query-input\":{\"@type\":\"PropertyValueSpecification\",\"valueRequired\":true,\"valueName\":\"search_term_string\"}}],\"inLanguage\":\"es\"}]}<\/script>\n<!-- \/ Yoast SEO plugin. -->","yoast_head_json":{"title":"CONDICIONES GENERALES DE COMPRA - Eva Blanes Taller","robots":{"index":"noindex","follow":"follow"},"og_locale":"es_ES","og_type":"article","og_title":"CONDICIONES GENERALES DE COMPRA - Eva Blanes Taller","og_description":"CONDICIONES GENERALES DE COMPRA 1. Identificaci\u00f3n de la titular En [...]","og_url":"https:\/\/evablanestaller.com\/es\/condiciones-generales-de-compra\/","og_site_name":"Eva Blanes Taller","twitter_card":"summary_large_image","twitter_misc":{"Tiempo de lectura":"12 minutos"},"schema":{"@context":"https:\/\/schema.org","@graph":[{"@type":"WebPage","@id":"https:\/\/evablanestaller.com\/es\/condiciones-generales-de-compra\/","url":"https:\/\/evablanestaller.com\/es\/condiciones-generales-de-compra\/","name":"CONDICIONES GENERALES DE COMPRA - Eva Blanes Taller","isPartOf":{"@id":"https:\/\/evablanestaller.com\/es\/#website"},"datePublished":"2020-09-10T05:39:18+00:00","breadcrumb":{"@id":"https:\/\/evablanestaller.com\/es\/condiciones-generales-de-compra\/#breadcrumb"},"inLanguage":"es","potentialAction":[{"@type":"ReadAction","target":["https:\/\/evablanestaller.com\/es\/condiciones-generales-de-compra\/"]}]},{"@type":"BreadcrumbList","@id":"https:\/\/evablanestaller.com\/es\/condiciones-generales-de-compra\/#breadcrumb","itemListElement":[{"@type":"ListItem","position":1,"name":"Inici","item":"https:\/\/evablanestaller.com\/es\/"},{"@type":"ListItem","position":2,"name":"CONDICIONES GENERALES DE COMPRA"}]},{"@type":"WebSite","@id":"https:\/\/evablanestaller.com\/es\/#website","url":"https:\/\/evablanestaller.com\/es\/","name":"Eva Blanes Taller","description":"","potentialAction":[{"@type":"SearchAction","target":{"@type":"EntryPoint","urlTemplate":"https:\/\/evablanestaller.com\/es\/?s={search_term_string}"},"query-input":{"@type":"PropertyValueSpecification","valueRequired":true,"valueName":"search_term_string"}}],"inLanguage":"es"}]}},"_links":{"self":[{"href":"https:\/\/evablanestaller.com\/es\/wp-json\/wp\/v2\/pages\/2089","targetHints":{"allow":["GET"]}}],"collection":[{"href":"https:\/\/evablanestaller.com\/es\/wp-json\/wp\/v2\/pages"}],"about":[{"href":"https:\/\/evablanestaller.com\/es\/wp-json\/wp\/v2\/types\/page"}],"author":[{"embeddable":true,"href":"https:\/\/evablanestaller.com\/es\/wp-json\/wp\/v2\/users\/3"}],"replies":[{"embeddable":true,"href":"https:\/\/evablanestaller.com\/es\/wp-json\/wp\/v2\/comments?post=2089"}],"version-history":[{"count":0,"href":"https:\/\/evablanestaller.com\/es\/wp-json\/wp\/v2\/pages\/2089\/revisions"}],"wp:attachment":[{"href":"https:\/\/evablanestaller.com\/es\/wp-json\/wp\/v2\/media?parent=2089"}],"curies":[{"name":"wp","href":"https:\/\/api.w.org\/{rel}","templated":true}]}}