{"id":1977,"date":"2020-06-17T08:50:47","date_gmt":"2020-08-14T15:08:56","guid":{"rendered":"https:\/\/evaproves.beringserveis.eu\/producte\/west-route-sketchbook\/"},"modified":"2024-11-15T18:49:05","modified_gmt":"2024-11-15T17:49:05","slug":"west-route-sketchbook","status":"publish","type":"product","link":"https:\/\/evablanestaller.com\/es\/producte\/west-route-sketchbook\/","title":{"rendered":"WEST ROUTE &#8211; Sketchbook"},"content":{"rendered":"<p>Cuaderno en blanco con cubiertas de cuero reciclado y tela. Cosido a mano y encuadernado con tapa dura. Interior con 24 hojas -48 p\u00e1ginas- de papel <em>Canson Mix Media Imagine<\/em> de color blanco natural de 200 g, apto para dibujo y t\u00e9cnicas h\u00famedas. Cinta de gu\u00eda.<\/p>\n<p>Colores: rojo y negro<\/p>\n<p>P\u00e1gina: 22 x 16 cm<\/p>\n<p>Cubiertas: 22,5<\/p>\n","protected":false},"excerpt":{"rendered":"<p>Cuadern de dibujo<\/p>\n<p><span style=\"color: #ff6600; font-size:10px;\">Producto bajo pedido, tiempo de producci\u00f3n 3- 5 d\u00edas<\/span><\/p>\n","protected":false},"featured_media":1978,"comment_status":"open","ping_status":"closed","template":"","meta":[],"product_brand":[],"product_cat":[65],"product_tag":[],"class_list":{"0":"post-1977","1":"product","2":"type-product","3":"status-publish","4":"has-post-thumbnail","6":"product_cat-albumes","8":"first","9":"outofstock","10":"shipping-taxable","11":"purchasable","12":"product-type-variable"},"yoast_head":"<!-- This site is optimized with the Yoast SEO plugin v27.5 - https:\/\/yoast.com\/product\/yoast-seo-wordpress\/ -->\n<title>WEST ROUTE - Sketchbook - Eva Blanes Taller<\/title>\n<meta name=\"robots\" content=\"index, follow, max-snippet:-1, max-image-preview:large, max-video-preview:-1\" \/>\n<link rel=\"canonical\" href=\"https:\/\/evablanestaller.com\/es\/producte\/west-route-sketchbook\/\" \/>\n<meta property=\"og:locale\" content=\"es_ES\" \/>\n<meta property=\"og:type\" content=\"article\" \/>\n<meta property=\"og:title\" content=\"WEST ROUTE - Sketchbook - Eva Blanes Taller\" \/>\n<meta property=\"og:description\" content=\"Cuadern de dibujo Producto bajo pedido, tiempo de producci\u00f3n 3- 5 d\u00edas\" \/>\n<meta property=\"og:url\" content=\"https:\/\/evablanestaller.com\/es\/producte\/west-route-sketchbook\/\" \/>\n<meta property=\"og:site_name\" content=\"Eva Blanes Taller\" \/>\n<meta property=\"article:modified_time\" content=\"2024-11-15T17:49:05+00:00\" \/>\n<meta property=\"og:image\" content=\"https:\/\/evablanestaller.com\/wp-content\/uploads\/2020\/06\/1_sketchbook_rojo.jpg\" \/>\n\t<meta property=\"og:image:width\" content=\"1200\" \/>\n\t<meta property=\"og:image:height\" content=\"1200\" \/>\n\t<meta property=\"og:image:type\" content=\"image\/jpeg\" \/>\n<meta name=\"twitter:card\" content=\"summary_large_image\" \/>\n<script type=\"application\/ld+json\" class=\"yoast-schema-graph\">{\"@context\":\"https:\\\/\\\/schema.org\",\"@graph\":[{\"@type\":\"WebPage\",\"@id\":\"https:\\\/\\\/evablanestaller.com\\\/es\\\/producte\\\/west-route-sketchbook\\\/\",\"url\":\"https:\\\/\\\/evablanestaller.com\\\/es\\\/producte\\\/west-route-sketchbook\\\/\",\"name\":\"WEST ROUTE - Sketchbook - Eva Blanes Taller\",\"isPartOf\":{\"@id\":\"https:\\\/\\\/evablanestaller.com\\\/es\\\/#website\"},\"primaryImageOfPage\":{\"@id\":\"https:\\\/\\\/evablanestaller.com\\\/es\\\/producte\\\/west-route-sketchbook\\\/#primaryimage\"},\"image\":{\"@id\":\"https:\\\/\\\/evablanestaller.com\\\/es\\\/producte\\\/west-route-sketchbook\\\/#primaryimage\"},\"thumbnailUrl\":\"https:\\\/\\\/evablanestaller.com\\\/wp-content\\\/uploads\\\/2020\\\/06\\\/1_sketchbook_rojo.jpg\",\"datePublished\":\"2020-08-14T15:08:56+00:00\",\"dateModified\":\"2024-11-15T17:49:05+00:00\",\"breadcrumb\":{\"@id\":\"https:\\\/\\\/evablanestaller.com\\\/es\\\/producte\\\/west-route-sketchbook\\\/#breadcrumb\"},\"inLanguage\":\"es\",\"potentialAction\":[{\"@type\":\"ReadAction\",\"target\":[\"https:\\\/\\\/evablanestaller.com\\\/es\\\/producte\\\/west-route-sketchbook\\\/\"]}]},{\"@type\":\"ImageObject\",\"inLanguage\":\"es\",\"@id\":\"https:\\\/\\\/evablanestaller.com\\\/es\\\/producte\\\/west-route-sketchbook\\\/#primaryimage\",\"url\":\"https:\\\/\\\/evablanestaller.com\\\/wp-content\\\/uploads\\\/2020\\\/06\\\/1_sketchbook_rojo.jpg\",\"contentUrl\":\"https:\\\/\\\/evablanestaller.com\\\/wp-content\\\/uploads\\\/2020\\\/06\\\/1_sketchbook_rojo.jpg\",\"width\":1200,\"height\":1200},{\"@type\":\"BreadcrumbList\",\"@id\":\"https:\\\/\\\/evablanestaller.com\\\/es\\\/producte\\\/west-route-sketchbook\\\/#breadcrumb\",\"itemListElement\":[{\"@type\":\"ListItem\",\"position\":1,\"name\":\"Inici\",\"item\":\"https:\\\/\\\/evablanestaller.com\\\/es\\\/\"},{\"@type\":\"ListItem\",\"position\":2,\"name\":\"Botiga\",\"item\":\"https:\\\/\\\/evablanestaller.com\\\/botiga\\\/\"},{\"@type\":\"ListItem\",\"position\":3,\"name\":\"WEST ROUTE &#8211; Sketchbook\"}]},{\"@type\":\"WebSite\",\"@id\":\"https:\\\/\\\/evablanestaller.com\\\/es\\\/#website\",\"url\":\"https:\\\/\\\/evablanestaller.com\\\/es\\\/\",\"name\":\"Eva Blanes Taller\",\"description\":\"\",\"potentialAction\":[{\"@type\":\"SearchAction\",\"target\":{\"@type\":\"EntryPoint\",\"urlTemplate\":\"https:\\\/\\\/evablanestaller.com\\\/es\\\/?s={search_term_string}\"},\"query-input\":{\"@type\":\"PropertyValueSpecification\",\"valueRequired\":true,\"valueName\":\"search_term_string\"}}],\"inLanguage\":\"es\"}]}<\/script>\n<!-- \/ Yoast SEO plugin. -->","yoast_head_json":{"title":"WEST ROUTE - Sketchbook - Eva Blanes Taller","robots":{"index":"index","follow":"follow","max-snippet":"max-snippet:-1","max-image-preview":"max-image-preview:large","max-video-preview":"max-video-preview:-1"},"canonical":"https:\/\/evablanestaller.com\/es\/producte\/west-route-sketchbook\/","og_locale":"es_ES","og_type":"article","og_title":"WEST ROUTE - Sketchbook - Eva Blanes Taller","og_description":"Cuadern de dibujo Producto bajo pedido, tiempo de producci\u00f3n 3- 5 d\u00edas","og_url":"https:\/\/evablanestaller.com\/es\/producte\/west-route-sketchbook\/","og_site_name":"Eva Blanes Taller","article_modified_time":"2024-11-15T17:49:05+00:00","og_image":[{"width":1200,"height":1200,"url":"https:\/\/evablanestaller.com\/wp-content\/uploads\/2020\/06\/1_sketchbook_rojo.jpg","type":"image\/jpeg"}],"twitter_card":"summary_large_image","schema":{"@context":"https:\/\/schema.org","@graph":[{"@type":"WebPage","@id":"https:\/\/evablanestaller.com\/es\/producte\/west-route-sketchbook\/","url":"https:\/\/evablanestaller.com\/es\/producte\/west-route-sketchbook\/","name":"WEST ROUTE - Sketchbook - Eva Blanes Taller","isPartOf":{"@id":"https:\/\/evablanestaller.com\/es\/#website"},"primaryImageOfPage":{"@id":"https:\/\/evablanestaller.com\/es\/producte\/west-route-sketchbook\/#primaryimage"},"image":{"@id":"https:\/\/evablanestaller.com\/es\/producte\/west-route-sketchbook\/#primaryimage"},"thumbnailUrl":"https:\/\/evablanestaller.com\/wp-content\/uploads\/2020\/06\/1_sketchbook_rojo.jpg","datePublished":"2020-08-14T15:08:56+00:00","dateModified":"2024-11-15T17:49:05+00:00","breadcrumb":{"@id":"https:\/\/evablanestaller.com\/es\/producte\/west-route-sketchbook\/#breadcrumb"},"inLanguage":"es","potentialAction":[{"@type":"ReadAction","target":["https:\/\/evablanestaller.com\/es\/producte\/west-route-sketchbook\/"]}]},{"@type":"ImageObject","inLanguage":"es","@id":"https:\/\/evablanestaller.com\/es\/producte\/west-route-sketchbook\/#primaryimage","url":"https:\/\/evablanestaller.com\/wp-content\/uploads\/2020\/06\/1_sketchbook_rojo.jpg","contentUrl":"https:\/\/evablanestaller.com\/wp-content\/uploads\/2020\/06\/1_sketchbook_rojo.jpg","width":1200,"height":1200},{"@type":"BreadcrumbList","@id":"https:\/\/evablanestaller.com\/es\/producte\/west-route-sketchbook\/#breadcrumb","itemListElement":[{"@type":"ListItem","position":1,"name":"Inici","item":"https:\/\/evablanestaller.com\/es\/"},{"@type":"ListItem","position":2,"name":"Botiga","item":"https:\/\/evablanestaller.com\/botiga\/"},{"@type":"ListItem","position":3,"name":"WEST ROUTE &#8211; Sketchbook"}]},{"@type":"WebSite","@id":"https:\/\/evablanestaller.com\/es\/#website","url":"https:\/\/evablanestaller.com\/es\/","name":"Eva Blanes Taller","description":"","potentialAction":[{"@type":"SearchAction","target":{"@type":"EntryPoint","urlTemplate":"https:\/\/evablanestaller.com\/es\/?s={search_term_string}"},"query-input":{"@type":"PropertyValueSpecification","valueRequired":true,"valueName":"search_term_string"}}],"inLanguage":"es"}]}},"_links":{"self":[{"href":"https:\/\/evablanestaller.com\/es\/wp-json\/wp\/v2\/product\/1977","targetHints":{"allow":["GET"]}}],"collection":[{"href":"https:\/\/evablanestaller.com\/es\/wp-json\/wp\/v2\/product"}],"about":[{"href":"https:\/\/evablanestaller.com\/es\/wp-json\/wp\/v2\/types\/product"}],"replies":[{"embeddable":true,"href":"https:\/\/evablanestaller.com\/es\/wp-json\/wp\/v2\/comments?post=1977"}],"wp:featuredmedia":[{"embeddable":true,"href":"https:\/\/evablanestaller.com\/es\/wp-json\/wp\/v2\/media\/1978"}],"wp:attachment":[{"href":"https:\/\/evablanestaller.com\/es\/wp-json\/wp\/v2\/media?parent=1977"}],"wp:term":[{"taxonomy":"product_brand","embeddable":true,"href":"https:\/\/evablanestaller.com\/es\/wp-json\/wp\/v2\/product_brand?post=1977"},{"taxonomy":"product_cat","embeddable":true,"href":"https:\/\/evablanestaller.com\/es\/wp-json\/wp\/v2\/product_cat?post=1977"},{"taxonomy":"product_tag","embeddable":true,"href":"https:\/\/evablanestaller.com\/es\/wp-json\/wp\/v2\/product_tag?post=1977"}],"curies":[{"name":"wp","href":"https:\/\/api.w.org\/{rel}","templated":true}]}}