{"id":2866,"date":"2023-06-27T11:36:10","date_gmt":"2023-06-27T09:36:10","guid":{"rendered":"https:\/\/evaproves.beringserveis.eu\/producte\/mastertast-de-vins-i-disseny\/"},"modified":"2024-06-08T23:50:21","modified_gmt":"2024-06-08T21:50:21","slug":"mastertast-de-vins-i-disseny","status":"publish","type":"product","link":"https:\/\/evablanestaller.com\/es\/producte\/mastertast-de-vins-i-disseny\/","title":{"rendered":"Cata de Vinos Ilustrada"},"content":{"rendered":"<p>En esta \u00abCata de vinos ilustrada\u00bb haremos una aproximaci\u00f3n informal y l\u00fadica al dise\u00f1o gr\u00e1fco y una cata de vinos muy especial.<\/p>\n","protected":false},"excerpt":{"rendered":"<p>Viernes 3 de mayo<\/p>\n<p>Foment vilanov\u00ed<\/p>\n<p>De 19: 00 h a 21.00 h<\/p>\n<p>En esta \u00abCata de vinos ilustrada\u00bb haremos una aproximaci\u00f3n informal y l\u00fadica al dise\u00f1o gr\u00e1fco y una cata de vinos. Una experiencia \u00fanica donde descubriremos los secretos que se esconden detr\u00e1s de cada botella de vino. A trav\u00e9s de las etiquetas aprenderemos nociones de color, composici\u00f3n y tipograf\u00eda. Un trayecto sinest\u00e9sico donde probaremos 4 vinos diferentes y nos adentraremos en sus aromas, en las variedades de uva, en su identidad visual y en su contexto geogr\u00e1fco y cultural.<\/p>\n<p>En este maridaje me acompa\u00f1ar\u00e1 Carles G\u00f3mez, amante de los vinos y la tierra, formado como sumiller en la Escuela de enoturismo de Vilafranca, en interiorismo en la Escuela Massana, cer\u00e1mica en la Escuela de la Bisbal y realizaci\u00f3n audiovisual en el IDEP<\/p>\n<p>Si vienes con un amigo\/a pod\u00e9is aplicaros el precio con descuento.<\/p>\n<p><span style=\"color: #ff6600;\">*Por motivos t\u00e9cnicos y provisionalmente hay que realizar la reserva y compra de esta actividad a trav\u00e9s de la versi\u00f3n <strong>BOTIGA<\/strong> web en catal\u00e1n. Muchas gracias.<\/span><\/p>\n","protected":false},"featured_media":2889,"comment_status":"open","ping_status":"closed","template":"","meta":[],"product_brand":[],"product_cat":[80],"product_tag":[],"class_list":{"0":"post-2866","1":"product","2":"type-product","3":"status-publish","4":"has-post-thumbnail","6":"product_cat-tallers-es","8":"first","9":"instock","10":"sale","11":"shipping-taxable","12":"purchasable","13":"product-type-variable"},"yoast_head":"<!-- This site is optimized with the Yoast SEO plugin v27.5 - https:\/\/yoast.com\/product\/yoast-seo-wordpress\/ -->\n<title>Cata de Vinos Ilustrada - Eva Blanes Taller<\/title>\n<meta name=\"robots\" content=\"index, follow, max-snippet:-1, max-image-preview:large, max-video-preview:-1\" \/>\n<link rel=\"canonical\" href=\"https:\/\/evablanestaller.com\/es\/producte\/mastertast-de-vins-i-disseny\/\" \/>\n<meta property=\"og:locale\" content=\"es_ES\" \/>\n<meta property=\"og:type\" content=\"article\" \/>\n<meta property=\"og:title\" content=\"Cata de Vinos Ilustrada - Eva Blanes Taller\" \/>\n<meta property=\"og:description\" content=\"Viernes 3 de mayo  Foment vilanov\u00ed  De 19: 00 h a 21.00 h  En esta &quot;Cata de vinos ilustrada&quot; haremos una aproximaci\u00f3n informal y l\u00fadica al dise\u00f1o gr\u00e1fco y una cata de vinos. Una experiencia \u00fanica donde descubriremos los secretos que se esconden detr\u00e1s de cada botella de vino. A trav\u00e9s de las etiquetas aprenderemos nociones de color, composici\u00f3n y tipograf\u00eda. Un trayecto sinest\u00e9sico donde probaremos 4 vinos diferentes y nos adentraremos en sus aromas, en las variedades de uva, en su identidad visual y en su contexto geogr\u00e1fco y cultural.  En este maridaje me acompa\u00f1ar\u00e1 Carles G\u00f3mez, amante de los vinos y la tierra, formado como sumiller en la Escuela de enoturismo de Vilafranca, en interiorismo en la Escuela Massana, cer\u00e1mica en la Escuela de la Bisbal y realizaci\u00f3n audiovisual en el IDEP  Si vienes con un amigo\/a pod\u00e9is aplicaros el precio con descuento.  *Por motivos t\u00e9cnicos y provisionalmente hay que realizar la reserva y compra de esta actividad a trav\u00e9s de la versi\u00f3n BOTIGA web en catal\u00e1n. Muchas gracias.\" \/>\n<meta property=\"og:url\" content=\"https:\/\/evablanestaller.com\/es\/producte\/mastertast-de-vins-i-disseny\/\" \/>\n<meta property=\"og:site_name\" content=\"Eva Blanes Taller\" \/>\n<meta property=\"article:modified_time\" content=\"2024-06-08T21:50:21+00:00\" \/>\n<meta property=\"og:image\" content=\"https:\/\/evablanestaller.com\/wp-content\/uploads\/2023\/06\/Mastertast-Vins-i-disseny.jpeg\" \/>\n\t<meta property=\"og:image:width\" content=\"2250\" \/>\n\t<meta property=\"og:image:height\" content=\"2250\" \/>\n\t<meta property=\"og:image:type\" content=\"image\/jpeg\" \/>\n<meta name=\"twitter:card\" content=\"summary_large_image\" \/>\n<meta name=\"twitter:label1\" content=\"Tiempo de lectura\" \/>\n\t<meta name=\"twitter:data1\" content=\"1 minuto\" \/>\n<script type=\"application\/ld+json\" class=\"yoast-schema-graph\">{\"@context\":\"https:\\\/\\\/schema.org\",\"@graph\":[{\"@type\":\"WebPage\",\"@id\":\"https:\\\/\\\/evablanestaller.com\\\/es\\\/producte\\\/mastertast-de-vins-i-disseny\\\/\",\"url\":\"https:\\\/\\\/evablanestaller.com\\\/es\\\/producte\\\/mastertast-de-vins-i-disseny\\\/\",\"name\":\"Cata de Vinos Ilustrada - Eva Blanes Taller\",\"isPartOf\":{\"@id\":\"https:\\\/\\\/evablanestaller.com\\\/es\\\/#website\"},\"primaryImageOfPage\":{\"@id\":\"https:\\\/\\\/evablanestaller.com\\\/es\\\/producte\\\/mastertast-de-vins-i-disseny\\\/#primaryimage\"},\"image\":{\"@id\":\"https:\\\/\\\/evablanestaller.com\\\/es\\\/producte\\\/mastertast-de-vins-i-disseny\\\/#primaryimage\"},\"thumbnailUrl\":\"https:\\\/\\\/evablanestaller.com\\\/wp-content\\\/uploads\\\/2023\\\/06\\\/Mastertast-Vins-i-disseny.jpeg\",\"datePublished\":\"2023-06-27T09:36:10+00:00\",\"dateModified\":\"2024-06-08T21:50:21+00:00\",\"breadcrumb\":{\"@id\":\"https:\\\/\\\/evablanestaller.com\\\/es\\\/producte\\\/mastertast-de-vins-i-disseny\\\/#breadcrumb\"},\"inLanguage\":\"es\",\"potentialAction\":[{\"@type\":\"ReadAction\",\"target\":[\"https:\\\/\\\/evablanestaller.com\\\/es\\\/producte\\\/mastertast-de-vins-i-disseny\\\/\"]}]},{\"@type\":\"ImageObject\",\"inLanguage\":\"es\",\"@id\":\"https:\\\/\\\/evablanestaller.com\\\/es\\\/producte\\\/mastertast-de-vins-i-disseny\\\/#primaryimage\",\"url\":\"https:\\\/\\\/evablanestaller.com\\\/wp-content\\\/uploads\\\/2023\\\/06\\\/Mastertast-Vins-i-disseny.jpeg\",\"contentUrl\":\"https:\\\/\\\/evablanestaller.com\\\/wp-content\\\/uploads\\\/2023\\\/06\\\/Mastertast-Vins-i-disseny.jpeg\",\"width\":2250,\"height\":2250},{\"@type\":\"BreadcrumbList\",\"@id\":\"https:\\\/\\\/evablanestaller.com\\\/es\\\/producte\\\/mastertast-de-vins-i-disseny\\\/#breadcrumb\",\"itemListElement\":[{\"@type\":\"ListItem\",\"position\":1,\"name\":\"Inici\",\"item\":\"https:\\\/\\\/evablanestaller.com\\\/es\\\/\"},{\"@type\":\"ListItem\",\"position\":2,\"name\":\"Botiga\",\"item\":\"https:\\\/\\\/evablanestaller.com\\\/botiga\\\/\"},{\"@type\":\"ListItem\",\"position\":3,\"name\":\"Cata de Vinos Ilustrada\"}]},{\"@type\":\"WebSite\",\"@id\":\"https:\\\/\\\/evablanestaller.com\\\/es\\\/#website\",\"url\":\"https:\\\/\\\/evablanestaller.com\\\/es\\\/\",\"name\":\"Eva Blanes Taller\",\"description\":\"\",\"potentialAction\":[{\"@type\":\"SearchAction\",\"target\":{\"@type\":\"EntryPoint\",\"urlTemplate\":\"https:\\\/\\\/evablanestaller.com\\\/es\\\/?s={search_term_string}\"},\"query-input\":{\"@type\":\"PropertyValueSpecification\",\"valueRequired\":true,\"valueName\":\"search_term_string\"}}],\"inLanguage\":\"es\"}]}<\/script>\n<!-- \/ Yoast SEO plugin. -->","yoast_head_json":{"title":"Cata de Vinos Ilustrada - Eva Blanes Taller","robots":{"index":"index","follow":"follow","max-snippet":"max-snippet:-1","max-image-preview":"max-image-preview:large","max-video-preview":"max-video-preview:-1"},"canonical":"https:\/\/evablanestaller.com\/es\/producte\/mastertast-de-vins-i-disseny\/","og_locale":"es_ES","og_type":"article","og_title":"Cata de Vinos Ilustrada - Eva Blanes Taller","og_description":"Viernes 3 de mayo  Foment vilanov\u00ed  De 19: 00 h a 21.00 h  En esta \"Cata de vinos ilustrada\" haremos una aproximaci\u00f3n informal y l\u00fadica al dise\u00f1o gr\u00e1fco y una cata de vinos. Una experiencia \u00fanica donde descubriremos los secretos que se esconden detr\u00e1s de cada botella de vino. A trav\u00e9s de las etiquetas aprenderemos nociones de color, composici\u00f3n y tipograf\u00eda. Un trayecto sinest\u00e9sico donde probaremos 4 vinos diferentes y nos adentraremos en sus aromas, en las variedades de uva, en su identidad visual y en su contexto geogr\u00e1fco y cultural.  En este maridaje me acompa\u00f1ar\u00e1 Carles G\u00f3mez, amante de los vinos y la tierra, formado como sumiller en la Escuela de enoturismo de Vilafranca, en interiorismo en la Escuela Massana, cer\u00e1mica en la Escuela de la Bisbal y realizaci\u00f3n audiovisual en el IDEP  Si vienes con un amigo\/a pod\u00e9is aplicaros el precio con descuento.  *Por motivos t\u00e9cnicos y provisionalmente hay que realizar la reserva y compra de esta actividad a trav\u00e9s de la versi\u00f3n BOTIGA web en catal\u00e1n. Muchas gracias.","og_url":"https:\/\/evablanestaller.com\/es\/producte\/mastertast-de-vins-i-disseny\/","og_site_name":"Eva Blanes Taller","article_modified_time":"2024-06-08T21:50:21+00:00","og_image":[{"width":2250,"height":2250,"url":"https:\/\/evablanestaller.com\/wp-content\/uploads\/2023\/06\/Mastertast-Vins-i-disseny.jpeg","type":"image\/jpeg"}],"twitter_card":"summary_large_image","twitter_misc":{"Tiempo de lectura":"1 minuto"},"schema":{"@context":"https:\/\/schema.org","@graph":[{"@type":"WebPage","@id":"https:\/\/evablanestaller.com\/es\/producte\/mastertast-de-vins-i-disseny\/","url":"https:\/\/evablanestaller.com\/es\/producte\/mastertast-de-vins-i-disseny\/","name":"Cata de Vinos Ilustrada - Eva Blanes Taller","isPartOf":{"@id":"https:\/\/evablanestaller.com\/es\/#website"},"primaryImageOfPage":{"@id":"https:\/\/evablanestaller.com\/es\/producte\/mastertast-de-vins-i-disseny\/#primaryimage"},"image":{"@id":"https:\/\/evablanestaller.com\/es\/producte\/mastertast-de-vins-i-disseny\/#primaryimage"},"thumbnailUrl":"https:\/\/evablanestaller.com\/wp-content\/uploads\/2023\/06\/Mastertast-Vins-i-disseny.jpeg","datePublished":"2023-06-27T09:36:10+00:00","dateModified":"2024-06-08T21:50:21+00:00","breadcrumb":{"@id":"https:\/\/evablanestaller.com\/es\/producte\/mastertast-de-vins-i-disseny\/#breadcrumb"},"inLanguage":"es","potentialAction":[{"@type":"ReadAction","target":["https:\/\/evablanestaller.com\/es\/producte\/mastertast-de-vins-i-disseny\/"]}]},{"@type":"ImageObject","inLanguage":"es","@id":"https:\/\/evablanestaller.com\/es\/producte\/mastertast-de-vins-i-disseny\/#primaryimage","url":"https:\/\/evablanestaller.com\/wp-content\/uploads\/2023\/06\/Mastertast-Vins-i-disseny.jpeg","contentUrl":"https:\/\/evablanestaller.com\/wp-content\/uploads\/2023\/06\/Mastertast-Vins-i-disseny.jpeg","width":2250,"height":2250},{"@type":"BreadcrumbList","@id":"https:\/\/evablanestaller.com\/es\/producte\/mastertast-de-vins-i-disseny\/#breadcrumb","itemListElement":[{"@type":"ListItem","position":1,"name":"Inici","item":"https:\/\/evablanestaller.com\/es\/"},{"@type":"ListItem","position":2,"name":"Botiga","item":"https:\/\/evablanestaller.com\/botiga\/"},{"@type":"ListItem","position":3,"name":"Cata de Vinos Ilustrada"}]},{"@type":"WebSite","@id":"https:\/\/evablanestaller.com\/es\/#website","url":"https:\/\/evablanestaller.com\/es\/","name":"Eva Blanes Taller","description":"","potentialAction":[{"@type":"SearchAction","target":{"@type":"EntryPoint","urlTemplate":"https:\/\/evablanestaller.com\/es\/?s={search_term_string}"},"query-input":{"@type":"PropertyValueSpecification","valueRequired":true,"valueName":"search_term_string"}}],"inLanguage":"es"}]}},"_links":{"self":[{"href":"https:\/\/evablanestaller.com\/es\/wp-json\/wp\/v2\/product\/2866","targetHints":{"allow":["GET"]}}],"collection":[{"href":"https:\/\/evablanestaller.com\/es\/wp-json\/wp\/v2\/product"}],"about":[{"href":"https:\/\/evablanestaller.com\/es\/wp-json\/wp\/v2\/types\/product"}],"replies":[{"embeddable":true,"href":"https:\/\/evablanestaller.com\/es\/wp-json\/wp\/v2\/comments?post=2866"}],"wp:featuredmedia":[{"embeddable":true,"href":"https:\/\/evablanestaller.com\/es\/wp-json\/wp\/v2\/media\/2889"}],"wp:attachment":[{"href":"https:\/\/evablanestaller.com\/es\/wp-json\/wp\/v2\/media?parent=2866"}],"wp:term":[{"taxonomy":"product_brand","embeddable":true,"href":"https:\/\/evablanestaller.com\/es\/wp-json\/wp\/v2\/product_brand?post=2866"},{"taxonomy":"product_cat","embeddable":true,"href":"https:\/\/evablanestaller.com\/es\/wp-json\/wp\/v2\/product_cat?post=2866"},{"taxonomy":"product_tag","embeddable":true,"href":"https:\/\/evablanestaller.com\/es\/wp-json\/wp\/v2\/product_tag?post=2866"}],"curies":[{"name":"wp","href":"https:\/\/api.w.org\/{rel}","templated":true}]}}