{"id":2874,"date":"2023-06-27T11:27:09","date_gmt":"2023-06-27T09:27:09","guid":{"rendered":"https:\/\/evaproves.beringserveis.eu\/producte\/taller-denquadernacio-japonesa\/"},"modified":"2025-06-06T06:53:54","modified_gmt":"2025-06-06T04:53:54","slug":"taller-denquadernacio-japonesa","status":"publish","type":"product","link":"https:\/\/evablanestaller.com\/es\/producte\/taller-denquadernacio-japonesa\/","title":{"rendered":"TALLER DE ENCUADERNACI\u00d3N JAPONESA"},"content":{"rendered":"<p>En este taller aprenderemos una t\u00e9cnica que ya se utilizaba en el antiguo Jap\u00f3n para encuadernar libros y manuscritos. Haremos un elegante conjunto formado por un cuaderno y un estuche desplegable para guardar nuestros escritos. Y os contar\u00e9 algunos procesos b\u00e1sicos del ofcio.<\/p>\n<p>Mientras dejamos las piezas en la prensa leeremos algunos fragmentos de la prosa po\u00e9tica de Sei Shonagon compartiendo un peque\u00f1o refrigerio.<\/p>\n","protected":false},"excerpt":{"rendered":"<p>1 sesi\u00f3n<\/p>\n<p>S\u00e1bado 1 de julio<br \/>\nDe 9 a 12:30 h<\/p>\n<p>Jueves 6 de julio<br \/>\n17.30 a 21 h<\/p>\n<p>En este taller aprenderemos una t\u00e9cnica que ya se utilizaba en el antiguo Jap\u00f3n para encuadernar libros y manuscritos. Haremos un elegante conjunto formado por un cuaderno y un estuche desplegable para guardar nuestros escritos. Y os contar\u00e9 algunos procesos b\u00e1sicos del ofcio.<\/p>\n<p>Mientras dejamos las piezas en la prensa leeremos algunos fragmentos de la prosa po\u00e9tica de Sei Shonagon compartiendo un peque\u00f1o refrigerio.<\/p>\n<p>Sei Sh\u014dnagon, escritora y cortesana japonesa del siglo X, es conocida por su obra \u00abMakura no S\u014dshi\u00bb o \u00abEl libro de cabecera\u00bb -cl\u00e1sico de la literatura japonesa-, una colecci\u00f3n de pensamientos \u00edntimos sobre la vida en la corte , el amor, la amistad, la naturaleza, el poder y la belleza.<\/p>\n<p>Descuento 10%: socios @AFAD @FAD, @donesdempresa @FEGP, amigos @viladelllibre @emaid.<\/p>\n<p>Si vienes con un amigo\/a tambi\u00e9n pod\u00e9is aplicaros el bono de descuento!<\/p>\n","protected":false},"featured_media":2893,"comment_status":"open","ping_status":"closed","template":"","meta":[],"product_brand":[],"product_cat":[80],"product_tag":[],"class_list":{"0":"post-2874","1":"product","2":"type-product","3":"status-publish","4":"has-post-thumbnail","6":"product_cat-tallers-es","8":"first","9":"instock","10":"sale","11":"shipping-taxable","12":"purchasable","13":"product-type-variable"},"yoast_head":"<!-- This site is optimized with the Yoast SEO plugin v27.5 - https:\/\/yoast.com\/product\/yoast-seo-wordpress\/ -->\n<title>TALLER DE ENCUADERNACI\u00d3N JAPONESA - Eva Blanes Taller<\/title>\n<meta name=\"robots\" content=\"index, follow, max-snippet:-1, max-image-preview:large, max-video-preview:-1\" \/>\n<link rel=\"canonical\" href=\"https:\/\/evablanestaller.com\/es\/producte\/taller-denquadernacio-japonesa\/\" \/>\n<meta property=\"og:locale\" content=\"es_ES\" \/>\n<meta property=\"og:type\" content=\"article\" \/>\n<meta property=\"og:title\" content=\"TALLER DE ENCUADERNACI\u00d3N JAPONESA - Eva Blanes Taller\" \/>\n<meta property=\"og:description\" content=\"1 sesi\u00f3n  S\u00e1bado 1 de julio De 9 a 12:30 h  Jueves 6 de julio 17.30 a 21 h  En este taller aprenderemos una t\u00e9cnica que ya se utilizaba en el antiguo Jap\u00f3n para encuadernar libros y manuscritos. Haremos un elegante conjunto formado por un cuaderno y un estuche desplegable para guardar nuestros escritos. Y os contar\u00e9 algunos procesos b\u00e1sicos del ofcio.  Mientras dejamos las piezas en la prensa leeremos algunos fragmentos de la prosa po\u00e9tica de Sei Shonagon compartiendo un peque\u00f1o refrigerio.  Sei Sh\u014dnagon, escritora y cortesana japonesa del siglo X, es conocida por su obra &quot;Makura no S\u014dshi&quot; o &quot;El libro de cabecera&quot; -cl\u00e1sico de la literatura japonesa-, una colecci\u00f3n de pensamientos \u00edntimos sobre la vida en la corte , el amor, la amistad, la naturaleza, el poder y la belleza.  Descuento 10%: socios @AFAD @FAD, @donesdempresa @FEGP, amigos @viladelllibre @emaid.  Si vienes con un amigo\/a tambi\u00e9n pod\u00e9is aplicaros el bono de descuento!\" \/>\n<meta property=\"og:url\" content=\"https:\/\/evablanestaller.com\/es\/producte\/taller-denquadernacio-japonesa\/\" \/>\n<meta property=\"og:site_name\" content=\"Eva Blanes Taller\" \/>\n<meta property=\"article:modified_time\" content=\"2025-06-06T04:53:54+00:00\" \/>\n<meta property=\"og:image\" content=\"https:\/\/evablanestaller.com\/wp-content\/uploads\/2023\/06\/Taller-enq-japonesa.jpeg\" \/>\n\t<meta property=\"og:image:width\" content=\"2250\" \/>\n\t<meta property=\"og:image:height\" content=\"2250\" \/>\n\t<meta property=\"og:image:type\" content=\"image\/jpeg\" \/>\n<meta name=\"twitter:card\" content=\"summary_large_image\" \/>\n<meta name=\"twitter:label1\" content=\"Tiempo de lectura\" \/>\n\t<meta name=\"twitter:data1\" content=\"1 minuto\" \/>\n<script type=\"application\/ld+json\" class=\"yoast-schema-graph\">{\"@context\":\"https:\\\/\\\/schema.org\",\"@graph\":[{\"@type\":\"WebPage\",\"@id\":\"https:\\\/\\\/evablanestaller.com\\\/es\\\/producte\\\/taller-denquadernacio-japonesa\\\/\",\"url\":\"https:\\\/\\\/evablanestaller.com\\\/es\\\/producte\\\/taller-denquadernacio-japonesa\\\/\",\"name\":\"TALLER DE ENCUADERNACI\u00d3N JAPONESA - Eva Blanes Taller\",\"isPartOf\":{\"@id\":\"https:\\\/\\\/evablanestaller.com\\\/es\\\/#website\"},\"primaryImageOfPage\":{\"@id\":\"https:\\\/\\\/evablanestaller.com\\\/es\\\/producte\\\/taller-denquadernacio-japonesa\\\/#primaryimage\"},\"image\":{\"@id\":\"https:\\\/\\\/evablanestaller.com\\\/es\\\/producte\\\/taller-denquadernacio-japonesa\\\/#primaryimage\"},\"thumbnailUrl\":\"https:\\\/\\\/evablanestaller.com\\\/wp-content\\\/uploads\\\/2023\\\/06\\\/Taller-enq-japonesa.jpeg\",\"datePublished\":\"2023-06-27T09:27:09+00:00\",\"dateModified\":\"2025-06-06T04:53:54+00:00\",\"breadcrumb\":{\"@id\":\"https:\\\/\\\/evablanestaller.com\\\/es\\\/producte\\\/taller-denquadernacio-japonesa\\\/#breadcrumb\"},\"inLanguage\":\"es\",\"potentialAction\":[{\"@type\":\"ReadAction\",\"target\":[\"https:\\\/\\\/evablanestaller.com\\\/es\\\/producte\\\/taller-denquadernacio-japonesa\\\/\"]}]},{\"@type\":\"ImageObject\",\"inLanguage\":\"es\",\"@id\":\"https:\\\/\\\/evablanestaller.com\\\/es\\\/producte\\\/taller-denquadernacio-japonesa\\\/#primaryimage\",\"url\":\"https:\\\/\\\/evablanestaller.com\\\/wp-content\\\/uploads\\\/2023\\\/06\\\/Taller-enq-japonesa.jpeg\",\"contentUrl\":\"https:\\\/\\\/evablanestaller.com\\\/wp-content\\\/uploads\\\/2023\\\/06\\\/Taller-enq-japonesa.jpeg\",\"width\":2250,\"height\":2250},{\"@type\":\"BreadcrumbList\",\"@id\":\"https:\\\/\\\/evablanestaller.com\\\/es\\\/producte\\\/taller-denquadernacio-japonesa\\\/#breadcrumb\",\"itemListElement\":[{\"@type\":\"ListItem\",\"position\":1,\"name\":\"Inici\",\"item\":\"https:\\\/\\\/evablanestaller.com\\\/es\\\/\"},{\"@type\":\"ListItem\",\"position\":2,\"name\":\"Botiga\",\"item\":\"https:\\\/\\\/evablanestaller.com\\\/botiga\\\/\"},{\"@type\":\"ListItem\",\"position\":3,\"name\":\"TALLER DE ENCUADERNACI\u00d3N JAPONESA\"}]},{\"@type\":\"WebSite\",\"@id\":\"https:\\\/\\\/evablanestaller.com\\\/es\\\/#website\",\"url\":\"https:\\\/\\\/evablanestaller.com\\\/es\\\/\",\"name\":\"Eva Blanes Taller\",\"description\":\"\",\"potentialAction\":[{\"@type\":\"SearchAction\",\"target\":{\"@type\":\"EntryPoint\",\"urlTemplate\":\"https:\\\/\\\/evablanestaller.com\\\/es\\\/?s={search_term_string}\"},\"query-input\":{\"@type\":\"PropertyValueSpecification\",\"valueRequired\":true,\"valueName\":\"search_term_string\"}}],\"inLanguage\":\"es\"}]}<\/script>\n<!-- \/ Yoast SEO plugin. -->","yoast_head_json":{"title":"TALLER DE ENCUADERNACI\u00d3N JAPONESA - Eva Blanes Taller","robots":{"index":"index","follow":"follow","max-snippet":"max-snippet:-1","max-image-preview":"max-image-preview:large","max-video-preview":"max-video-preview:-1"},"canonical":"https:\/\/evablanestaller.com\/es\/producte\/taller-denquadernacio-japonesa\/","og_locale":"es_ES","og_type":"article","og_title":"TALLER DE ENCUADERNACI\u00d3N JAPONESA - Eva Blanes Taller","og_description":"1 sesi\u00f3n  S\u00e1bado 1 de julio De 9 a 12:30 h  Jueves 6 de julio 17.30 a 21 h  En este taller aprenderemos una t\u00e9cnica que ya se utilizaba en el antiguo Jap\u00f3n para encuadernar libros y manuscritos. Haremos un elegante conjunto formado por un cuaderno y un estuche desplegable para guardar nuestros escritos. Y os contar\u00e9 algunos procesos b\u00e1sicos del ofcio.  Mientras dejamos las piezas en la prensa leeremos algunos fragmentos de la prosa po\u00e9tica de Sei Shonagon compartiendo un peque\u00f1o refrigerio.  Sei Sh\u014dnagon, escritora y cortesana japonesa del siglo X, es conocida por su obra \"Makura no S\u014dshi\" o \"El libro de cabecera\" -cl\u00e1sico de la literatura japonesa-, una colecci\u00f3n de pensamientos \u00edntimos sobre la vida en la corte , el amor, la amistad, la naturaleza, el poder y la belleza.  Descuento 10%: socios @AFAD @FAD, @donesdempresa @FEGP, amigos @viladelllibre @emaid.  Si vienes con un amigo\/a tambi\u00e9n pod\u00e9is aplicaros el bono de descuento!","og_url":"https:\/\/evablanestaller.com\/es\/producte\/taller-denquadernacio-japonesa\/","og_site_name":"Eva Blanes Taller","article_modified_time":"2025-06-06T04:53:54+00:00","og_image":[{"width":2250,"height":2250,"url":"https:\/\/evablanestaller.com\/wp-content\/uploads\/2023\/06\/Taller-enq-japonesa.jpeg","type":"image\/jpeg"}],"twitter_card":"summary_large_image","twitter_misc":{"Tiempo de lectura":"1 minuto"},"schema":{"@context":"https:\/\/schema.org","@graph":[{"@type":"WebPage","@id":"https:\/\/evablanestaller.com\/es\/producte\/taller-denquadernacio-japonesa\/","url":"https:\/\/evablanestaller.com\/es\/producte\/taller-denquadernacio-japonesa\/","name":"TALLER DE ENCUADERNACI\u00d3N JAPONESA - Eva Blanes Taller","isPartOf":{"@id":"https:\/\/evablanestaller.com\/es\/#website"},"primaryImageOfPage":{"@id":"https:\/\/evablanestaller.com\/es\/producte\/taller-denquadernacio-japonesa\/#primaryimage"},"image":{"@id":"https:\/\/evablanestaller.com\/es\/producte\/taller-denquadernacio-japonesa\/#primaryimage"},"thumbnailUrl":"https:\/\/evablanestaller.com\/wp-content\/uploads\/2023\/06\/Taller-enq-japonesa.jpeg","datePublished":"2023-06-27T09:27:09+00:00","dateModified":"2025-06-06T04:53:54+00:00","breadcrumb":{"@id":"https:\/\/evablanestaller.com\/es\/producte\/taller-denquadernacio-japonesa\/#breadcrumb"},"inLanguage":"es","potentialAction":[{"@type":"ReadAction","target":["https:\/\/evablanestaller.com\/es\/producte\/taller-denquadernacio-japonesa\/"]}]},{"@type":"ImageObject","inLanguage":"es","@id":"https:\/\/evablanestaller.com\/es\/producte\/taller-denquadernacio-japonesa\/#primaryimage","url":"https:\/\/evablanestaller.com\/wp-content\/uploads\/2023\/06\/Taller-enq-japonesa.jpeg","contentUrl":"https:\/\/evablanestaller.com\/wp-content\/uploads\/2023\/06\/Taller-enq-japonesa.jpeg","width":2250,"height":2250},{"@type":"BreadcrumbList","@id":"https:\/\/evablanestaller.com\/es\/producte\/taller-denquadernacio-japonesa\/#breadcrumb","itemListElement":[{"@type":"ListItem","position":1,"name":"Inici","item":"https:\/\/evablanestaller.com\/es\/"},{"@type":"ListItem","position":2,"name":"Botiga","item":"https:\/\/evablanestaller.com\/botiga\/"},{"@type":"ListItem","position":3,"name":"TALLER DE ENCUADERNACI\u00d3N JAPONESA"}]},{"@type":"WebSite","@id":"https:\/\/evablanestaller.com\/es\/#website","url":"https:\/\/evablanestaller.com\/es\/","name":"Eva Blanes Taller","description":"","potentialAction":[{"@type":"SearchAction","target":{"@type":"EntryPoint","urlTemplate":"https:\/\/evablanestaller.com\/es\/?s={search_term_string}"},"query-input":{"@type":"PropertyValueSpecification","valueRequired":true,"valueName":"search_term_string"}}],"inLanguage":"es"}]}},"_links":{"self":[{"href":"https:\/\/evablanestaller.com\/es\/wp-json\/wp\/v2\/product\/2874","targetHints":{"allow":["GET"]}}],"collection":[{"href":"https:\/\/evablanestaller.com\/es\/wp-json\/wp\/v2\/product"}],"about":[{"href":"https:\/\/evablanestaller.com\/es\/wp-json\/wp\/v2\/types\/product"}],"replies":[{"embeddable":true,"href":"https:\/\/evablanestaller.com\/es\/wp-json\/wp\/v2\/comments?post=2874"}],"wp:featuredmedia":[{"embeddable":true,"href":"https:\/\/evablanestaller.com\/es\/wp-json\/wp\/v2\/media\/2893"}],"wp:attachment":[{"href":"https:\/\/evablanestaller.com\/es\/wp-json\/wp\/v2\/media?parent=2874"}],"wp:term":[{"taxonomy":"product_brand","embeddable":true,"href":"https:\/\/evablanestaller.com\/es\/wp-json\/wp\/v2\/product_brand?post=2874"},{"taxonomy":"product_cat","embeddable":true,"href":"https:\/\/evablanestaller.com\/es\/wp-json\/wp\/v2\/product_cat?post=2874"},{"taxonomy":"product_tag","embeddable":true,"href":"https:\/\/evablanestaller.com\/es\/wp-json\/wp\/v2\/product_tag?post=2874"}],"curies":[{"name":"wp","href":"https:\/\/api.w.org\/{rel}","templated":true}]}}